{"id":3521,"date":"2019-05-07T20:11:39","date_gmt":"2019-05-07T20:11:39","guid":{"rendered":"https:\/\/industemp.com\/product\/pure-nickel-wire\/"},"modified":"2020-10-06T17:50:19","modified_gmt":"2020-10-06T17:50:19","slug":"pure-nickel-wire","status":"publish","type":"product","link":"https:\/\/industemp.com\/es\/producto\/pure-nickel-wire\/","title":{"rendered":"Pure nickel wire"},"content":{"rendered":"<p>El alambre de n\u00edquel se fabrica mediante un avanzado proceso de fusi\u00f3n al vac\u00edo y mediante forjado, laminado, recocido y estirado.<br \/>\nEs resistente a los \u00e1cidos y resistente a los \u00e1lcalis. Los productos se utilizan en aparatos el\u00e9ctricos y maquinaria qu\u00edmica.<\/p>\n<p>Di\u00e1metro del alambre de n\u00edquel: 0.05mm &#8212; 8.0mm<\/p>\n<p>Solicitud:<\/p>\n<ol>\n<li>Para recubrimiento al vac\u00edo<\/li>\n<li>Para la fabricaci\u00f3n de v\u00e1lvulas de rejilla, componentes internos de v\u00e1lvulas de vac\u00edo.<\/li>\n<li>Para hacer plomo, alambre de soporte.<\/li>\n<li>Para la producci\u00f3n de bater\u00edas<\/li>\n<\/ol>\n<p><img loading=\"lazy\" decoding=\"async\" class=\"alignnone size-full wp-image-6857\" src=\"https:\/\/industemp.com\/wp-content\/uploads\/PureNickelWire-tabla_1.png\" alt=\"\" width=\"960\" height=\"540\" srcset=\"https:\/\/industemp.com\/wp-content\/uploads\/PureNickelWire-tabla_1.png 960w, https:\/\/industemp.com\/wp-content\/uploads\/PureNickelWire-tabla_1-300x169.png 300w, https:\/\/industemp.com\/wp-content\/uploads\/PureNickelWire-tabla_1-768x432.png 768w, https:\/\/industemp.com\/wp-content\/uploads\/PureNickelWire-tabla_1-416x234.png 416w\" sizes=\"auto, (max-width: 960px) 100vw, 960px\" \/><\/p>\n","protected":false},"excerpt":{"rendered":"<p>Cantidad minima 10 KGS<br \/>\nTodos los tipos disponibles<br \/>\nTodas las medidas disponibles<\/p>\n","protected":false},"featured_media":3617,"template":"","meta":[],"product_brand":[],"product_cat":[87],"product_tag":[],"class_list":{"0":"post-3521","1":"product","2":"type-product","3":"status-publish","4":"has-post-thumbnail","6":"product_cat-alambre-de-resistencia","8":"first","9":"instock","10":"product-type-simple"},"_links":{"self":[{"href":"https:\/\/industemp.com\/es\/wp-json\/wp\/v2\/product\/3521","targetHints":{"allow":["GET"]}}],"collection":[{"href":"https:\/\/industemp.com\/es\/wp-json\/wp\/v2\/product"}],"about":[{"href":"https:\/\/industemp.com\/es\/wp-json\/wp\/v2\/types\/product"}],"wp:featuredmedia":[{"embeddable":true,"href":"https:\/\/industemp.com\/es\/wp-json\/wp\/v2\/media\/3617"}],"wp:attachment":[{"href":"https:\/\/industemp.com\/es\/wp-json\/wp\/v2\/media?parent=3521"}],"wp:term":[{"taxonomy":"product_brand","embeddable":true,"href":"https:\/\/industemp.com\/es\/wp-json\/wp\/v2\/product_brand?post=3521"},{"taxonomy":"product_cat","embeddable":true,"href":"https:\/\/industemp.com\/es\/wp-json\/wp\/v2\/product_cat?post=3521"},{"taxonomy":"product_tag","embeddable":true,"href":"https:\/\/industemp.com\/es\/wp-json\/wp\/v2\/product_tag?post=3521"}],"curies":[{"name":"wp","href":"https:\/\/api.w.org\/{rel}","templated":true}]}}