{"id":3522,"date":"2019-05-07T20:11:39","date_gmt":"2019-05-07T20:11:39","guid":{"rendered":"https:\/\/industemp.com\/product\/nickel-chrome-heating-tape\/"},"modified":"2020-10-06T15:29:04","modified_gmt":"2020-10-06T15:29:04","slug":"nickel-chrome-heating-tape","status":"publish","type":"product","link":"https:\/\/industemp.com\/es\/producto\/nickel-chrome-heating-tape\/","title":{"rendered":"Nickel Chrome Heating Tape"},"content":{"rendered":"<p>Cable de resistencia (cable de calefacci\u00f3n) utilizado a temperaturas de funcionamiento de hasta 1200. Su composici\u00f3n qu\u00edmica proporciona buena resistencia a la oxidaci\u00f3n, especialmente en condiciones de cambio frecuente o amplias fluctuaciones de temperatura.<\/p>\n<p>Las aplicaciones incluyen elementos de calefacci\u00f3n en aparatos dom\u00e9sticos e industriales y en resistencias de control.<\/p>\n<p>Los materiales de Ni-Cr son ampliamente utilizados en hornos el\u00e9ctricos industriales, electrodom\u00e9sticos y dispositivos de infrarrojo lejano Debido a su alta resistencia a la temperatura y fuerte plasticidad.<\/p>\n<p><img loading=\"lazy\" decoding=\"async\" class=\"alignnone size-full wp-image-6847\" src=\"https:\/\/industemp.com\/wp-content\/uploads\/NickelChromeHeatingTape-tabla_1ES.png\" alt=\"\" width=\"960\" height=\"540\" srcset=\"https:\/\/industemp.com\/wp-content\/uploads\/NickelChromeHeatingTape-tabla_1ES.png 960w, https:\/\/industemp.com\/wp-content\/uploads\/NickelChromeHeatingTape-tabla_1ES-300x169.png 300w, https:\/\/industemp.com\/wp-content\/uploads\/NickelChromeHeatingTape-tabla_1ES-768x432.png 768w, https:\/\/industemp.com\/wp-content\/uploads\/NickelChromeHeatingTape-tabla_1ES-416x234.png 416w\" sizes=\"auto, (max-width: 960px) 100vw, 960px\" \/><\/p>\n","protected":false},"excerpt":{"rendered":"<p>Cantidad minima 10 KGS<br \/>\nTodos los tipos disponibles<br \/>\nTodas las medidas disponibles<\/p>\n","protected":false},"featured_media":3492,"template":"","meta":[],"product_brand":[],"product_cat":[87],"product_tag":[],"class_list":{"0":"post-3522","1":"product","2":"type-product","3":"status-publish","4":"has-post-thumbnail","6":"product_cat-alambre-de-resistencia","8":"first","9":"instock","10":"product-type-simple"},"_links":{"self":[{"href":"https:\/\/industemp.com\/es\/wp-json\/wp\/v2\/product\/3522","targetHints":{"allow":["GET"]}}],"collection":[{"href":"https:\/\/industemp.com\/es\/wp-json\/wp\/v2\/product"}],"about":[{"href":"https:\/\/industemp.com\/es\/wp-json\/wp\/v2\/types\/product"}],"wp:featuredmedia":[{"embeddable":true,"href":"https:\/\/industemp.com\/es\/wp-json\/wp\/v2\/media\/3492"}],"wp:attachment":[{"href":"https:\/\/industemp.com\/es\/wp-json\/wp\/v2\/media?parent=3522"}],"wp:term":[{"taxonomy":"product_brand","embeddable":true,"href":"https:\/\/industemp.com\/es\/wp-json\/wp\/v2\/product_brand?post=3522"},{"taxonomy":"product_cat","embeddable":true,"href":"https:\/\/industemp.com\/es\/wp-json\/wp\/v2\/product_cat?post=3522"},{"taxonomy":"product_tag","embeddable":true,"href":"https:\/\/industemp.com\/es\/wp-json\/wp\/v2\/product_tag?post=3522"}],"curies":[{"name":"wp","href":"https:\/\/api.w.org\/{rel}","templated":true}]}}