{"id":3523,"date":"2019-05-07T20:11:39","date_gmt":"2019-05-07T20:11:39","guid":{"rendered":"https:\/\/industemp.com\/product\/fecral-resistance-wire\/"},"modified":"2020-10-01T14:37:23","modified_gmt":"2020-10-01T14:37:23","slug":"fecral-resistance-wire","status":"publish","type":"product","link":"https:\/\/industemp.com\/es\/producto\/fecral-resistance-wire\/","title":{"rendered":"FeCrAl Resistance Wire"},"content":{"rendered":"<p>La aleaci\u00f3n de alta resistencia el\u00e9ctrica de hierro y cromo tiene las caracter\u00edsticas de alta tasa de resistencia, Peque\u00f1o coeficiente de temperatura de resistencia y alta temperatura de uso. Tiene una buena resistencia a la corrosi\u00f3n. a alta temperatura, bajo precio y es particularmente adecuado para su uso en la atm\u00f3sfera de azufre y sulfuro, Por lo tanto, es un material de calefacci\u00f3n ideal para hornos industriales, electrodom\u00e9sticos y dispositivos de infrarrojo lejano. Principales caracter\u00edsticas de las aleaciones de alta resistencia y calefacci\u00f3n Fe-Cr-Al.<\/p>\n<p><img loading=\"lazy\" decoding=\"async\" class=\"alignnone size-full wp-image-6786\" src=\"https:\/\/industemp.com\/wp-content\/uploads\/FeCrAlResistenceWire-table.png\" alt=\"Alambre FeCrAl Resistence Wire table\" width=\"960\" height=\"540\" srcset=\"https:\/\/industemp.com\/wp-content\/uploads\/FeCrAlResistenceWire-table.png 960w, https:\/\/industemp.com\/wp-content\/uploads\/FeCrAlResistenceWire-table-300x169.png 300w, https:\/\/industemp.com\/wp-content\/uploads\/FeCrAlResistenceWire-table-768x432.png 768w, https:\/\/industemp.com\/wp-content\/uploads\/FeCrAlResistenceWire-table-416x234.png 416w\" sizes=\"auto, (max-width: 960px) 100vw, 960px\" \/><\/p>\n<div><\/div>\n","protected":false},"excerpt":{"rendered":"<p class=\"pro-this-prodBrief\">Cantidad minima 10 KGS<br \/>\nTodos los tipos disponibles<br \/>\nTodas las medidas disponibles<\/p>\n","protected":false},"featured_media":3619,"template":"","meta":[],"product_brand":[],"product_cat":[87],"product_tag":[],"class_list":{"0":"post-3523","1":"product","2":"type-product","3":"status-publish","4":"has-post-thumbnail","6":"product_cat-alambre-de-resistencia","8":"first","9":"instock","10":"product-type-simple"},"_links":{"self":[{"href":"https:\/\/industemp.com\/es\/wp-json\/wp\/v2\/product\/3523","targetHints":{"allow":["GET"]}}],"collection":[{"href":"https:\/\/industemp.com\/es\/wp-json\/wp\/v2\/product"}],"about":[{"href":"https:\/\/industemp.com\/es\/wp-json\/wp\/v2\/types\/product"}],"wp:featuredmedia":[{"embeddable":true,"href":"https:\/\/industemp.com\/es\/wp-json\/wp\/v2\/media\/3619"}],"wp:attachment":[{"href":"https:\/\/industemp.com\/es\/wp-json\/wp\/v2\/media?parent=3523"}],"wp:term":[{"taxonomy":"product_brand","embeddable":true,"href":"https:\/\/industemp.com\/es\/wp-json\/wp\/v2\/product_brand?post=3523"},{"taxonomy":"product_cat","embeddable":true,"href":"https:\/\/industemp.com\/es\/wp-json\/wp\/v2\/product_cat?post=3523"},{"taxonomy":"product_tag","embeddable":true,"href":"https:\/\/industemp.com\/es\/wp-json\/wp\/v2\/product_tag?post=3523"}],"curies":[{"name":"wp","href":"https:\/\/api.w.org\/{rel}","templated":true}]}}