{"id":3524,"date":"2019-05-07T20:11:39","date_gmt":"2019-05-07T20:11:39","guid":{"rendered":"https:\/\/industemp.com\/product\/manganin-wire\/"},"modified":"2020-10-06T15:14:20","modified_gmt":"2020-10-06T15:14:20","slug":"manganin-wire","status":"publish","type":"product","link":"https:\/\/industemp.com\/es\/producto\/manganin-wire\/","title":{"rendered":"Manganin wire"},"content":{"rendered":"<p>El alambre de aleaci\u00f3n de n\u00edquel-cobre se utiliza principalmente por su resistividad el\u00e9ctrica de rango medio y<br \/>\nmuy bajo coeficiente de resistencia a la temperatura.<\/p>\n<p>Las aplicaciones incluyen resistencias de potencia, derivaciones, termopares y resistencias de precisi\u00f3n de alambre enrollado con temperaturas de funcionamiento de hasta 400 grados.<\/p>\n<p>Principales actuaciones t\u00e9cnicas<\/p>\n<p><img loading=\"lazy\" decoding=\"async\" class=\"alignnone size-full wp-image-6842\" src=\"https:\/\/industemp.com\/wp-content\/uploads\/Manganin-wire-tabla_1ES.png\" alt=\"\" width=\"960\" height=\"540\" srcset=\"https:\/\/industemp.com\/wp-content\/uploads\/Manganin-wire-tabla_1ES.png 960w, https:\/\/industemp.com\/wp-content\/uploads\/Manganin-wire-tabla_1ES-300x169.png 300w, https:\/\/industemp.com\/wp-content\/uploads\/Manganin-wire-tabla_1ES-768x432.png 768w, https:\/\/industemp.com\/wp-content\/uploads\/Manganin-wire-tabla_1ES-416x234.png 416w\" sizes=\"auto, (max-width: 960px) 100vw, 960px\" \/><\/p>\n","protected":false},"excerpt":{"rendered":"<p>Cantidad minima 10 KGS<br \/>\nTodos los tipos disponibles<br \/>\nTodas las medidas disponibles<\/p>\n","protected":false},"featured_media":3621,"template":"","meta":[],"product_brand":[],"product_cat":[87],"product_tag":[],"class_list":{"0":"post-3524","1":"product","2":"type-product","3":"status-publish","4":"has-post-thumbnail","6":"product_cat-alambre-de-resistencia","8":"first","9":"instock","10":"product-type-simple"},"_links":{"self":[{"href":"https:\/\/industemp.com\/es\/wp-json\/wp\/v2\/product\/3524","targetHints":{"allow":["GET"]}}],"collection":[{"href":"https:\/\/industemp.com\/es\/wp-json\/wp\/v2\/product"}],"about":[{"href":"https:\/\/industemp.com\/es\/wp-json\/wp\/v2\/types\/product"}],"wp:featuredmedia":[{"embeddable":true,"href":"https:\/\/industemp.com\/es\/wp-json\/wp\/v2\/media\/3621"}],"wp:attachment":[{"href":"https:\/\/industemp.com\/es\/wp-json\/wp\/v2\/media?parent=3524"}],"wp:term":[{"taxonomy":"product_brand","embeddable":true,"href":"https:\/\/industemp.com\/es\/wp-json\/wp\/v2\/product_brand?post=3524"},{"taxonomy":"product_cat","embeddable":true,"href":"https:\/\/industemp.com\/es\/wp-json\/wp\/v2\/product_cat?post=3524"},{"taxonomy":"product_tag","embeddable":true,"href":"https:\/\/industemp.com\/es\/wp-json\/wp\/v2\/product_tag?post=3524"}],"curies":[{"name":"wp","href":"https:\/\/api.w.org\/{rel}","templated":true}]}}