{"id":3547,"date":"2019-05-07T20:13:23","date_gmt":"2019-05-07T20:13:23","guid":{"rendered":"https:\/\/industemp.com\/product\/cables-de-extension-para-termocuplas-luego-va-cada-codigo-6\/"},"modified":"2019-08-18T20:53:35","modified_gmt":"2019-08-18T20:53:35","slug":"jx-fg-sil-ssb-2x7-0-2","status":"publish","type":"product","link":"https:\/\/industemp.com\/es\/producto\/jx-fg-sil-ssb-2x7-0-2\/","title":{"rendered":"CABLES DE EXTENSION PARA TERMOCUPLAS  JX-FG\/SIL\/SSB-2\u00d77\/0.2"},"content":{"rendered":"<p>[vc_row][vc_column][vc_column_text text_larger=\u00bbno\u00bb]Cable de extensi\u00f3n de termopar tipo JX-FG \/ SIL -2 \u00d7 7 \/ 0.2mm<br \/>\nDescripci\u00f3n:<\/p>\n<p>1, SUJETO<br \/>\nEsta especificaci\u00f3n cubre los requisitos de fibra de vidrio con aislamiento, cubierta de caucho de silicona<br \/>\nCable de extensi\u00f3n para termopar, 2 \u00d7 24AWG, cable trenzado, tolerancia est\u00e1ndar y c\u00f3digo de color.<\/p>\n<p>2, CARACTERISTICAS TECNICAS<\/p>\n<p>&nbsp;<\/p>\n<p><img loading=\"lazy\" decoding=\"async\" class=\"alignnone size-full wp-image-4479\" src=\"https:\/\/industemp.com\/wp-content\/uploads\/2019\/05\/smartImg-1-1.png\" alt=\"\" width=\"452\" height=\"284\" srcset=\"https:\/\/industemp.com\/wp-content\/uploads\/2019\/05\/smartImg-1-1.png 452w, https:\/\/industemp.com\/wp-content\/uploads\/2019\/05\/smartImg-1-1-300x188.png 300w\" sizes=\"auto, (max-width: 452px) 100vw, 452px\" \/><\/p>\n<p>&nbsp;<\/p>\n<p>&nbsp;<\/p>\n<p>A.\u00a0Conductors:<br \/>\nStranded thermocouple extension wire<\/p>\n<p>&nbsp;<\/p>\n<div class=\"sliderTable mt10 mb10 sliderTable-index0\">\n<div class=\"inner\">\n<table border=\"1\" cellspacing=\"1\" cellpadding=\"1\">\n<tbody>\n<tr>\n<td>\u00a0 \u00a0 \u00a0 \u00a0Conductors Size(AWG)<\/td>\n<td>\u00a0 \u00a0 \u00a0 \u00a0NO.of Strands &amp;Gauge<\/td>\n<\/tr>\n<tr>\n<td>\u00a0 \u00a0 \u00a0 \u00a024<\/td>\n<td>\u00a0 \u00a0 \u00a0 \u00a07\/0.2mm<\/td>\n<\/tr>\n<\/tbody>\n<\/table>\n<p>&nbsp;<\/p>\n<\/div>\n<\/div>\n<p>B. Insulation:<br \/>\nBraided fiberglass (400\u00baC)<\/p>\n<p>&nbsp;<\/p>\n<div class=\"sliderTable mt10 mb10 sliderTable-index1\">\n<div class=\"inner\">\n<table border=\"1\" cellspacing=\"1\" cellpadding=\"1\">\n<tbody>\n<tr>\n<td>\u00a0 \u00a0 \u00a0 \u00a0Nominal Insulation Thickness<\/td>\n<td>\u00a0 \u00a0 \u00a0 \u00a00.20 mm\u00b10.2mm<\/td>\n<\/tr>\n<\/tbody>\n<\/table>\n<\/div>\n<\/div>\n<p>&nbsp;<\/p>\n<p>&nbsp;<\/p>\n<p>Color code:<\/p>\n<div class=\"sliderTable mt10 mb10 sliderTable-index2\">\n<div class=\"inner\">\n<table border=\"1\" cellspacing=\"1\" cellpadding=\"1\">\n<tbody>\n<tr>\n<td>\u00a0 \u00a0 \u00a0 \u00a0Positive<\/td>\n<td>\u00a0 \u00a0 \u00a0 \u00a0Color<\/td>\n<td>\u00a0 \u00a0 \u00a0 \u00a0Negative<\/td>\n<td>\u00a0 \u00a0 \u00a0 \u00a0Color<\/td>\n<\/tr>\n<tr>\n<td>\u00a0 \u00a0 \u00a0 \u00a0Iron<\/td>\n<td>\u00a0 \u00a0 \u00a0 \u00a0black<\/td>\n<td>\u00a0 \u00a0 \u00a0 \u00a0Constantan<\/td>\n<td>\u00a0 \u00a0 \u00a0 \u00a0white<\/td>\n<\/tr>\n<\/tbody>\n<\/table>\n<p>&nbsp;<\/p>\n<\/div>\n<\/div>\n<p>C. Assembly:<br \/>\nTwo conductors (positive and negative) parallel construction.<\/p>\n<p>D.\u00a0Overall Jacket<br \/>\nSilicone rubber ( 200\u2103)<\/p>\n<p>&nbsp;<\/p>\n<div class=\"sliderTable mt10 mb10 sliderTable-index3\">\n<div class=\"inner\">\n<table border=\"1\" cellspacing=\"1\" cellpadding=\"1\">\n<tbody>\n<tr>\n<td>\u00a0 \u00a0 \u00a0 \u00a0Nominal Sheath Thickness<\/td>\n<td>\u00a0 \u00a0 \u00a0 \u00a01.0mm\u00b10.2mm<\/td>\n<\/tr>\n<tr>\n<td>\u00a0 \u00a0 \u00a0 \u00a0Color code<\/td>\n<td>\u00a0 \u00a0 \u00a0 \u00a0Blue<\/td>\n<\/tr>\n<\/tbody>\n<\/table>\n<p>&nbsp;<\/p>\n<\/div>\n<\/div>\n<p>3, DIMENSIONS AND TOLERANCES<\/p>\n<p>&nbsp;<\/p>\n<div class=\"sliderTable mt10 mb10 sliderTable-index4\">\n<div class=\"inner\">\n<table border=\"1\" cellspacing=\"1\" cellpadding=\"1\">\n<tbody>\n<tr>\n<td>\u00a0 \u00a0 \u00a0 \u00a0Dimensions\/tolerances(mm)<\/td>\n<td>\u00a0 \u00a0 \u00a0 \u00a0\u00d84.1\u00b10.2<\/td>\n<\/tr>\n<\/tbody>\n<\/table>\n<p>&nbsp;<\/p>\n<\/div>\n<\/div>\n<p>4, CALIBRATION TOLERANCE<\/p>\n<p>&nbsp;<\/p>\n<div class=\"sliderTable mt10 mb10 sliderTable-index5\">\n<div class=\"inner\">\n<table border=\"1\" cellspacing=\"1\" cellpadding=\"1\">\n<tbody>\n<tr>\n<td>\u00a0 \u00a0 \u00a0 \u00a0Temperature range<\/td>\n<td>\u00a0 \u00a0 \u00a0 \u00a0Standard tolerance<\/td>\n<td>\u00a0 \u00a0 \u00a0 \u00a0Special tolerance<\/td>\n<\/tr>\n<tr>\n<td>\u00a0 \u00a0 \u00a0 \u00a00\u2103 to 400\u2103<\/td>\n<td>\u00a0 \u00a0 \u00a0 \u00a0\u00b12.2\u2103 or 0.75%<\/td>\n<td>\u00a0 \u00a0 \u00a0 \u00a0\u00b11.1\u2103 or 0.4%<\/td>\n<\/tr>\n<\/tbody>\n<\/table>\n<p>&nbsp;<\/p>\n<\/div>\n<\/div>\n<p>Tipo de cable de extensi\u00f3n de termopar disponible: KX, JX, TX, EX, NX, RX, SX y otros compensadores<br \/>\ncable como KCA, KCB y as\u00ed sucesivamente.<br \/>\nAdem\u00e1s de esos cables, tambi\u00e9n podemos producir de acuerdo a su demanda.<\/p>\n<p>Tabla de c\u00f3digos de colores<\/p>\n<p><img loading=\"lazy\" decoding=\"async\" class=\"alignnone size-full wp-image-4468\" src=\"https:\/\/industemp.com\/wp-content\/uploads\/2019\/05\/smartImg-1.png\" alt=\"\" width=\"504\" height=\"452\" srcset=\"https:\/\/industemp.com\/wp-content\/uploads\/2019\/05\/smartImg-1.png 504w, https:\/\/industemp.com\/wp-content\/uploads\/2019\/05\/smartImg-1-300x269.png 300w\" sizes=\"auto, (max-width: 504px) 100vw, 504px\" \/>[\/vc_column_text][\/vc_column][\/vc_row]<\/p>\n","protected":false},"excerpt":{"rendered":"<p>MOQ: 500m<br \/>\nAll sizes available<br \/>\nCustomization available<\/p>\n","protected":false},"featured_media":4481,"template":"","meta":[],"product_brand":[],"product_cat":[91],"product_tag":[],"class_list":{"0":"post-3547","1":"product","2":"type-product","3":"status-publish","4":"has-post-thumbnail","6":"product_cat-cables-de-extension-para-termocuplas","8":"first","9":"instock","10":"product-type-simple"},"_links":{"self":[{"href":"https:\/\/industemp.com\/es\/wp-json\/wp\/v2\/product\/3547","targetHints":{"allow":["GET"]}}],"collection":[{"href":"https:\/\/industemp.com\/es\/wp-json\/wp\/v2\/product"}],"about":[{"href":"https:\/\/industemp.com\/es\/wp-json\/wp\/v2\/types\/product"}],"wp:featuredmedia":[{"embeddable":true,"href":"https:\/\/industemp.com\/es\/wp-json\/wp\/v2\/media\/4481"}],"wp:attachment":[{"href":"https:\/\/industemp.com\/es\/wp-json\/wp\/v2\/media?parent=3547"}],"wp:term":[{"taxonomy":"product_brand","embeddable":true,"href":"https:\/\/industemp.com\/es\/wp-json\/wp\/v2\/product_brand?post=3547"},{"taxonomy":"product_cat","embeddable":true,"href":"https:\/\/industemp.com\/es\/wp-json\/wp\/v2\/product_cat?post=3547"},{"taxonomy":"product_tag","embeddable":true,"href":"https:\/\/industemp.com\/es\/wp-json\/wp\/v2\/product_tag?post=3547"}],"curies":[{"name":"wp","href":"https:\/\/api.w.org\/{rel}","templated":true}]}}