{"id":3557,"date":"2019-05-07T20:15:34","date_gmt":"2019-05-07T20:15:34","guid":{"rendered":"https:\/\/industemp.com\/product\/cables-de-extension-para-termocuplas-luego-va-cada-codigo-13\/"},"modified":"2019-08-18T20:39:48","modified_gmt":"2019-08-18T20:39:48","slug":"kx-pfa-pfa-27-0-2","status":"publish","type":"product","link":"https:\/\/industemp.com\/es\/producto\/kx-pfa-pfa-27-0-2\/","title":{"rendered":"CABLES DE EXTENSION PARA TERMOCUPLAS  KX-PFA\/PFA-2*7\/0.2"},"content":{"rendered":"<p>[vc_row][vc_column][vc_column_text text_larger=\u00bbno\u00bb]Cable de extensi\u00f3n de termopar tipo KX-PFA \/ PFA-2 \u00d7 7 \/ 0.2mm &#8211; ANSI<br \/>\nDescripci\u00f3n:<\/p>\n<p>1, SUJETO<br \/>\nEsta especificaci\u00f3n cubre los requisitos de aislamiento de PFA, termopar con revestimiento de PFA<br \/>\ncable de extensi\u00f3n, tipo KX, 2 \u00d7 7 \/ 0.2mm, cable trenzado, tolerancia est\u00e1ndar y c\u00f3digo de color seg\u00fan ANSI.<\/p>\n<p>2, CARACTERISTICAS TECNICAS<\/p>\n<p>&nbsp;<\/p>\n<p><img loading=\"lazy\" decoding=\"async\" class=\"alignnone size-full wp-image-4447\" src=\"https:\/\/industemp.com\/wp-content\/uploads\/2019\/05\/smartImg-10.jpg\" alt=\"\" width=\"302\" height=\"174\" srcset=\"https:\/\/industemp.com\/wp-content\/uploads\/2019\/05\/smartImg-10.jpg 302w, https:\/\/industemp.com\/wp-content\/uploads\/2019\/05\/smartImg-10-300x173.jpg 300w\" sizes=\"auto, (max-width: 302px) 100vw, 302px\" \/><\/p>\n<p>&nbsp;<\/p>\n<p>A.\u00a0Conductors:<br \/>\nStranded thermocouple extension wire<\/p>\n<div class=\"sliderTable mt10 mb10 sliderTable-index0\">\n<div class=\"inner\">\n<table border=\"1\" cellspacing=\"1\" cellpadding=\"1\">\n<tbody>\n<tr>\n<td>\u00a0 \u00a0 \u00a0 \u00a0Conductors Size(AWG)<\/td>\n<td>\u00a0 \u00a0 \u00a0 \u00a0NO.of Strands &amp;Gauge<\/td>\n<\/tr>\n<tr>\n<td>\u00a0 \u00a0 \u00a0 \u00a024<\/td>\n<td>\u00a0 \u00a0 \u00a0 \u00a07\/0.2mm<\/td>\n<\/tr>\n<\/tbody>\n<\/table>\n<p>&nbsp;<\/p>\n<\/div>\n<\/div>\n<p>B. Insulation:<br \/>\nExtruded PFA(260\u2103)<\/p>\n<p>&nbsp;<\/p>\n<div class=\"sliderTable mt10 mb10 sliderTable-index1\">\n<div class=\"inner\">\n<table border=\"1\" cellspacing=\"1\" cellpadding=\"1\">\n<tbody>\n<tr>\n<td>\u00a0 \u00a0 \u00a0 \u00a0Nominal Insulation Thickness<\/td>\n<td>\u00a0 \u00a0 \u00a0 \u00a00.26mm\u00b10.2<\/td>\n<\/tr>\n<\/tbody>\n<\/table>\n<p>&nbsp;<\/p>\n<\/div>\n<\/div>\n<p>Color code<\/p>\n<div class=\"sliderTable mt10 mb10 sliderTable-index2\">\n<div class=\"inner\">\n<p>&nbsp;<\/p>\n<table border=\"1\" cellspacing=\"1\" cellpadding=\"1\">\n<tbody>\n<tr>\n<td>\u00a0 \u00a0 \u00a0 \u00a0Positive<\/td>\n<td>\u00a0 \u00a0 \u00a0 \u00a0Color<\/td>\n<td>\u00a0 \u00a0 \u00a0 \u00a0Negative<\/td>\n<td>\u00a0 \u00a0 \u00a0 \u00a0Color<\/td>\n<\/tr>\n<tr>\n<td>\u00a0 \u00a0 \u00a0 \u00a0Chromel<\/td>\n<td>\u00a0 \u00a0 \u00a0 \u00a0Yellow<\/td>\n<td>\u00a0 \u00a0 \u00a0 \u00a0Alumel<\/td>\n<td>\u00a0 \u00a0 \u00a0 \u00a0Red<\/td>\n<\/tr>\n<\/tbody>\n<\/table>\n<p>&nbsp;<\/p>\n<\/div>\n<\/div>\n<p>C. Assembly:<br \/>\nTwo conductors (positive and negative) parallel construction.<\/p>\n<p>D.\u00a0Overall Jacket<br \/>\nExtruded PFA(260\u2103)<\/p>\n<p>&nbsp;<\/p>\n<div class=\"sliderTable mt10 mb10 sliderTable-index3\">\n<div class=\"inner\">\n<table border=\"1\" cellspacing=\"1\" cellpadding=\"1\">\n<tbody>\n<tr>\n<td>\u00a0 \u00a0 \u00a0 \u00a0Nominal Sheath Thickness<\/td>\n<td>\u00a0 \u00a0 \u00a0 \u00a00.35mm\u00b10.2<\/td>\n<\/tr>\n<tr>\n<td>\u00a0 \u00a0 \u00a0 \u00a0Color code<\/td>\n<td>\u00a0 \u00a0 \u00a0 \u00a0Brown<\/td>\n<\/tr>\n<\/tbody>\n<\/table>\n<p>&nbsp;<\/p>\n<\/div>\n<\/div>\n<p>3, DIMENSIONS AND TOLERANCES<\/p>\n<p>&nbsp;<\/p>\n<div class=\"sliderTable mt10 mb10 sliderTable-index4\">\n<div class=\"inner\">\n<table border=\"1\" cellspacing=\"1\" cellpadding=\"1\">\n<tbody>\n<tr>\n<td>\u00a0 \u00a0 \u00a0 \u00a0Dimensions\/tolerances(mm)<\/td>\n<td>\u00a0 \u00a0 \u00a0 \u00a01.62\u00b10.2*2.72\u00b10.2<\/td>\n<\/tr>\n<\/tbody>\n<\/table>\n<p>&nbsp;<\/p>\n<\/div>\n<\/div>\n<p>4, CALIBRATION TOLERANCE<\/p>\n<p>&nbsp;<\/p>\n<div class=\"sliderTable mt10 mb10 sliderTable-index5\">\n<div class=\"inner\">\n<table border=\"1\" cellspacing=\"1\" cellpadding=\"1\">\n<tbody>\n<tr>\n<td>\u00a0 \u00a0 \u00a0 \u00a0Temperature range<\/td>\n<td>\u00a0 \u00a0 \u00a0 \u00a0Standard tolerance<\/td>\n<td>\u00a0 \u00a0 \u00a0 \u00a0Special tolerance<\/td>\n<\/tr>\n<tr>\n<td>\u00a0 \u00a0 \u00a0 \u00a00\u00ba to 300\u00baC<\/td>\n<td>\u00a0 \u00a0 \u00a0 \u00a0\u00b12.2\u2103 or 0.75%<\/td>\n<td>\u00a0 \u00a0 \u00a0 \u00a0\u00b11.1\u2103 or 0.4%<\/td>\n<\/tr>\n<\/tbody>\n<\/table>\n<\/div>\n<p>&nbsp;<\/p>\n<p>Tipo de cable de extensi\u00f3n de termopar disponible: KX, JX, TX, EX, NX, RX, SX y otros<br \/>\nCable de compensaci\u00f3n como KCA, KCB y as\u00ed sucesivamente.<br \/>\nAdem\u00e1s de esos cables, tambi\u00e9n podemos producir de acuerdo a su demanda.<\/p>\n<p>Tabla de c\u00f3digos de colores<\/p>\n<\/div>\n<p><img loading=\"lazy\" decoding=\"async\" class=\"alignnone size-full wp-image-4432\" src=\"https:\/\/industemp.com\/wp-content\/uploads\/2019\/05\/smartImg.png\" alt=\"\" width=\"504\" height=\"452\" srcset=\"https:\/\/industemp.com\/wp-content\/uploads\/2019\/05\/smartImg.png 504w, https:\/\/industemp.com\/wp-content\/uploads\/2019\/05\/smartImg-300x269.png 300w\" sizes=\"auto, (max-width: 504px) 100vw, 504px\" \/>[\/vc_column_text][\/vc_column][\/vc_row]<\/p>\n","protected":false},"excerpt":{"rendered":"<p>MOQ: 500m<br \/>\nAll sizes available<br \/>\nCustomization available<\/p>\n","protected":false},"featured_media":4502,"template":"","meta":[],"product_brand":[],"product_cat":[91],"product_tag":[],"class_list":{"0":"post-3557","1":"product","2":"type-product","3":"status-publish","4":"has-post-thumbnail","6":"product_cat-cables-de-extension-para-termocuplas","8":"first","9":"instock","10":"product-type-simple"},"_links":{"self":[{"href":"https:\/\/industemp.com\/es\/wp-json\/wp\/v2\/product\/3557","targetHints":{"allow":["GET"]}}],"collection":[{"href":"https:\/\/industemp.com\/es\/wp-json\/wp\/v2\/product"}],"about":[{"href":"https:\/\/industemp.com\/es\/wp-json\/wp\/v2\/types\/product"}],"wp:featuredmedia":[{"embeddable":true,"href":"https:\/\/industemp.com\/es\/wp-json\/wp\/v2\/media\/4502"}],"wp:attachment":[{"href":"https:\/\/industemp.com\/es\/wp-json\/wp\/v2\/media?parent=3557"}],"wp:term":[{"taxonomy":"product_brand","embeddable":true,"href":"https:\/\/industemp.com\/es\/wp-json\/wp\/v2\/product_brand?post=3557"},{"taxonomy":"product_cat","embeddable":true,"href":"https:\/\/industemp.com\/es\/wp-json\/wp\/v2\/product_cat?post=3557"},{"taxonomy":"product_tag","embeddable":true,"href":"https:\/\/industemp.com\/es\/wp-json\/wp\/v2\/product_tag?post=3557"}],"curies":[{"name":"wp","href":"https:\/\/api.w.org\/{rel}","templated":true}]}}