{"id":3558,"date":"2019-05-07T20:15:34","date_gmt":"2019-05-07T20:15:34","guid":{"rendered":"https:\/\/industemp.com\/product\/cables-de-extension-para-termocuplas-luego-va-cada-codigo-14\/"},"modified":"2019-08-18T20:42:03","modified_gmt":"2019-08-18T20:42:03","slug":"kx-pvc-screen-pvc-27-0-2-2","status":"publish","type":"product","link":"https:\/\/industemp.com\/es\/producto\/kx-pvc-screen-pvc-27-0-2-2\/","title":{"rendered":"CABLES DE EXTENSION PARA TERMOCUPLAS   KX-PVC\/SCREEN\/PVC-2*7\/0.2"},"content":{"rendered":"<p>[vc_row][vc_column][vc_column_text text_larger=\u00bbno\u00bb]Cable de extensi\u00f3n de termopar tipo KX-PVC \/ PANTALLA \/ PVC-2 * 7 \/ 0.2mm-IEC<\/p>\n<p>1, SUJETO<br \/>\nEsta especificaci\u00f3n cubre los requisitos para el cable de extensi\u00f3n de termopar con aislamiento de PVC con<br \/>\ntrenzado de acero inoxidable, tipo KX, 2 \u00d7 7 \/ 0.2mm, cable trenzado, tolerancia est\u00e1ndar y c\u00f3digo de color seg\u00fan IEC.<\/p>\n<p>2, CARACTERISTICAS TECNICAS<\/p>\n<p>&nbsp;<\/p>\n<p><img loading=\"lazy\" decoding=\"async\" class=\"alignnone size-full wp-image-4454\" src=\"https:\/\/industemp.com\/wp-content\/uploads\/2019\/05\/smartImg-11.jpg\" alt=\"\" width=\"420\" height=\"177\" srcset=\"https:\/\/industemp.com\/wp-content\/uploads\/2019\/05\/smartImg-11.jpg 420w, https:\/\/industemp.com\/wp-content\/uploads\/2019\/05\/smartImg-11-300x126.jpg 300w\" sizes=\"auto, (max-width: 420px) 100vw, 420px\" \/><\/p>\n<p>&nbsp;<\/p>\n<p>A.\u00a0Conductors:<br \/>\nStranded thermocouple extension wire<\/p>\n<p>&nbsp;<\/p>\n<div class=\"sliderTable mt10 mb10 sliderTable-index0\">\n<div class=\"inner\">\n<table border=\"1\" cellspacing=\"1\" cellpadding=\"1\">\n<tbody>\n<tr>\n<td>\u00a0 \u00a0 \u00a0 \u00a0Conductors Size(AWG)<\/td>\n<td>\u00a0 \u00a0 \u00a0 \u00a0NO.of Strands &amp;Gauge<\/td>\n<\/tr>\n<tr>\n<td>\u00a0 \u00a0 \u00a0 \u00a024<\/td>\n<td>\u00a0 \u00a0 \u00a0 \u00a07\/0.2mm<\/td>\n<\/tr>\n<\/tbody>\n<\/table>\n<p>&nbsp;<\/p>\n<\/div>\n<\/div>\n<p>B. Insulation:<br \/>\nExtruded PVC (105\u2103)<\/p>\n<p>&nbsp;<\/p>\n<div class=\"sliderTable mt10 mb10 sliderTable-index1\">\n<div class=\"inner\">\n<table border=\"1\" cellspacing=\"1\" cellpadding=\"1\">\n<tbody>\n<tr>\n<td>\u00a0 \u00a0 \u00a0 \u00a0Nominal Insulation Thickness<\/td>\n<td>\u00a0 \u00a0 \u00a0 \u00a00.30mm\u00b10.2<\/td>\n<\/tr>\n<\/tbody>\n<\/table>\n<p>&nbsp;<\/p>\n<\/div>\n<\/div>\n<p>Color code-IEC<\/p>\n<p>&nbsp;<\/p>\n<div class=\"sliderTable mt10 mb10 sliderTable-index2\">\n<div class=\"inner\">\n<table border=\"1\" cellspacing=\"1\" cellpadding=\"1\">\n<tbody>\n<tr>\n<td>\u00a0 \u00a0 \u00a0 \u00a0Positive<\/td>\n<td>\u00a0 \u00a0 \u00a0 \u00a0Color<\/td>\n<td>\u00a0 \u00a0 \u00a0 \u00a0Negative<\/td>\n<td>\u00a0 \u00a0 \u00a0 \u00a0Color<\/td>\n<\/tr>\n<tr>\n<td>\u00a0 \u00a0 \u00a0 \u00a0Chromel<\/td>\n<td>\u00a0 \u00a0 \u00a0 \u00a0Green<\/td>\n<td>\u00a0 \u00a0 \u00a0 \u00a0Alumel<\/td>\n<td>\u00a0 \u00a0 \u00a0 \u00a0White<\/td>\n<\/tr>\n<\/tbody>\n<\/table>\n<p>&nbsp;<\/p>\n<\/div>\n<\/div>\n<p>C. Assembly:<br \/>\nTwo conductors (positive and negative) parallel construction.<\/p>\n<p>D.\u00a0Metal Overbraid<br \/>\nStainless steel round wire braid,\u00a085% minimum coverage<\/p>\n<p>E.\u00a0Overall Jacket<br \/>\nExtruded PVC(105\u00b0C)<\/p>\n<p>&nbsp;<\/p>\n<div class=\"sliderTable mt10 mb10 sliderTable-index3\">\n<div class=\"inner\">\n<table border=\"1\" cellspacing=\"1\" cellpadding=\"1\">\n<tbody>\n<tr>\n<td>\u00a0 \u00a0 \u00a0 \u00a0Nominal Sheath Thickness<\/td>\n<td>\u00a0 \u00a0 \u00a0 \u00a00.65mm\u00b10.2<\/td>\n<\/tr>\n<tr>\n<td>\u00a0 \u00a0 \u00a0 \u00a0Color code<\/td>\n<td>\u00a0 \u00a0 \u00a0 \u00a0Green<\/td>\n<\/tr>\n<\/tbody>\n<\/table>\n<p>&nbsp;<\/p>\n<\/div>\n<\/div>\n<p>3, DIMENSIONS AND TOLERANCES<\/p>\n<p>&nbsp;<\/p>\n<div class=\"sliderTable mt10 mb10 sliderTable-index4\">\n<div class=\"inner\">\n<table border=\"1\" cellspacing=\"1\" cellpadding=\"1\">\n<tbody>\n<tr>\n<td>\u00a0 \u00a0 \u00a0 \u00a0Dimensions\/tolerances(mm)<\/td>\n<td>\u00a0 \u00a0 \u00a0 \u00a0\u00d83.80\u00b10.2<\/td>\n<\/tr>\n<\/tbody>\n<\/table>\n<p>&nbsp;<\/p>\n<\/div>\n<\/div>\n<p>4, CALIBRATION TOLERANCE<\/p>\n<p>&nbsp;<\/p>\n<div class=\"sliderTable mt10 mb10 sliderTable-index5\">\n<div class=\"inner\">\n<table border=\"1\" cellspacing=\"1\" cellpadding=\"1\">\n<tbody>\n<tr>\n<td>\u00a0 \u00a0 \u00a0 \u00a0Temperature range<\/td>\n<td>\u00a0 \u00a0 \u00a0 \u00a0Standard tolerance<\/td>\n<td>\u00a0 \u00a0 \u00a0 \u00a0Special tolerance<\/td>\n<\/tr>\n<tr>\n<td>\u00a0 \u00a0 \u00a0 \u00a00\u00ba to 300\u00baC<\/td>\n<td>\u00a0 \u00a0 \u00a0 \u00a0\u00b12.2\u2103 or 0.75%<\/td>\n<td>\u00a0 \u00a0 \u00a0 \u00a0\u00b11.1\u2103 or 0.4%<\/td>\n<\/tr>\n<\/tbody>\n<\/table>\n<p>&nbsp;<\/p>\n<\/div>\n<p>Tipo de cable de extensi\u00f3n de termopar disponible: KX, JX, TX, EX, NX, RX, SX y otros<br \/>\nCable de compensaci\u00f3n como KCA, KCB y as\u00ed sucesivamente.<br \/>\nAdem\u00e1s de esos cables, tambi\u00e9n podemos producir de acuerdo a su demanda.<\/p>\n<p>Tabla de c\u00f3digos de colores<\/p>\n<\/div>\n<p><img loading=\"lazy\" decoding=\"async\" class=\"alignnone size-full wp-image-4432\" src=\"https:\/\/industemp.com\/wp-content\/uploads\/2019\/05\/smartImg.png\" alt=\"\" width=\"504\" height=\"452\" srcset=\"https:\/\/industemp.com\/wp-content\/uploads\/2019\/05\/smartImg.png 504w, https:\/\/industemp.com\/wp-content\/uploads\/2019\/05\/smartImg-300x269.png 300w\" sizes=\"auto, (max-width: 504px) 100vw, 504px\" \/>[\/vc_column_text][\/vc_column][\/vc_row]<\/p>\n","protected":false},"excerpt":{"rendered":"<p>MOQ: 500m<br \/>\nAll sizes available<br \/>\nCustomization available<\/p>\n","protected":false},"featured_media":4451,"template":"","meta":[],"product_brand":[],"product_cat":[91],"product_tag":[],"class_list":{"0":"post-3558","1":"product","2":"type-product","3":"status-publish","4":"has-post-thumbnail","6":"product_cat-cables-de-extension-para-termocuplas","8":"first","9":"instock","10":"product-type-simple"},"_links":{"self":[{"href":"https:\/\/industemp.com\/es\/wp-json\/wp\/v2\/product\/3558","targetHints":{"allow":["GET"]}}],"collection":[{"href":"https:\/\/industemp.com\/es\/wp-json\/wp\/v2\/product"}],"about":[{"href":"https:\/\/industemp.com\/es\/wp-json\/wp\/v2\/types\/product"}],"wp:featuredmedia":[{"embeddable":true,"href":"https:\/\/industemp.com\/es\/wp-json\/wp\/v2\/media\/4451"}],"wp:attachment":[{"href":"https:\/\/industemp.com\/es\/wp-json\/wp\/v2\/media?parent=3558"}],"wp:term":[{"taxonomy":"product_brand","embeddable":true,"href":"https:\/\/industemp.com\/es\/wp-json\/wp\/v2\/product_brand?post=3558"},{"taxonomy":"product_cat","embeddable":true,"href":"https:\/\/industemp.com\/es\/wp-json\/wp\/v2\/product_cat?post=3558"},{"taxonomy":"product_tag","embeddable":true,"href":"https:\/\/industemp.com\/es\/wp-json\/wp\/v2\/product_tag?post=3558"}],"curies":[{"name":"wp","href":"https:\/\/api.w.org\/{rel}","templated":true}]}}