{"id":3609,"date":"2019-05-07T20:21:06","date_gmt":"2019-05-07T20:21:06","guid":{"rendered":"https:\/\/industemp.com\/product\/sondas-de-mano-2\/"},"modified":"2025-06-05T18:03:04","modified_gmt":"2025-06-05T18:03:04","slug":"sondas-de-mano-2","status":"publish","type":"product","link":"https:\/\/industemp.com\/es\/producto\/sondas-de-mano-2\/","title":{"rendered":"SONDAS DE MANO RECTA"},"content":{"rendered":"<p>SONDAS TOTALMENTE CONSTRUIDAS A PEDIDO Y A SU MEDIDA<\/p>\n<ul>\n<li>\u00a0RECTAS A 90\u00b0 O LA INCLINACI\u00d3N QUE USTED DESEE<\/li>\n<li>DIFERENTES DI\u00c1METROS<\/li>\n<li>VAINAS DE PROTECCI\u00d3N PARA AIRE, L\u00cdQUIDOS Y S\u00d3LIDOS<\/li>\n<li>PUNTAS DE SUPERFICIE<\/li>\n<li>PUNTAS REDONDAS<\/li>\n<li>PUNTAS HIPOD\u00c9RMICAS<\/li>\n<li>TERMOCUPLA O TERMORESISTENCIA<\/li>\n<li>CON O SIN FICHA DE CONEXI\u00d3N<\/li>\n<li>LONGITUD Y TIPO DE CABLE QUE USTED PREFIERA<\/li>\n<li>RESORTE DE PROTECCI\u00d3N<\/li>\n<\/ul>\n","protected":false},"excerpt":{"rendered":"<p>Fabricaci\u00f3n a medida<br \/>\nMuestra disponible<\/p>\n","protected":false},"featured_media":3701,"template":"","meta":[],"product_brand":[],"product_cat":[15],"product_tag":[],"class_list":{"0":"post-3609","1":"product","2":"type-product","3":"status-publish","4":"has-post-thumbnail","6":"product_cat-sondasdemano","8":"first","9":"instock","10":"product-type-simple"},"_links":{"self":[{"href":"https:\/\/industemp.com\/es\/wp-json\/wp\/v2\/product\/3609","targetHints":{"allow":["GET"]}}],"collection":[{"href":"https:\/\/industemp.com\/es\/wp-json\/wp\/v2\/product"}],"about":[{"href":"https:\/\/industemp.com\/es\/wp-json\/wp\/v2\/types\/product"}],"wp:featuredmedia":[{"embeddable":true,"href":"https:\/\/industemp.com\/es\/wp-json\/wp\/v2\/media\/3701"}],"wp:attachment":[{"href":"https:\/\/industemp.com\/es\/wp-json\/wp\/v2\/media?parent=3609"}],"wp:term":[{"taxonomy":"product_brand","embeddable":true,"href":"https:\/\/industemp.com\/es\/wp-json\/wp\/v2\/product_brand?post=3609"},{"taxonomy":"product_cat","embeddable":true,"href":"https:\/\/industemp.com\/es\/wp-json\/wp\/v2\/product_cat?post=3609"},{"taxonomy":"product_tag","embeddable":true,"href":"https:\/\/industemp.com\/es\/wp-json\/wp\/v2\/product_tag?post=3609"}],"curies":[{"name":"wp","href":"https:\/\/api.w.org\/{rel}","templated":true}]}}