{"id":3612,"date":"2019-05-07T20:21:06","date_gmt":"2019-05-07T20:21:06","guid":{"rendered":"https:\/\/industemp.com\/product\/tubos-termocontraibles-de-teflon\/"},"modified":"2025-06-05T18:29:30","modified_gmt":"2025-06-05T18:29:30","slug":"tubos-termocontraibles-de-teflon","status":"publish","type":"product","link":"https:\/\/industemp.com\/es\/producto\/tubos-termocontraibles-de-teflon\/","title":{"rendered":"Tubos termocontra\u00edbles de TEFLON"},"content":{"rendered":"<p>Tubos termoretr\u00e1ctiles de tefl\u00f3n<br \/>\nTarifa de la contracci\u00f3n: 1.7: 1 4: 1<br \/>\nTemperatura de trabajo: -50 \u2103 ~ 200<br \/>\nVoltaje de trabajo: 600V<br \/>\nNivel de inflamabilidad: VW-1<br \/>\nVentajas: resistencia a aceites y \u00e1cidos, resistencia a altas temperaturas, etc.<br \/>\nAplicaci\u00f3n: El producto es ampliamente utilizado en la industria de electrones, tratamiento m\u00e9dico, aviaci\u00f3n y militar, etc.<\/p>\n<p>Informaci\u00f3n T\u00e9cnica<\/p>\n<div class=\"sliderTable mt10 mb10 sliderTable-index0\"><\/div>\n<p><img loading=\"lazy\" decoding=\"async\" class=\"alignnone size-full wp-image-6833\" src=\"https:\/\/industemp.com\/wp-content\/uploads\/TubosTermocontraiblesTEFLON-tabla_1.png\" alt=\"\" width=\"960\" height=\"540\" srcset=\"https:\/\/industemp.com\/wp-content\/uploads\/TubosTermocontraiblesTEFLON-tabla_1.png 960w, https:\/\/industemp.com\/wp-content\/uploads\/TubosTermocontraiblesTEFLON-tabla_1-300x169.png 300w, https:\/\/industemp.com\/wp-content\/uploads\/TubosTermocontraiblesTEFLON-tabla_1-768x432.png 768w, https:\/\/industemp.com\/wp-content\/uploads\/TubosTermocontraiblesTEFLON-tabla_1-416x234.png 416w\" sizes=\"auto, (max-width: 960px) 100vw, 960px\" \/><img loading=\"lazy\" decoding=\"async\" class=\"alignnone size-full wp-image-6831\" src=\"https:\/\/industemp.com\/wp-content\/uploads\/TubosTermocontraiblesTEFLON-tabla_2.png\" alt=\"\" width=\"960\" height=\"540\" srcset=\"https:\/\/industemp.com\/wp-content\/uploads\/TubosTermocontraiblesTEFLON-tabla_2.png 960w, https:\/\/industemp.com\/wp-content\/uploads\/TubosTermocontraiblesTEFLON-tabla_2-300x169.png 300w, https:\/\/industemp.com\/wp-content\/uploads\/TubosTermocontraiblesTEFLON-tabla_2-768x432.png 768w, https:\/\/industemp.com\/wp-content\/uploads\/TubosTermocontraiblesTEFLON-tabla_2-416x234.png 416w\" sizes=\"auto, (max-width: 960px) 100vw, 960px\" \/><\/p>\n","protected":false},"excerpt":{"rendered":"<p>Todos los tama\u00f1os disponibles<br \/>\nMuestra Disponible<\/p>\n","protected":false},"featured_media":3705,"template":"","meta":[],"product_brand":[],"product_cat":[99],"product_tag":[],"class_list":{"0":"post-3612","1":"product","2":"type-product","3":"status-publish","4":"has-post-thumbnail","6":"product_cat-tubos-termocontraibles","8":"first","9":"instock","10":"product-type-simple"},"_links":{"self":[{"href":"https:\/\/industemp.com\/es\/wp-json\/wp\/v2\/product\/3612","targetHints":{"allow":["GET"]}}],"collection":[{"href":"https:\/\/industemp.com\/es\/wp-json\/wp\/v2\/product"}],"about":[{"href":"https:\/\/industemp.com\/es\/wp-json\/wp\/v2\/types\/product"}],"wp:featuredmedia":[{"embeddable":true,"href":"https:\/\/industemp.com\/es\/wp-json\/wp\/v2\/media\/3705"}],"wp:attachment":[{"href":"https:\/\/industemp.com\/es\/wp-json\/wp\/v2\/media?parent=3612"}],"wp:term":[{"taxonomy":"product_brand","embeddable":true,"href":"https:\/\/industemp.com\/es\/wp-json\/wp\/v2\/product_brand?post=3612"},{"taxonomy":"product_cat","embeddable":true,"href":"https:\/\/industemp.com\/es\/wp-json\/wp\/v2\/product_cat?post=3612"},{"taxonomy":"product_tag","embeddable":true,"href":"https:\/\/industemp.com\/es\/wp-json\/wp\/v2\/product_tag?post=3612"}],"curies":[{"name":"wp","href":"https:\/\/api.w.org\/{rel}","templated":true}]}}