{"id":3613,"date":"2019-05-07T20:21:06","date_gmt":"2019-05-07T20:21:06","guid":{"rendered":"https:\/\/industemp.com\/product\/tubos-termocontraibles-de-doble-pared\/"},"modified":"2025-06-05T18:27:49","modified_gmt":"2025-06-05T18:27:49","slug":"tubos-termocontraibles-de-doble-pared","status":"publish","type":"product","link":"https:\/\/industemp.com\/es\/producto\/tubos-termocontraibles-de-doble-pared\/","title":{"rendered":"Tubos termocontra\u00edbles de doble pared."},"content":{"rendered":"<p>Descripci\u00f3n:<br \/>\nEl lado interno del tubo termocontra\u00edble de doble pared est\u00e1 adherido con un tubo retr\u00e1ctil semiflexible de adhesivo termofusible.<br \/>\nTiene coloidalidad en la pared que est\u00e1 especialmente dise\u00f1ada. El exterior est\u00e1 formado por poliolefina reticulada por radiaci\u00f3n.<br \/>\nCuando se calienta, la pared interior se derretir\u00e1. Y llenar\u00e1 los huecos o huecos cuando la ektexine se contraiga. Despu\u00e9s de enfriar, la pared.<br \/>\nEl grosor de doble pared ser\u00e1 medio y bien tejido.<\/p>\n<p>Nivel de inflamabilidad: UL224 VW-1<br \/>\nVentajas: contracci\u00f3n a baja temperatura, suave, inflamable, a prueba de humedad y agua, resistencia al aceite y al \u00e1cido, etc.<br \/>\nTasa de encogimiento: 2: 1 3: 1 4: 1<\/p>\n<p>Solicitud:<br \/>\nEl producto es ampliamente utilizado en cableado y prueba de agua de equipos electr\u00f3nicos, fijaci\u00f3n y sellado de la rama de alambre,<br \/>\nanticorrosi\u00f3n y protecci\u00f3n de tuber\u00edas met\u00e1licas y evitando que la cadena macromolecular se afloje y se caiga,<br \/>\ntales como iluminaci\u00f3n decorativa subacu\u00e1tica, tuber\u00edas de aceite para frenos de autom\u00f3viles, anticorrosi\u00f3n y protecci\u00f3n de cableado de alta calidad<br \/>\naprovechar.<\/p>\n<p><img loading=\"lazy\" decoding=\"async\" class=\"alignnone size-full wp-image-6795\" src=\"https:\/\/industemp.com\/wp-content\/uploads\/TubosTermocontraiblesDoblepared_tabla.png\" alt=\"\" width=\"960\" height=\"540\" srcset=\"https:\/\/industemp.com\/wp-content\/uploads\/TubosTermocontraiblesDoblepared_tabla.png 960w, https:\/\/industemp.com\/wp-content\/uploads\/TubosTermocontraiblesDoblepared_tabla-300x169.png 300w, https:\/\/industemp.com\/wp-content\/uploads\/TubosTermocontraiblesDoblepared_tabla-768x432.png 768w, https:\/\/industemp.com\/wp-content\/uploads\/TubosTermocontraiblesDoblepared_tabla-416x234.png 416w\" sizes=\"auto, (max-width: 960px) 100vw, 960px\" \/><img loading=\"lazy\" decoding=\"async\" class=\"alignnone size-full wp-image-6793\" src=\"https:\/\/industemp.com\/wp-content\/uploads\/TubosTermocontraiblesDoblepared_tabla2.png\" alt=\"\" width=\"960\" height=\"540\" srcset=\"https:\/\/industemp.com\/wp-content\/uploads\/TubosTermocontraiblesDoblepared_tabla2.png 960w, https:\/\/industemp.com\/wp-content\/uploads\/TubosTermocontraiblesDoblepared_tabla2-300x169.png 300w, https:\/\/industemp.com\/wp-content\/uploads\/TubosTermocontraiblesDoblepared_tabla2-768x432.png 768w, https:\/\/industemp.com\/wp-content\/uploads\/TubosTermocontraiblesDoblepared_tabla2-416x234.png 416w\" sizes=\"auto, (max-width: 960px) 100vw, 960px\" \/><img loading=\"lazy\" decoding=\"async\" class=\"alignnone size-full wp-image-6791\" src=\"https:\/\/industemp.com\/wp-content\/uploads\/TubosTermocontraiblesDoblepared_tabla3.png\" alt=\"\" width=\"960\" height=\"540\" srcset=\"https:\/\/industemp.com\/wp-content\/uploads\/TubosTermocontraiblesDoblepared_tabla3.png 960w, https:\/\/industemp.com\/wp-content\/uploads\/TubosTermocontraiblesDoblepared_tabla3-300x169.png 300w, https:\/\/industemp.com\/wp-content\/uploads\/TubosTermocontraiblesDoblepared_tabla3-768x432.png 768w, https:\/\/industemp.com\/wp-content\/uploads\/TubosTermocontraiblesDoblepared_tabla3-416x234.png 416w\" sizes=\"auto, (max-width: 960px) 100vw, 960px\" \/><\/p>\n","protected":false},"excerpt":{"rendered":"<p>Todos los tama\u00f1os disponibles<br \/>\nMuestra Disponible<\/p>\n","protected":false},"featured_media":3707,"template":"","meta":[],"product_brand":[],"product_cat":[99],"product_tag":[],"class_list":{"0":"post-3613","1":"product","2":"type-product","3":"status-publish","4":"has-post-thumbnail","6":"product_cat-tubos-termocontraibles","8":"first","9":"instock","10":"product-type-simple"},"_links":{"self":[{"href":"https:\/\/industemp.com\/es\/wp-json\/wp\/v2\/product\/3613","targetHints":{"allow":["GET"]}}],"collection":[{"href":"https:\/\/industemp.com\/es\/wp-json\/wp\/v2\/product"}],"about":[{"href":"https:\/\/industemp.com\/es\/wp-json\/wp\/v2\/types\/product"}],"wp:featuredmedia":[{"embeddable":true,"href":"https:\/\/industemp.com\/es\/wp-json\/wp\/v2\/media\/3707"}],"wp:attachment":[{"href":"https:\/\/industemp.com\/es\/wp-json\/wp\/v2\/media?parent=3613"}],"wp:term":[{"taxonomy":"product_brand","embeddable":true,"href":"https:\/\/industemp.com\/es\/wp-json\/wp\/v2\/product_brand?post=3613"},{"taxonomy":"product_cat","embeddable":true,"href":"https:\/\/industemp.com\/es\/wp-json\/wp\/v2\/product_cat?post=3613"},{"taxonomy":"product_tag","embeddable":true,"href":"https:\/\/industemp.com\/es\/wp-json\/wp\/v2\/product_tag?post=3613"}],"curies":[{"name":"wp","href":"https:\/\/api.w.org\/{rel}","templated":true}]}}