{"id":3614,"date":"2019-05-07T20:21:06","date_gmt":"2019-05-07T20:21:06","guid":{"rendered":"https:\/\/industemp.com\/product\/tubos-de-teflon\/"},"modified":"2025-06-05T18:24:56","modified_gmt":"2025-06-05T18:24:56","slug":"tubos-de-teflon","status":"publish","type":"product","link":"https:\/\/industemp.com\/es\/producto\/tubos-de-teflon\/","title":{"rendered":"TUBOS DE TEFLON"},"content":{"rendered":"<p>Descripci\u00f3n:<br \/>\nEl tubo de tefl\u00f3n tambi\u00e9n se llama tubo de PTFE. Su nombre qu\u00edmico es politetrafluoroetileno.<br \/>\nXH-R: Los tubos de PTFE se fabrican por extrusi\u00f3n y sinterizaci\u00f3n.<\/p>\n<p>Tensi\u00f3n nominal: 150V 300V 600V<\/p>\n<p>Temperatura de trabajo m\u00e1xima: la temperatura de trabajo continuo es de 200 \u2103 a 260.<br \/>\nTemperatura de trabajo m\u00ednima: ser suave en -100.<\/p>\n<p>Resistencia a la corrosi\u00f3n: resistencia a la agua regia y otros disolventes org\u00e1nicos.<br \/>\nResistencia al clima: tener la mejor longevidad de envejecimiento entre otros pl\u00e1sticos.<br \/>\nAlta lubricaci\u00f3n: teniendo el m\u00ednimo coeficiente de fricci\u00f3n (0.04) entre otros pl\u00e1sticos.<\/p>\n<p>No viscoso: tiene la tensi\u00f3n superficial del material s\u00f3lido y no es viscoso para nada<\/p>\n<p>No peligroso: tener inercia f\u00edsica<\/p>\n<p>Tiene excelente funci\u00f3n el\u00e9ctrica. Es un material de aislamiento ideal de nivel C.<\/p>\n<p>Este producto tiene muchas ventajas, como resistencia a altas temperaturas, resistencia a bajas temperaturas.<\/p>\n<p>Resistencia a \u00e1cidos y \u00e1lcalis, propiedades estables y paredes de tubos s\u00faper delgadas, etc.<\/p>\n<p>Color est\u00e1ndar: negro, blanco, rojo, amarillo, verde, azul, gris (se pueden personalizar otros colores)<\/p>\n<p>Solicitud:<\/p>\n<p>Debido a que el PTFE tiene la resistencia a la temperatura m\u00e1s alta entre los pl\u00e1sticos (260 \u2103), la resistencia de voltaje m\u00e1s alta (45KV \/ mm).<\/p>\n<p>\u00c1cido fuerte y resistencia a los \u00e1lcalis, la m\u00e1s antiadherente y la mayor capacidad de deslizamiento, calidad resistente al desgaste, etc.<\/p>\n<p>Es ampliamente utilizado en maquinaria, autom\u00f3viles, electricidad, qu\u00edmica, v\u00e1lvulas y otros componentes. Tubo flexible de Telfon<\/p>\n<p>Se utiliza generalmente en qu\u00edmica, aparatos, calefacci\u00f3n el\u00e9ctrica y maquinaria. Adem\u00e1s, el tubo de Telfon es ampliamente utilizado en aeroespacial, autom\u00f3vil, tratamiento m\u00e9dico, transformador electr\u00f3nico, comunicaci\u00f3n y otras ciencias y tecnolog\u00edas industria debido a su alta resistencia a la temperatura y resistencia de alto voltaje.<\/p>\n<p>Informaci\u00f3n T\u00e9cnica<\/p>\n<p><img loading=\"lazy\" decoding=\"async\" class=\"alignnone size-full wp-image-6816\" src=\"https:\/\/industemp.com\/wp-content\/uploads\/tubo-Teflon-tabla_1.png\" alt=\"\" width=\"960\" height=\"540\" srcset=\"https:\/\/industemp.com\/wp-content\/uploads\/tubo-Teflon-tabla_1.png 960w, https:\/\/industemp.com\/wp-content\/uploads\/tubo-Teflon-tabla_1-300x169.png 300w, https:\/\/industemp.com\/wp-content\/uploads\/tubo-Teflon-tabla_1-768x432.png 768w, https:\/\/industemp.com\/wp-content\/uploads\/tubo-Teflon-tabla_1-416x234.png 416w\" sizes=\"auto, (max-width: 960px) 100vw, 960px\" \/><img loading=\"lazy\" decoding=\"async\" class=\"alignnone size-full wp-image-6821\" src=\"https:\/\/industemp.com\/wp-content\/uploads\/tubo-Teflon-tabla_2-1.png\" alt=\"\" width=\"960\" height=\"540\" srcset=\"https:\/\/industemp.com\/wp-content\/uploads\/tubo-Teflon-tabla_2-1.png 960w, https:\/\/industemp.com\/wp-content\/uploads\/tubo-Teflon-tabla_2-1-300x169.png 300w, https:\/\/industemp.com\/wp-content\/uploads\/tubo-Teflon-tabla_2-1-768x432.png 768w, https:\/\/industemp.com\/wp-content\/uploads\/tubo-Teflon-tabla_2-1-416x234.png 416w\" sizes=\"auto, (max-width: 960px) 100vw, 960px\" \/><img loading=\"lazy\" decoding=\"async\" class=\"alignnone size-full wp-image-6810\" src=\"https:\/\/industemp.com\/wp-content\/uploads\/tubo-Teflon-tabla_3.png\" alt=\"\" width=\"960\" height=\"540\" srcset=\"https:\/\/industemp.com\/wp-content\/uploads\/tubo-Teflon-tabla_3.png 960w, https:\/\/industemp.com\/wp-content\/uploads\/tubo-Teflon-tabla_3-300x169.png 300w, https:\/\/industemp.com\/wp-content\/uploads\/tubo-Teflon-tabla_3-768x432.png 768w, https:\/\/industemp.com\/wp-content\/uploads\/tubo-Teflon-tabla_3-416x234.png 416w\" sizes=\"auto, (max-width: 960px) 100vw, 960px\" \/> <img loading=\"lazy\" decoding=\"async\" class=\"alignnone size-full wp-image-6819\" src=\"https:\/\/industemp.com\/wp-content\/uploads\/tubo-Teflon-tabla_4-1.png\" alt=\"\" width=\"960\" height=\"540\" srcset=\"https:\/\/industemp.com\/wp-content\/uploads\/tubo-Teflon-tabla_4-1.png 960w, https:\/\/industemp.com\/wp-content\/uploads\/tubo-Teflon-tabla_4-1-300x169.png 300w, https:\/\/industemp.com\/wp-content\/uploads\/tubo-Teflon-tabla_4-1-768x432.png 768w, https:\/\/industemp.com\/wp-content\/uploads\/tubo-Teflon-tabla_4-1-416x234.png 416w\" sizes=\"auto, (max-width: 960px) 100vw, 960px\" \/><\/p>\n","protected":false},"excerpt":{"rendered":"<p>Todos los tama\u00f1os disponibles<br \/>\nMuestra Disponible<\/p>\n","protected":false},"featured_media":3709,"template":"","meta":[],"product_brand":[],"product_cat":[99],"product_tag":[],"class_list":{"0":"post-3614","1":"product","2":"type-product","3":"status-publish","4":"has-post-thumbnail","6":"product_cat-tubos-termocontraibles","8":"first","9":"instock","10":"product-type-simple"},"_links":{"self":[{"href":"https:\/\/industemp.com\/es\/wp-json\/wp\/v2\/product\/3614","targetHints":{"allow":["GET"]}}],"collection":[{"href":"https:\/\/industemp.com\/es\/wp-json\/wp\/v2\/product"}],"about":[{"href":"https:\/\/industemp.com\/es\/wp-json\/wp\/v2\/types\/product"}],"wp:featuredmedia":[{"embeddable":true,"href":"https:\/\/industemp.com\/es\/wp-json\/wp\/v2\/media\/3709"}],"wp:attachment":[{"href":"https:\/\/industemp.com\/es\/wp-json\/wp\/v2\/media?parent=3614"}],"wp:term":[{"taxonomy":"product_brand","embeddable":true,"href":"https:\/\/industemp.com\/es\/wp-json\/wp\/v2\/product_brand?post=3614"},{"taxonomy":"product_cat","embeddable":true,"href":"https:\/\/industemp.com\/es\/wp-json\/wp\/v2\/product_cat?post=3614"},{"taxonomy":"product_tag","embeddable":true,"href":"https:\/\/industemp.com\/es\/wp-json\/wp\/v2\/product_tag?post=3614"}],"curies":[{"name":"wp","href":"https:\/\/api.w.org\/{rel}","templated":true}]}}