{"id":3615,"date":"2019-05-07T20:21:06","date_gmt":"2019-05-07T20:21:06","guid":{"rendered":"https:\/\/industemp.com\/product\/tubos-trenzados-de-fibra-de-silicona\/"},"modified":"2025-06-05T18:15:49","modified_gmt":"2025-06-05T18:15:49","slug":"tubos-trenzados-de-fibra-de-silicona","status":"publish","type":"product","link":"https:\/\/industemp.com\/es\/producto\/tubos-trenzados-de-fibra-de-silicona\/","title":{"rendered":"Tubos trenzados de fibra de silicona"},"content":{"rendered":"<p>Los tubos trenzados de fibra de vidrio de silicona se fabrican mediante el trenzado de fibra respetuosa con el medio ambiente en tuber\u00edas de transmisi\u00f3n y luego recubrimiento con resina de copol\u00edmero de organosilicio.<br \/>\nTemperatura de trabajo: -60 \u00b0 C \uff5e 200 \u00b0 C<br \/>\nTensi\u00f3n nominal: 1.2KV \/ 1.5KV \/ 2.5KV \/ 4KV \/ 7KV \/ 10KV<br \/>\nVentajas: suave, retardante de llama, resistencia a altas temperaturas, comportamiento mec\u00e1nico estable y propiedades, etc.<\/p>\n<p>Solicitud:<br \/>\nEste bien es ampliamente utilizado en electrones comerciales, aislamiento de electrodom\u00e9sticos, arn\u00e9s de cableado de autom\u00f3viles, l\u00e1mpara de ahorro de energ\u00eda, protecci\u00f3n para la l\u00ednea de conexi\u00f3n interior de aparatos de equipos electr\u00f3nicos y tratamiento del aislamiento<\/p>\n<p>\u00abInformaci\u00f3n T\u00e9cnica\u00bb<img loading=\"lazy\" decoding=\"async\" class=\"alignnone size-full wp-image-6839\" src=\"https:\/\/industemp.com\/wp-content\/uploads\/TubosTrenzadosSilicona-tabla_1.png\" alt=\"\" width=\"960\" height=\"540\" srcset=\"https:\/\/industemp.com\/wp-content\/uploads\/TubosTrenzadosSilicona-tabla_1.png 960w, https:\/\/industemp.com\/wp-content\/uploads\/TubosTrenzadosSilicona-tabla_1-300x169.png 300w, https:\/\/industemp.com\/wp-content\/uploads\/TubosTrenzadosSilicona-tabla_1-768x432.png 768w, https:\/\/industemp.com\/wp-content\/uploads\/TubosTrenzadosSilicona-tabla_1-416x234.png 416w\" sizes=\"auto, (max-width: 960px) 100vw, 960px\" \/><img loading=\"lazy\" decoding=\"async\" class=\"alignnone size-full wp-image-6837\" src=\"https:\/\/industemp.com\/wp-content\/uploads\/TubosTrenzadosSilicona-tabla_2.png\" alt=\"\" width=\"960\" height=\"540\" srcset=\"https:\/\/industemp.com\/wp-content\/uploads\/TubosTrenzadosSilicona-tabla_2.png 960w, https:\/\/industemp.com\/wp-content\/uploads\/TubosTrenzadosSilicona-tabla_2-300x169.png 300w, https:\/\/industemp.com\/wp-content\/uploads\/TubosTrenzadosSilicona-tabla_2-768x432.png 768w, https:\/\/industemp.com\/wp-content\/uploads\/TubosTrenzadosSilicona-tabla_2-416x234.png 416w\" sizes=\"auto, (max-width: 960px) 100vw, 960px\" \/><\/p>\n<p>&nbsp;<\/p>\n","protected":false},"excerpt":{"rendered":"<p>Todos los tama\u00f1os disponibles<br \/>\nMuestra Disponible<\/p>\n","protected":false},"featured_media":3711,"template":"","meta":[],"product_brand":[],"product_cat":[99],"product_tag":[],"class_list":{"0":"post-3615","1":"product","2":"type-product","3":"status-publish","4":"has-post-thumbnail","6":"product_cat-tubos-termocontraibles","8":"first","9":"instock","10":"product-type-simple"},"_links":{"self":[{"href":"https:\/\/industemp.com\/es\/wp-json\/wp\/v2\/product\/3615","targetHints":{"allow":["GET"]}}],"collection":[{"href":"https:\/\/industemp.com\/es\/wp-json\/wp\/v2\/product"}],"about":[{"href":"https:\/\/industemp.com\/es\/wp-json\/wp\/v2\/types\/product"}],"wp:featuredmedia":[{"embeddable":true,"href":"https:\/\/industemp.com\/es\/wp-json\/wp\/v2\/media\/3711"}],"wp:attachment":[{"href":"https:\/\/industemp.com\/es\/wp-json\/wp\/v2\/media?parent=3615"}],"wp:term":[{"taxonomy":"product_brand","embeddable":true,"href":"https:\/\/industemp.com\/es\/wp-json\/wp\/v2\/product_brand?post=3615"},{"taxonomy":"product_cat","embeddable":true,"href":"https:\/\/industemp.com\/es\/wp-json\/wp\/v2\/product_cat?post=3615"},{"taxonomy":"product_tag","embeddable":true,"href":"https:\/\/industemp.com\/es\/wp-json\/wp\/v2\/product_tag?post=3615"}],"curies":[{"name":"wp","href":"https:\/\/api.w.org\/{rel}","templated":true}]}}