{"id":3616,"date":"2019-05-07T20:22:23","date_gmt":"2019-05-07T20:22:23","guid":{"rendered":"https:\/\/industemp.com\/product\/tubo-termocontraible-h-pe\/"},"modified":"2025-06-05T18:12:43","modified_gmt":"2025-06-05T18:12:43","slug":"tubo-termocontraible-h-pe","status":"publish","type":"product","link":"https:\/\/industemp.com\/es\/producto\/tubo-termocontraible-h-pe\/","title":{"rendered":"Tubo termocontra\u00edble H PE"},"content":{"rendered":"<p>Descripci\u00f3n<\/p>\n<p>Los tubos termocontra\u00edbles de H PE se fabrican utilizando un pol\u00edmero alto superior para mezclarse autom\u00e1ticamente en una aleaci\u00f3n de pol\u00edmero alta<br \/>\nCon f\u00f3rmula cient\u00edfica. Cuando los productos se moldean, se irradian para ser reticulados por un acelerador de electrones.<br \/>\ny luego se expanden continuamente hasta que se hacen.<\/p>\n<p>Temperatura de trabajo: -55 \uff5e 125<br \/>\nTensi\u00f3n nominal: 600V<br \/>\nVentajas: respetuoso con el medio ambiente, suave, ign\u00edfugo, r\u00e1pido encogimiento, aislamiento, resistencia al aceite y al \u00e1cido,<br \/>\nPropiedades estables.<\/p>\n<p>Aplicaci\u00f3n: El producto es ampliamente utilizado para conectar cables, proteger puntos de soldadura, terminales de cables, cables.<br \/>\nArn\u00e9s y componente electr\u00f3nico. Por otro lado, tambi\u00e9n es bueno para proteger y aislar el tratamiento de electrones.<br \/>\ncomponentes, procesamiento de mazos de cables, electrodom\u00e9sticos, motor y l\u00ednea de conexi\u00f3n interna del equipo e instrumento etc.<\/p>\n<p><img loading=\"lazy\" decoding=\"async\" class=\"alignnone size-full wp-image-6805\" src=\"https:\/\/industemp.com\/wp-content\/uploads\/TubotermocontraibleHPE_tabla.png\" alt=\"\" width=\"960\" height=\"540\" srcset=\"https:\/\/industemp.com\/wp-content\/uploads\/TubotermocontraibleHPE_tabla.png 960w, https:\/\/industemp.com\/wp-content\/uploads\/TubotermocontraibleHPE_tabla-300x169.png 300w, https:\/\/industemp.com\/wp-content\/uploads\/TubotermocontraibleHPE_tabla-768x432.png 768w, https:\/\/industemp.com\/wp-content\/uploads\/TubotermocontraibleHPE_tabla-416x234.png 416w\" sizes=\"auto, (max-width: 960px) 100vw, 960px\" \/><img loading=\"lazy\" decoding=\"async\" class=\"alignnone size-full wp-image-6803\" src=\"https:\/\/industemp.com\/wp-content\/uploads\/TubotermocontraibleHPE_tabla_2.png\" alt=\"\" width=\"960\" height=\"540\" srcset=\"https:\/\/industemp.com\/wp-content\/uploads\/TubotermocontraibleHPE_tabla_2.png 960w, https:\/\/industemp.com\/wp-content\/uploads\/TubotermocontraibleHPE_tabla_2-300x169.png 300w, https:\/\/industemp.com\/wp-content\/uploads\/TubotermocontraibleHPE_tabla_2-768x432.png 768w, https:\/\/industemp.com\/wp-content\/uploads\/TubotermocontraibleHPE_tabla_2-416x234.png 416w\" sizes=\"auto, (max-width: 960px) 100vw, 960px\" \/><img loading=\"lazy\" decoding=\"async\" class=\"alignnone size-full wp-image-6801\" src=\"https:\/\/industemp.com\/wp-content\/uploads\/TubotermocontraibleHPE_tabla_3.png\" alt=\"\" width=\"960\" height=\"540\" srcset=\"https:\/\/industemp.com\/wp-content\/uploads\/TubotermocontraibleHPE_tabla_3.png 960w, https:\/\/industemp.com\/wp-content\/uploads\/TubotermocontraibleHPE_tabla_3-300x169.png 300w, https:\/\/industemp.com\/wp-content\/uploads\/TubotermocontraibleHPE_tabla_3-768x432.png 768w, https:\/\/industemp.com\/wp-content\/uploads\/TubotermocontraibleHPE_tabla_3-416x234.png 416w\" sizes=\"auto, (max-width: 960px) 100vw, 960px\" \/><img loading=\"lazy\" decoding=\"async\" class=\"alignnone size-full wp-image-6799\" src=\"https:\/\/industemp.com\/wp-content\/uploads\/TubotermocontraibleHPE_tabla_4.png\" alt=\"\" width=\"960\" height=\"540\" srcset=\"https:\/\/industemp.com\/wp-content\/uploads\/TubotermocontraibleHPE_tabla_4.png 960w, https:\/\/industemp.com\/wp-content\/uploads\/TubotermocontraibleHPE_tabla_4-300x169.png 300w, https:\/\/industemp.com\/wp-content\/uploads\/TubotermocontraibleHPE_tabla_4-768x432.png 768w, https:\/\/industemp.com\/wp-content\/uploads\/TubotermocontraibleHPE_tabla_4-416x234.png 416w\" sizes=\"auto, (max-width: 960px) 100vw, 960px\" \/><img loading=\"lazy\" decoding=\"async\" class=\"alignnone size-full wp-image-6797\" src=\"https:\/\/industemp.com\/wp-content\/uploads\/TubotermocontraibleHPE_tabla_5.png\" alt=\"\" width=\"960\" height=\"540\" srcset=\"https:\/\/industemp.com\/wp-content\/uploads\/TubotermocontraibleHPE_tabla_5.png 960w, https:\/\/industemp.com\/wp-content\/uploads\/TubotermocontraibleHPE_tabla_5-300x169.png 300w, https:\/\/industemp.com\/wp-content\/uploads\/TubotermocontraibleHPE_tabla_5-768x432.png 768w, https:\/\/industemp.com\/wp-content\/uploads\/TubotermocontraibleHPE_tabla_5-416x234.png 416w\" sizes=\"auto, (max-width: 960px) 100vw, 960px\" \/><\/p>\n","protected":false},"excerpt":{"rendered":"<p>Todos los tama\u00f1os disponibles<br \/>\nMuestra Disponible<\/p>\n","protected":false},"featured_media":3713,"template":"","meta":[],"product_brand":[],"product_cat":[99],"product_tag":[],"class_list":{"0":"post-3616","1":"product","2":"type-product","3":"status-publish","4":"has-post-thumbnail","6":"product_cat-tubos-termocontraibles","8":"first","9":"instock","10":"product-type-simple"},"_links":{"self":[{"href":"https:\/\/industemp.com\/es\/wp-json\/wp\/v2\/product\/3616","targetHints":{"allow":["GET"]}}],"collection":[{"href":"https:\/\/industemp.com\/es\/wp-json\/wp\/v2\/product"}],"about":[{"href":"https:\/\/industemp.com\/es\/wp-json\/wp\/v2\/types\/product"}],"wp:featuredmedia":[{"embeddable":true,"href":"https:\/\/industemp.com\/es\/wp-json\/wp\/v2\/media\/3713"}],"wp:attachment":[{"href":"https:\/\/industemp.com\/es\/wp-json\/wp\/v2\/media?parent=3616"}],"wp:term":[{"taxonomy":"product_brand","embeddable":true,"href":"https:\/\/industemp.com\/es\/wp-json\/wp\/v2\/product_brand?post=3616"},{"taxonomy":"product_cat","embeddable":true,"href":"https:\/\/industemp.com\/es\/wp-json\/wp\/v2\/product_cat?post=3616"},{"taxonomy":"product_tag","embeddable":true,"href":"https:\/\/industemp.com\/es\/wp-json\/wp\/v2\/product_tag?post=3616"}],"curies":[{"name":"wp","href":"https:\/\/api.w.org\/{rel}","templated":true}]}}