{"id":4206,"date":"2019-06-04T14:24:07","date_gmt":"2019-06-04T14:24:07","guid":{"rendered":"https:\/\/industemp.com\/?post_type=product&#038;p=4206"},"modified":"2025-06-05T23:13:43","modified_gmt":"2025-06-05T23:13:43","slug":"rtd-cable","status":"publish","type":"product","link":"https:\/\/industemp.com\/es\/producto\/rtd-cable\/","title":{"rendered":"RTD CABLE"},"content":{"rendered":"<div>\n<p>Detalle del cable RTD:<\/p>\n<ol>\n<li>Material del conductor: Cobre o N\u00edquel.<\/li>\n<li>N\u00famero de n\u00facleo: 3, 4 o 6 n\u00facleos.<\/li>\n<li>Material de la funda: SUS321 (SS304) o SUS316<\/li>\n<li>Aislante: 99.6% de alta pureza Mgo<\/li>\n<li>Dia (mm): 2, 2.4, 3.0, 3.2, 4.0, 4.8, 5.0, 6.0, 6.4, 8.0<\/li>\n<\/ol>\n<\/div>\n","protected":false},"excerpt":{"rendered":"<p>Muestra disponible<br \/>\nPersonalizaci\u00f3n disponible<\/p>\n","protected":false},"featured_media":4207,"template":"","meta":[],"product_brand":[],"product_cat":[90],"product_tag":[],"class_list":{"0":"post-4206","1":"product","2":"type-product","3":"status-publish","4":"has-post-thumbnail","6":"product_cat-cable-calefactor-compactado","8":"first","9":"instock","10":"shipping-taxable","11":"product-type-simple"},"_links":{"self":[{"href":"https:\/\/industemp.com\/es\/wp-json\/wp\/v2\/product\/4206","targetHints":{"allow":["GET"]}}],"collection":[{"href":"https:\/\/industemp.com\/es\/wp-json\/wp\/v2\/product"}],"about":[{"href":"https:\/\/industemp.com\/es\/wp-json\/wp\/v2\/types\/product"}],"wp:featuredmedia":[{"embeddable":true,"href":"https:\/\/industemp.com\/es\/wp-json\/wp\/v2\/media\/4207"}],"wp:attachment":[{"href":"https:\/\/industemp.com\/es\/wp-json\/wp\/v2\/media?parent=4206"}],"wp:term":[{"taxonomy":"product_brand","embeddable":true,"href":"https:\/\/industemp.com\/es\/wp-json\/wp\/v2\/product_brand?post=4206"},{"taxonomy":"product_cat","embeddable":true,"href":"https:\/\/industemp.com\/es\/wp-json\/wp\/v2\/product_cat?post=4206"},{"taxonomy":"product_tag","embeddable":true,"href":"https:\/\/industemp.com\/es\/wp-json\/wp\/v2\/product_tag?post=4206"}],"curies":[{"name":"wp","href":"https:\/\/api.w.org\/{rel}","templated":true}]}}