{"id":4210,"date":"2019-06-04T14:36:33","date_gmt":"2019-06-04T14:36:33","guid":{"rendered":"https:\/\/industemp.com\/?post_type=product&#038;p=4210"},"modified":"2025-06-05T23:09:55","modified_gmt":"2025-06-05T23:09:55","slug":"mi-cable-de-termocupla","status":"publish","type":"product","link":"https:\/\/industemp.com\/es\/producto\/mi-cable-de-termocupla\/","title":{"rendered":"MI CABLE DE TERMOCUPLA"},"content":{"rendered":"<p>Detalle del cable de termopar MI:<\/p>\n<ol>\n<li>Material del conductor: NiCr-NiSi, NiCrSi-NiSi, NiCr-Konstantan, Fe-Konstantan, Cu-Konstantan<\/li>\n<li>N\u00famero de n\u00facleo: 2, 4 o 6 n\u00facleos.<\/li>\n<li>Material de la funda: SS321 (SS304), SS316, SS310, INCL600<\/li>\n<li>Aislante: MgO de alta pureza del 99,6%<\/li>\n<li>Dia (mm): de 0,25 mm a 12,7 mm<\/li>\n<\/ol>\n","protected":false},"excerpt":{"rendered":"<p>Muestra disponible<br \/>\nPersonalizaci\u00f3n disponible<\/p>\n","protected":false},"featured_media":4213,"template":"","meta":[],"product_brand":[],"product_cat":[90],"product_tag":[],"class_list":{"0":"post-4210","1":"product","2":"type-product","3":"status-publish","4":"has-post-thumbnail","6":"product_cat-cable-calefactor-compactado","8":"first","9":"instock","10":"shipping-taxable","11":"product-type-simple"},"_links":{"self":[{"href":"https:\/\/industemp.com\/es\/wp-json\/wp\/v2\/product\/4210","targetHints":{"allow":["GET"]}}],"collection":[{"href":"https:\/\/industemp.com\/es\/wp-json\/wp\/v2\/product"}],"about":[{"href":"https:\/\/industemp.com\/es\/wp-json\/wp\/v2\/types\/product"}],"wp:featuredmedia":[{"embeddable":true,"href":"https:\/\/industemp.com\/es\/wp-json\/wp\/v2\/media\/4213"}],"wp:attachment":[{"href":"https:\/\/industemp.com\/es\/wp-json\/wp\/v2\/media?parent=4210"}],"wp:term":[{"taxonomy":"product_brand","embeddable":true,"href":"https:\/\/industemp.com\/es\/wp-json\/wp\/v2\/product_brand?post=4210"},{"taxonomy":"product_cat","embeddable":true,"href":"https:\/\/industemp.com\/es\/wp-json\/wp\/v2\/product_cat?post=4210"},{"taxonomy":"product_tag","embeddable":true,"href":"https:\/\/industemp.com\/es\/wp-json\/wp\/v2\/product_tag?post=4210"}],"curies":[{"name":"wp","href":"https:\/\/api.w.org\/{rel}","templated":true}]}}