{"id":4372,"date":"2020-05-20T14:18:20","date_gmt":"2020-05-20T14:18:20","guid":{"rendered":"https:\/\/industemp.com\/?post_type=product&#038;p=4372"},"modified":"2021-01-29T17:59:20","modified_gmt":"2021-01-29T17:59:20","slug":"cabezal-naa-ss304","status":"publish","type":"product","link":"https:\/\/industemp.com\/es\/producto\/cabezal-naa-ss304\/","title":{"rendered":"CABEZAL NAA SS304"},"content":{"rendered":"<p><img loading=\"lazy\" decoding=\"async\" class=\"alignnone size-full wp-image-4375\" src=\"https:\/\/industemp.com\/wp-content\/uploads\/2019\/06\/smartImg-17.jpg\" alt=\"\" width=\"260\" height=\"161\" \/><\/p>\n<p>&nbsp;<\/p>\n<p>Material: SS304<br \/>\nEntrada del tubo de protecci\u00f3n: M12 * 1, M16 * 1, M20 * 1<br \/>\nEntrada del cable de extensi\u00f3n: M20X1.5<br \/>\nColor disponible: plateado.<br \/>\nDistancia del tornillo: 33 mm, 36 mm<br \/>\nMaterial del bloque de terminales: cer\u00e1mica o baquelita.<br \/>\nForma de bloque de terminales: 2 polos, 3 polos, 4 polos, 6 polos<br \/>\nPeso: 450 g<br \/>\nPaquete: 50pcs \/ ctn para cabezas de termopar, 250pcs \/ ctn para bloques de terminales<br \/>\nC\u00f3digo IP: IP65 de IEC 529<\/p>\n<p>Bloque de terminales<\/p>\n<p><img loading=\"lazy\" decoding=\"async\" class=\"alignnone size-full wp-image-4373\" src=\"https:\/\/industemp.com\/wp-content\/uploads\/2019\/06\/smartImg-1-3.png\" alt=\"\" width=\"659\" height=\"431\" srcset=\"https:\/\/industemp.com\/wp-content\/uploads\/2019\/06\/smartImg-1-3.png 659w, https:\/\/industemp.com\/wp-content\/uploads\/2019\/06\/smartImg-1-3-300x196.png 300w\" sizes=\"auto, (max-width: 659px) 100vw, 659px\" \/><\/p>\n","protected":false},"excerpt":{"rendered":"<p>&nbsp; Material: SS304 Entrada del tubo de protecci\u00f3n: M12 * 1, M16 * 1, M20 * 1 Entrada del cable de extensi\u00f3n: M20X1.5 Color disponible: plateado. Distancia del tornillo: 33 mm, 36 mm Material del bloque de terminales: cer\u00e1mica o baquelita. Forma de bloque de terminales: 2 polos, 3 polos, 4 polos, 6 polos Peso: [&hellip;]<\/p>\n","protected":false},"featured_media":6078,"template":"","meta":[],"product_brand":[],"product_cat":[88],"product_tag":[],"class_list":{"0":"post-4372","1":"product","2":"type-product","3":"status-publish","4":"has-post-thumbnail","6":"product_cat-cabezales-de-conexion","8":"first","9":"instock","10":"shipping-taxable","11":"product-type-simple"},"_links":{"self":[{"href":"https:\/\/industemp.com\/es\/wp-json\/wp\/v2\/product\/4372","targetHints":{"allow":["GET"]}}],"collection":[{"href":"https:\/\/industemp.com\/es\/wp-json\/wp\/v2\/product"}],"about":[{"href":"https:\/\/industemp.com\/es\/wp-json\/wp\/v2\/types\/product"}],"wp:featuredmedia":[{"embeddable":true,"href":"https:\/\/industemp.com\/es\/wp-json\/wp\/v2\/media\/6078"}],"wp:attachment":[{"href":"https:\/\/industemp.com\/es\/wp-json\/wp\/v2\/media?parent=4372"}],"wp:term":[{"taxonomy":"product_brand","embeddable":true,"href":"https:\/\/industemp.com\/es\/wp-json\/wp\/v2\/product_brand?post=4372"},{"taxonomy":"product_cat","embeddable":true,"href":"https:\/\/industemp.com\/es\/wp-json\/wp\/v2\/product_cat?post=4372"},{"taxonomy":"product_tag","embeddable":true,"href":"https:\/\/industemp.com\/es\/wp-json\/wp\/v2\/product_tag?post=4372"}],"curies":[{"name":"wp","href":"https:\/\/api.w.org\/{rel}","templated":true}]}}