{"id":4543,"date":"2019-07-01T12:46:10","date_gmt":"2019-07-01T12:46:10","guid":{"rendered":"https:\/\/industemp.com\/?post_type=product&#038;p=4543"},"modified":"2020-10-08T18:57:35","modified_gmt":"2020-10-08T18:57:35","slug":"rtd-thin-film-4-14-2mm","status":"publish","type":"product","link":"https:\/\/industemp.com\/es\/producto\/rtd-thin-film-4-14-2mm\/","title":{"rendered":"RTD thin film 4.1*4.2mm"},"content":{"rendered":"<p>El PRTD en una carcasa de pl\u00e1stico se caracteriza por su se\u00f1al estandarizada seg\u00fan DIN EN 60751 (seg\u00fan IEC 751), intercambiabilidad, excelente estabilidad y precisi\u00f3n durante mucho tiempo. Ofrece un \u00f3ptimo relaci\u00f3n precio-rendimiento en aplicaciones de gran volumen, incluyendo Automoci\u00f3n, Electrodom\u00e9sticos y equipo industrial.<\/p>\n<p>&nbsp;<\/p>\n<div class=\"sliderTable mt10 mb10 sliderTable-index0\">\n<div class=\"inner\">\n<table border=\"1\" cellspacing=\"1\" cellpadding=\"1\">\n<tbody>\n<tr>\n<td>\u00a0 \u00a0 \u00a0 \u00a0 \u00a0Nominal Resistance R0<\/td>\n<td>\n<div>\u00a0 \u00a0 \u00a0 \u00a0 \u00a0 \u00a0\u00a0Tolerance<\/div>\n<div>\u00a0 \u00a0 \u00a0 \u00a0 \u00a0 \u00a0\u00a0DIN \u00a0EN 60751<\/div>\n<div>\u00a0 \u00a0 \u00a0 \u00a0 \u00a0 \u00a0\u00a01996-07<\/div>\n<\/td>\n<td>\n<div>\u00a0 \u00a0 \u00a0 \u00a0 \u00a0 \u00a0\u00a0Tolerance<\/div>\n<div>\u00a0 \u00a0 \u00a0 \u00a0 \u00a0 \u00a0\u00a0DIN EN 60751<br \/>\n2009-05<\/div>\n<\/td>\n<td>\u00a0 \u00a0 \u00a0 \u00a0 \u00a0Order code<\/td>\n<\/tr>\n<tr>\n<td colspan=\"1\" rowspan=\"2\">\u00a0 \u00a0 \u00a0 \u00a0 \u00a0100 Ohm at 0\u00b0C<\/td>\n<td>\u00a0 \u00a0 \u00a0 \u00a0 \u00a0Class B<\/td>\n<td>\u00a0 \u00a0 \u00a0 \u00a0 \u00a0F 0.3<\/td>\n<td>\u00a0 \u00a0 \u00a0 \u00a0 \u00a032 209 210<\/td>\n<\/tr>\n<tr>\n<td>\u00a0 \u00a0 \u00a0 \u00a0 \u00a0Class 2B<\/td>\n<td>\u00a0 \u00a0 \u00a0 \u00a0 \u00a0F 0.6<\/td>\n<td>\u00a0 \u00a0 \u00a0 \u00a0 \u00a032 209 216<\/td>\n<\/tr>\n<tr>\n<td colspan=\"1\" rowspan=\"2\">\u00a0 \u00a0 \u00a0 \u00a0 \u00a01000 Ohm at 0\u00b0C<\/td>\n<td>\u00a0 \u00a0 \u00a0 \u00a0 \u00a0Class B<\/td>\n<td>\u00a0 \u00a0 \u00a0 \u00a0 \u00a0F 0.3<\/td>\n<td>\u00a0 \u00a0 \u00a0 \u00a0 \u00a032 209 220<\/td>\n<\/tr>\n<tr>\n<td>\u00a0 \u00a0 \u00a0 \u00a0 \u00a0Class 2B<\/td>\n<td>\u00a0 \u00a0 \u00a0 \u00a0 \u00a0F 0.6<\/td>\n<td>\u00a0 \u00a0 \u00a0 \u00a0 \u00a032 209 226<\/td>\n<\/tr>\n<\/tbody>\n<\/table>\n<\/div>\n<\/div>\n<p>&nbsp;<\/p>\n","protected":false},"excerpt":{"rendered":"<p>MOQ: 100 UNIDS<br \/>\nTodos los tama\u00f1os disponibles<br \/>\nMuestra Disponible<\/p>\n","protected":false},"featured_media":3413,"template":"","meta":[],"product_brand":[],"product_cat":[71],"product_tag":[],"class_list":{"0":"post-4543","1":"product","2":"type-product","3":"status-publish","4":"has-post-thumbnail","6":"product_cat-platino-rtd-sensores","8":"first","9":"instock","10":"shipping-taxable","11":"product-type-simple"},"_links":{"self":[{"href":"https:\/\/industemp.com\/es\/wp-json\/wp\/v2\/product\/4543","targetHints":{"allow":["GET"]}}],"collection":[{"href":"https:\/\/industemp.com\/es\/wp-json\/wp\/v2\/product"}],"about":[{"href":"https:\/\/industemp.com\/es\/wp-json\/wp\/v2\/types\/product"}],"wp:featuredmedia":[{"embeddable":true,"href":"https:\/\/industemp.com\/es\/wp-json\/wp\/v2\/media\/3413"}],"wp:attachment":[{"href":"https:\/\/industemp.com\/es\/wp-json\/wp\/v2\/media?parent=4543"}],"wp:term":[{"taxonomy":"product_brand","embeddable":true,"href":"https:\/\/industemp.com\/es\/wp-json\/wp\/v2\/product_brand?post=4543"},{"taxonomy":"product_cat","embeddable":true,"href":"https:\/\/industemp.com\/es\/wp-json\/wp\/v2\/product_cat?post=4543"},{"taxonomy":"product_tag","embeddable":true,"href":"https:\/\/industemp.com\/es\/wp-json\/wp\/v2\/product_tag?post=4543"}],"curies":[{"name":"wp","href":"https:\/\/api.w.org\/{rel}","templated":true}]}}