{"id":4546,"date":"2019-07-01T13:57:16","date_gmt":"2019-07-01T13:57:16","guid":{"rendered":"https:\/\/industemp.com\/?post_type=product&#038;p=4546"},"modified":"2025-06-06T00:35:33","modified_gmt":"2025-06-06T00:35:33","slug":"rtd-thin-film-2-24-1mm","status":"publish","type":"product","link":"https:\/\/industemp.com\/es\/producto\/rtd-thin-film-2-24-1mm\/","title":{"rendered":"RTD thin film 2.2*4.1mm"},"content":{"rendered":"<p>Los sensores de temperatura de platino tipo HD 421 Pt100 se caracterizan por su estabilidad a largo plazo.<br \/>\nPrecisi\u00f3n en un amplio rango de temperaturas y compatibilidad.<br \/>\nEl \u00e1rea principal de aplicaci\u00f3n es la tecnolog\u00eda de proceso.<\/p>\n<p>&nbsp;<\/p>\n<p>&nbsp;<\/p>\n<p>&nbsp;<\/p>\n<div class=\"sliderTable mt10 mb10 sliderTable-index0\">\n<div class=\"inner\">\n<table border=\"1\" cellspacing=\"1\" cellpadding=\"1\">\n<tbody>\n<tr>\n<td>\u00a0 \u00a0 \u00a0 \u00a0Nominal Resistance R0<\/td>\n<td>\n<div>\u00a0 \u00a0 \u00a0 \u00a0 \u00a0\u00a0Tolerance<\/div>\n<div>\u00a0 \u00a0 \u00a0 \u00a0 \u00a0\u00a0DIN \u00a0EN 60751<\/div>\n<div>\u00a0 \u00a0 \u00a0 \u00a0 \u00a0\u00a01996-07<\/div>\n<\/td>\n<td>\n<div>\u00a0 \u00a0 \u00a0 \u00a0 \u00a0\u00a0Tolerance<\/div>\n<div>\u00a0 \u00a0 \u00a0 \u00a0 \u00a0\u00a0DIN EN 60751<br \/>\n2009-05<\/div>\n<\/td>\n<td>\u00a0 \u00a0 \u00a0 \u00a0Order code<\/td>\n<\/tr>\n<tr>\n<td colspan=\"1\" rowspan=\"2\">\u00a0 \u00a0 \u00a0 \u00a0100 Ohm at 0\u00b0C<\/td>\n<td>\n<div>\u00a0 \u00a0 \u00a0 \u00a0 \u00a0\u00a0Class B ( to 650\u00b0C)<\/div>\n<\/td>\n<td>\n<div>\u00a0 \u00a0 \u00a0 \u00a0 \u00a0\u00a0\u00a0F 0.3 (to 650\u00b0C)<\/div>\n<\/td>\n<td colspan=\"1\" rowspan=\"2\">\u00a0 \u00a0 \u00a0 \u00a032 208 228<\/td>\n<\/tr>\n<tr>\n<td>\n<div>\u00a0 \u00a0 \u00a0 \u00a0 \u00a0\u00a0Class 2B (to 850\u00b0C)<\/div>\n<\/td>\n<td>\n<div>\u00a0 \u00a0 \u00a0 \u00a0 \u00a0\u00a0\u00a0F 0.6 (to 850\u00b0C)<\/div>\n<\/td>\n<\/tr>\n<\/tbody>\n<\/table>\n<\/div>\n<\/div>\n<p>&nbsp;<\/p>\n<p>&nbsp;<\/p>\n<p>&nbsp;<\/p>\n<p>&nbsp;<\/p>\n<p>&nbsp;<\/p>\n<p>&nbsp;<\/p>\n<p>&nbsp;<\/p>\n<div class=\"sliderTable mt10 mb10 sliderTable-index1\">\n<div class=\"inner\">\n<table>\n<tbody>\n<tr>\n<td>\n<p class=\"p0\">\u00a0 \u00a0 \u00a0 \u00a0 \u00a0Specification<\/p>\n<\/td>\n<td>\n<p class=\"p0\">\u00a0 \u00a0 \u00a0 \u00a0 \u00a0DIN EN 60751<\/p>\n<\/td>\n<\/tr>\n<tr>\n<td>\n<p class=\"p0\">\u00a0 \u00a0 \u00a0 \u00a0 \u00a0Temperature Range<\/p>\n<\/td>\n<td>\n<p class=\"p0\">\u00a0 \u00a0 \u00a0 \u00a0 \u00a0-70\u00b0C\u00a0up to +850\u00b0C<\/p>\n<p class=\"p0\">\u00a0 \u00a0 \u00a0 \u00a0 \u00a0Tolerance Class B: -70\u00b0C\u00a0up to +650\u00b0C<\/p>\n<p class=\"p0\">\u00a0 \u00a0 \u00a0 \u00a0 \u00a0Tolerance Class 2B: -70\u00b0C\u00a0up to +850\u00b0C<\/p>\n<\/td>\n<\/tr>\n<tr>\n<td>\n<p class=\"p0\">\u00a0 \u00a0 \u00a0 \u00a0 \u00a0Temperature Coefficient<\/p>\n<\/td>\n<td>\n<p class=\"p0\">\u00a0 \u00a0 \u00a0 \u00a0 \u00a0TC = 3850 ppm\/K<\/p>\n<\/td>\n<\/tr>\n<tr>\n<td>\n<p class=\"p0\">\u00a0 \u00a0 \u00a0 \u00a0 \u00a0Leads<\/p>\n<\/td>\n<td>\n<p class=\"p0\">\u00a0 \u00a0 \u00a0 \u00a0 \u00a0Pt- wire<\/p>\n<\/td>\n<\/tr>\n<tr>\n<td>\n<p class=\"p0\">\u00a0 \u00a0 \u00a0 \u00a0 \u00a0Lead Length (L)<\/p>\n<\/td>\n<td>\n<p class=\"p0\">\u00a0 \u00a0 \u00a0 \u00a0 \u00a06mm\u00a0+1mm<\/p>\n<\/td>\n<\/tr>\n<tr>\n<td>\n<p class=\"p0\">\u00a0 \u00a0 \u00a0 \u00a0 \u00a0Long-term Tests<\/p>\n<\/td>\n<td>\n<p class=\"p0\">\u00a0 \u00a0 \u00a0 \u00a0 \u00a01000h at 850 (energized, open)<\/p>\n<p class=\"p0\">\u00a0 \u00a0 \u00a0 \u00a0 \u00a0smaller then the allowed deviation according to DIN B. 1000 h<\/p>\n<p class=\"p0\">\u00a0 \u00a0 \u00a0 \u00a0 \u00a0at 650\u00b0C(under current as clean MI-type) smaller then the<\/p>\n<p class=\"p0\">\u00a0 \u00a0 \u00a0 \u00a0 \u00a0allowed deviation according to DIN B<\/p>\n<\/td>\n<\/tr>\n<tr>\n<td>\n<p class=\"p0\">\u00a0 \u00a0 \u00a0 \u00a0 \u00a0Vibration Resistance<\/p>\n<\/td>\n<td>\n<p class=\"p0\">\u00a0 \u00a0 \u00a0 \u00a0 \u00a0at least 40g acceleration with 8ms half sine<\/p>\n<p class=\"p0\">\u00a0 \u00a0 \u00a0 \u00a0 \u00a0wave signal, depends on the installation<\/p>\n<\/td>\n<\/tr>\n<tr>\n<td>\n<p class=\"p0\">\u00a0 \u00a0 \u00a0 \u00a0 \u00a0Shock Resistance<\/p>\n<\/td>\n<td>\n<p class=\"p0\">\u00a0 \u00a0 \u00a0 \u00a0 \u00a0at least 100g acceleration at frequencies<\/p>\n<p class=\"p0\">\u00a0 \u00a0 \u00a0 \u00a0 \u00a0from 10Hz up to 2000Hz, depends on the<\/p>\n<p class=\"p0\">\u00a0 \u00a0 \u00a0 \u00a0 \u00a0installation<\/p>\n<\/td>\n<\/tr>\n<tr>\n<td>\n<p class=\"p0\">\u00a0 \u00a0 \u00a0 \u00a0 \u00a0Environmental Conditions<\/p>\n<\/td>\n<td>\n<p class=\"p0\">\u00a0 \u00a0 \u00a0 \u00a0 \u00a0Unhoused for dry environment only, Up to 650\u00b0C<br \/>\nin housings also<\/p>\n<p class=\"p0\">\u00a0 \u00a0 \u00a0 \u00a0 \u00a0as clean MI-type possible, above 650 no reducing atmosphere,<\/p>\n<p class=\"p0\">\u00a0 \u00a0 \u00a0 \u00a0 \u00a0free air admission necessary<\/p>\n<\/td>\n<\/tr>\n<tr>\n<td>\n<p class=\"p0\">\u00a0 \u00a0 \u00a0 \u00a0 \u00a0Insulation Resistance<\/p>\n<\/td>\n<td>\n<p class=\"p0\">\u00a0 \u00a0 \u00a0 \u00a0 \u00a0&gt;100M\u03a9\u00a0at 20\u00b0C; &gt;2M\u03a9\u00a0at 650\u00b0C<\/p>\n<\/td>\n<\/tr>\n<tr>\n<td>\n<p class=\"p0\">\u00a0 \u00a0 \u00a0 \u00a0 \u00a0Self Heating<\/p>\n<\/td>\n<td>\n<p class=\"p0\">\u00a0 \u00a0 \u00a0 \u00a0 \u00a00.2 K\/mW<\/p>\n<\/td>\n<\/tr>\n<tr>\n<td>\n<p class=\"p0\">\u00a0 \u00a0 \u00a0 \u00a0 \u00a0Response Time<\/p>\n<\/td>\n<td>\n<p class=\"p0\">\u00a0 \u00a0 \u00a0 \u00a0 \u00a0Water current (v= 0.4m\/s): t0.5 = 0.05s<\/p>\n<p class=\"p0\">\u00a0 \u00a0 \u00a0 \u00a0 \u00a0\u00a0\u00a0 \u00a0 \u00a0 \u00a0 \u00a0 \u00a0 \u00a0 \u00a0 \u00a0 \u00a0 \u00a0 \u00a0t0.9 = 0.17s<\/p>\n<p class=\"p0\">\u00a0 \u00a0 \u00a0 \u00a0 \u00a0Air stream (v= 2m\/s): t0.5 = 3.3s<\/p>\n<p class=\"p0\">\u00a0 \u00a0 \u00a0 \u00a0 \u00a0\u00a0\u00a0 \u00a0 \u00a0 \u00a0 \u00a0 \u00a0 \u00a0 \u00a0 \u00a0 t0.9 = 13.0s<\/p>\n<\/td>\n<\/tr>\n<tr>\n<td>\n<p class=\"p0\">\u00a0 \u00a0 \u00a0 \u00a0 \u00a0Measuring Current<\/p>\n<\/td>\n<td>\n<p class=\"p0\">\u00a0 \u00a0 \u00a0 \u00a0 \u00a020\u00b0C\u00a0max.\u00a05mA; 850\u00b0C\u00a0max. 2.8mA<\/p>\n<p class=\"p0\">\u00a0 \u00a0 \u00a0 \u00a0 \u00a0(self heating has to be considered)<\/p>\n<\/td>\n<\/tr>\n<tr>\n<td>\n<p class=\"p0\">\u00a0 \u00a0 \u00a0 \u00a0 \u00a0Note<\/p>\n<\/td>\n<td>\n<p class=\"p0\">\u00a0 \u00a0 \u00a0 \u00a0 \u00a0Other tolerances,values of resistance and wire lengths are<\/p>\n<p class=\"p0\">\u00a0 \u00a0 \u00a0 \u00a0 \u00a0available on request.<\/p>\n<\/td>\n<\/tr>\n<\/tbody>\n<\/table>\n<\/div>\n<\/div>\n<p>&nbsp;<\/p>\n","protected":false},"excerpt":{"rendered":"<p>Todos los tama\u00f1os disponibles<br \/>\nMuestra Disponible<\/p>\n","protected":false},"featured_media":6588,"template":"","meta":[],"product_brand":[],"product_cat":[71],"product_tag":[],"class_list":{"0":"post-4546","1":"product","2":"type-product","3":"status-publish","4":"has-post-thumbnail","6":"product_cat-platino-rtd-sensores","8":"first","9":"instock","10":"shipping-taxable","11":"product-type-simple"},"_links":{"self":[{"href":"https:\/\/industemp.com\/es\/wp-json\/wp\/v2\/product\/4546","targetHints":{"allow":["GET"]}}],"collection":[{"href":"https:\/\/industemp.com\/es\/wp-json\/wp\/v2\/product"}],"about":[{"href":"https:\/\/industemp.com\/es\/wp-json\/wp\/v2\/types\/product"}],"wp:featuredmedia":[{"embeddable":true,"href":"https:\/\/industemp.com\/es\/wp-json\/wp\/v2\/media\/6588"}],"wp:attachment":[{"href":"https:\/\/industemp.com\/es\/wp-json\/wp\/v2\/media?parent=4546"}],"wp:term":[{"taxonomy":"product_brand","embeddable":true,"href":"https:\/\/industemp.com\/es\/wp-json\/wp\/v2\/product_brand?post=4546"},{"taxonomy":"product_cat","embeddable":true,"href":"https:\/\/industemp.com\/es\/wp-json\/wp\/v2\/product_cat?post=4546"},{"taxonomy":"product_tag","embeddable":true,"href":"https:\/\/industemp.com\/es\/wp-json\/wp\/v2\/product_tag?post=4546"}],"curies":[{"name":"wp","href":"https:\/\/api.w.org\/{rel}","templated":true}]}}