{"id":4550,"date":"2019-07-01T14:02:01","date_gmt":"2019-07-01T14:02:01","guid":{"rendered":"https:\/\/industemp.com\/?post_type=product&#038;p=4550"},"modified":"2025-06-06T00:32:45","modified_gmt":"2025-06-06T00:32:45","slug":"rtd-thin-film-1-251-7mm","status":"publish","type":"product","link":"https:\/\/industemp.com\/es\/producto\/rtd-thin-film-1-251-7mm\/","title":{"rendered":"RTD thin film 1.25*1.7mm"},"content":{"rendered":"<p>Los PRTD de la serie M est\u00e1n dise\u00f1ados para aplicaciones de gran volumen donde la estabilidad a largo plazo, la intercambiabilidad y la precisi\u00f3n en un amplio rango de temperatura es vital. Las aplicaciones t\u00edpicas son automoci\u00f3n, electrodom\u00e9sticos, climatizaci\u00f3n, gesti\u00f3n de la energ\u00eda, equipos m\u00e9dicos e industriales.<\/p>\n<p>&nbsp;<\/p>\n<p>&nbsp;<\/p>\n<div class=\"sliderTable mt10 mb10 sliderTable-index0\">\n<div class=\"inner\">\n<table border=\"1\" cellspacing=\"1\" cellpadding=\"1\">\n<tbody>\n<tr>\n<td>\u00a0 \u00a0 \u00a0 \u00a0 \u00a0Nominal Resistance R0<\/td>\n<td>\n<div>\u00a0 \u00a0 \u00a0 \u00a0 \u00a0 \u00a0\u00a0Tolerance<\/div>\n<div>\u00a0 \u00a0 \u00a0 \u00a0 \u00a0 \u00a0\u00a0DIN \u00a0EN 60751<\/div>\n<div>\u00a0 \u00a0 \u00a0 \u00a0 \u00a0 \u00a0\u00a01996-07<\/div>\n<\/td>\n<td>\n<div>\u00a0 \u00a0 \u00a0 \u00a0 \u00a0 \u00a0\u00a0Tolerance<\/div>\n<div>\u00a0 \u00a0 \u00a0 \u00a0 \u00a0 \u00a0\u00a0DIN EN 60751<br \/>\n2009-05<\/div>\n<\/td>\n<td>\u00a0 \u00a0 \u00a0 \u00a0 \u00a0Order code<\/td>\n<\/tr>\n<tr>\n<td colspan=\"1\" rowspan=\"3\">\u00a0 \u00a0 \u00a0 \u00a0 \u00a0100 Ohm at 0\u00b0C<\/td>\n<td>\u00a0 \u00a0 \u00a0 \u00a0 \u00a0class 1\/3B<\/td>\n<td>\u00a0 \u00a0 \u00a0 \u00a0 \u00a0F 0.1<\/td>\n<td>\u00a0 \u00a0 \u00a0 \u00a0 \u00a032 207 692<\/td>\n<\/tr>\n<tr>\n<td>\u00a0 \u00a0 \u00a0 \u00a0 \u00a0class A<\/td>\n<td>\u00a0 \u00a0 \u00a0 \u00a0 \u00a0F 0.15<\/td>\n<td>\u00a0 \u00a0 \u00a0 \u00a0 \u00a032 207 691<\/td>\n<\/tr>\n<tr>\n<td>\u00a0 \u00a0 \u00a0 \u00a0 \u00a0class B<\/td>\n<td>\u00a0 \u00a0 \u00a0 \u00a0 \u00a0F 0.3<\/td>\n<td>\u00a0 \u00a0 \u00a0 \u00a0 \u00a032 207 690<\/td>\n<\/tr>\n<tr>\n<td>\u00a0 \u00a0 \u00a0 \u00a0 \u00a01000 Ohm at 0\u00b0C<\/td>\n<td>\u00a0 \u00a0 \u00a0 \u00a0 \u00a0class B<\/td>\n<td>\u00a0 \u00a0 \u00a0 \u00a0 \u00a0F 0.3<\/td>\n<td>\u00a0 \u00a0 \u00a0 \u00a0 \u00a032 207 695<\/td>\n<\/tr>\n<\/tbody>\n<\/table>\n<\/div>\n<\/div>\n<p>&nbsp;<\/p>\n","protected":false},"excerpt":{"rendered":"<p>Todos los tama\u00f1os disponibles<br \/>\nMuestra Disponible<\/p>\n","protected":false},"featured_media":4547,"template":"","meta":[],"product_brand":[],"product_cat":[71],"product_tag":[],"class_list":{"0":"post-4550","1":"product","2":"type-product","3":"status-publish","4":"has-post-thumbnail","6":"product_cat-platino-rtd-sensores","8":"first","9":"instock","10":"shipping-taxable","11":"product-type-simple"},"_links":{"self":[{"href":"https:\/\/industemp.com\/es\/wp-json\/wp\/v2\/product\/4550","targetHints":{"allow":["GET"]}}],"collection":[{"href":"https:\/\/industemp.com\/es\/wp-json\/wp\/v2\/product"}],"about":[{"href":"https:\/\/industemp.com\/es\/wp-json\/wp\/v2\/types\/product"}],"wp:featuredmedia":[{"embeddable":true,"href":"https:\/\/industemp.com\/es\/wp-json\/wp\/v2\/media\/4547"}],"wp:attachment":[{"href":"https:\/\/industemp.com\/es\/wp-json\/wp\/v2\/media?parent=4550"}],"wp:term":[{"taxonomy":"product_brand","embeddable":true,"href":"https:\/\/industemp.com\/es\/wp-json\/wp\/v2\/product_brand?post=4550"},{"taxonomy":"product_cat","embeddable":true,"href":"https:\/\/industemp.com\/es\/wp-json\/wp\/v2\/product_cat?post=4550"},{"taxonomy":"product_tag","embeddable":true,"href":"https:\/\/industemp.com\/es\/wp-json\/wp\/v2\/product_tag?post=4550"}],"curies":[{"name":"wp","href":"https:\/\/api.w.org\/{rel}","templated":true}]}}