{"id":4552,"date":"2019-07-01T14:05:12","date_gmt":"2019-07-01T14:05:12","guid":{"rendered":"https:\/\/industemp.com\/?post_type=product&#038;p=4552"},"modified":"2025-06-06T00:24:00","modified_gmt":"2025-06-06T00:24:00","slug":"rtd-thin-film-2-12-3mm","status":"publish","type":"product","link":"https:\/\/industemp.com\/es\/producto\/rtd-thin-film-2-12-3mm\/","title":{"rendered":"RTD thin film 2.1*2.3mm"},"content":{"rendered":"<p>Las PRTD de Mseries est\u00e1n dise\u00f1adas para aplicaciones de gran volumen donde la estabilidad a largo plazo, la intercambiabilidad y la precisi\u00f3n en un amplio rango de temperatura es vital. Las aplicaciones t\u00edpicas son automoci\u00f3n, electrodom\u00e9sticos, climatizaci\u00f3n, Gesti\u00f3n energ\u00e9tica, Equipamiento m\u00e9dico e industrial.<\/p>\n<p>&nbsp;<\/p>\n<div>\n<div class=\"sliderTable mt10 mb10 sliderTable-index0\">\n<div class=\"inner\">\n<table border=\"1\" cellspacing=\"1\" cellpadding=\"1\">\n<tbody>\n<tr>\n<td>\u00a0 \u00a0 \u00a0 \u00a0 \u00a0Nominal Resistance R0<\/td>\n<td>\u00a0 \u00a0 \u00a0 \u00a0 \u00a0Tolerance<\/td>\n<td>\u00a0 \u00a0 \u00a0 \u00a0 \u00a0Order code<\/td>\n<\/tr>\n<tr>\n<td colspan=\"1\" rowspan=\"3\">\u00a0 \u00a0 \u00a0 \u00a0 \u00a0100 Ohm at 0\u00b0C<\/td>\n<td>\u00a0 \u00a0 \u00a0 \u00a0 \u00a0DIN EN 60751, class B<\/td>\n<td>\u00a0 \u00a0 \u00a0 \u00a0 \u00a032 208 548<\/td>\n<\/tr>\n<tr>\n<td>\u00a0 \u00a0 \u00a0 \u00a0 \u00a0DIN EN 60751, class A<\/td>\n<td>\u00a0 \u00a0 \u00a0 \u00a0 \u00a032 208 550<\/td>\n<\/tr>\n<tr>\n<td>\u00a0 \u00a0 \u00a0 \u00a0 \u00a0DIN EN 60751, class 1\/3 DIN<\/td>\n<td>\u00a0 \u00a0 \u00a0 \u00a0 \u00a032 208 551<\/td>\n<\/tr>\n<tr>\n<td>\u00a0 \u00a0 \u00a0 \u00a0 \u00a0500 Ohm at 0\u00b0C<\/td>\n<td>\u00a0 \u00a0 \u00a0 \u00a0 \u00a0DIN EN 60751, class B<\/td>\n<td>\u00a0 \u00a0 \u00a0 \u00a0 \u00a032 208 706<\/td>\n<\/tr>\n<tr>\n<td colspan=\"1\" rowspan=\"3\">\u00a0 \u00a0 \u00a0 \u00a0 \u00a01000 Ohm at 0\u00b0C<\/td>\n<td>\u00a0 \u00a0 \u00a0 \u00a0 \u00a0DIN EN 60751, class B<\/td>\n<td>\u00a0 \u00a0 \u00a0 \u00a0 \u00a032 208 571<\/td>\n<\/tr>\n<tr>\n<td>\u00a0 \u00a0 \u00a0 \u00a0 \u00a0DIN EN 60751, class A<\/td>\n<td>\u00a0 \u00a0 \u00a0 \u00a0 \u00a032 208 572<\/td>\n<\/tr>\n<tr>\n<td>\u00a0 \u00a0 \u00a0 \u00a0 \u00a0DIN EN 60751, class 1\/3 DIN<\/td>\n<td>\u00a0 \u00a0 \u00a0 \u00a0 \u00a032 208 707<\/p>\n<p>&nbsp;<\/p>\n<p>&nbsp;<\/td>\n<\/tr>\n<\/tbody>\n<\/table>\n<\/div>\n<\/div>\n<\/div>\n<p>&nbsp;<\/p>\n<p>&nbsp;<\/p>\n<p>El punto de medici\u00f3n de la resistencia nominal se define a 8 mm desde el extremo del cuerpo del sensor.<\/p>\n<p>&nbsp;<\/p>\n<p>&nbsp;<\/p>\n<p>&nbsp;<\/p>\n<div class=\"sliderTable mt10 mb10 sliderTable-index1\">\n<div class=\"inner\">\n<table>\n<tbody>\n<tr>\n<td class=\"selectedTd\">\n<p class=\"p0\">\u00a0 \u00a0 \u00a0 \u00a0 \u00a0Specification<\/p>\n<\/td>\n<td class=\"selectedTd\">\n<p class=\"p0\">\u00a0 \u00a0 \u00a0 \u00a0 \u00a0DIN EN 60751 (according to IEC 751)<\/p>\n<\/td>\n<\/tr>\n<tr>\n<td class=\"selectedTd\">\n<p class=\"p0\">\u00a0 \u00a0 \u00a0 \u00a0 \u00a0Temperature\u00a0Range<\/p>\n<\/td>\n<td class=\"selectedTd\">\n<p class=\"p0\">\u00a0 \u00a0 \u00a0 \u00a0 \u00a0-70\u00b0C\u00a0to +500\u00b0C(continuous operation)<\/p>\n<p class=\"p0\">\u00a0 \u00a0 \u00a0 \u00a0 \u00a0(temporary use to 550\u00b0Cpossible)<\/p>\n<p class=\"p0\">\u00a0 \u00a0 \u00a0 \u00a0 \u00a0Tolerance class B: &#8211; 70\u00b0C\u00a0to + 500\u00b0C<\/p>\n<p class=\"p0\">\u00a0 \u00a0 \u00a0 \u00a0 \u00a0Tolerance class A: &#8211; 50\u00b0C\u00a0to + 300\u00b0C<\/p>\n<p class=\"p0\">\u00a0 \u00a0 \u00a0 \u00a0 \u00a0Tolerance class 1\/3 DIN: 0\u00b0C\u00a0to + 150\u00b0C<\/p>\n<\/td>\n<\/tr>\n<tr>\n<td>\n<p class=\"p0\">\u00a0 \u00a0 \u00a0 \u00a0 \u00a0Temperature\u00a0Coefficient<\/p>\n<\/td>\n<td>\n<p class=\"p0\">\u00a0 \u00a0 \u00a0 \u00a0 \u00a0TC = 3850 ppm\/K<\/p>\n<\/td>\n<\/tr>\n<tr>\n<td>\n<p class=\"p0\">\u00a0 \u00a0 \u00a0 \u00a0 \u00a0Leads<\/p>\n<\/td>\n<td>\n<p class=\"p0\">\u00a0 \u00a0 \u00a0 \u00a0 \u00a0Pt clad Ni wire<\/p>\n<\/td>\n<\/tr>\n<tr>\n<td>\n<p class=\"p0\">\u00a0 \u00a0 \u00a0 \u00a0 \u00a0Long-term\u00a0Stability<\/p>\n<\/td>\n<td>\n<p class=\"p0\">\u00a0 \u00a0 \u00a0 \u00a0 \u00a0max. R0-drift 0.04% after 1000 h at 500\u00b0C<\/p>\n<\/td>\n<\/tr>\n<tr>\n<td>\n<p class=\"p0\">\u00a0 \u00a0 \u00a0 \u00a0 \u00a0Vibration\u00a0Resistance<\/p>\n<\/td>\n<td>\n<p class=\"p0\">\u00a0 \u00a0 \u00a0 \u00a0 \u00a0at least 40 g acceleration at 10 to 2000 Hz,<\/p>\n<p class=\"p0\">\u00a0 \u00a0 \u00a0 \u00a0 \u00a0depends on installation<\/p>\n<\/td>\n<\/tr>\n<tr>\n<td>\n<p class=\"p0\">\u00a0 \u00a0 \u00a0 \u00a0 \u00a0Shock\u00a0Resistance<\/p>\n<\/td>\n<td>\n<p class=\"p0\">\u00a0 \u00a0 \u00a0 \u00a0 \u00a0at least 100 g acceleration with 8ms half sine wave,<\/p>\n<p class=\"p0\">\u00a0 \u00a0 \u00a0 \u00a0 \u00a0depends on installation<\/p>\n<\/td>\n<\/tr>\n<tr>\n<td>\n<p class=\"p0\">\u00a0 \u00a0 \u00a0 \u00a0 \u00a0Environmental\u00a0Conditions<\/p>\n<\/td>\n<td>\n<p class=\"p0\">\u00a0 \u00a0 \u00a0 \u00a0 \u00a0Unhoused for dry environment only<\/p>\n<\/td>\n<\/tr>\n<tr>\n<td>\n<p class=\"p0\">\u00a0 \u00a0 \u00a0 \u00a0 \u00a0Insulation\u00a0Resistance<\/p>\n<\/td>\n<td>\n<p class=\"p0\">\u00a0 \u00a0 \u00a0 \u00a0 \u00a0&gt; 100M\u00b0C\u00a0at 20\u00b0C; &gt; 2 M\u00b0C\u00a0at 500\u00b0C<\/p>\n<\/td>\n<\/tr>\n<tr>\n<td>\n<p class=\"p0\">\u00a0 \u00a0 \u00a0 \u00a0 \u00a0Self\u00a0Heating<\/p>\n<\/td>\n<td>\n<p class=\"p0\">\u00a0 \u00a0 \u00a0 \u00a0 \u00a00.4 K\/mW at 0\u00b0C<\/p>\n<\/td>\n<\/tr>\n<tr>\n<td>\n<p class=\"p0\">\u00a0 \u00a0 \u00a0 \u00a0 \u00a0Response\u00a0Time<\/p>\n<\/td>\n<td>\n<p class=\"p0\">\u00a0 \u00a0 \u00a0 \u00a0 \u00a0Water current (v= 0.4m\/s): t0.5 = 0.05s;\u00a0t0.9 = 0.15s<\/p>\n<p class=\"p0\">\u00a0 \u00a0 \u00a0 \u00a0 \u00a0Air stream (v= 2m\/s): t0.5 = 3.0s;\u00a0t0.9 = 10.0s<\/p>\n<\/td>\n<\/tr>\n<tr>\n<td>\n<p class=\"p0\">\u00a0 \u00a0 \u00a0 \u00a0 \u00a0Measuring\u00a0Current<\/p>\n<\/td>\n<td>\n<p class=\"p0\">\u00a0 \u00a0 \u00a0 \u00a0 \u00a0100\u00b0C: 0.3 to 1.0 mA<\/p>\n<p class=\"p0\">\u00a0 \u00a0 \u00a0 \u00a0 \u00a0500\u00b0C: 0.1 to 0.7 mA<\/p>\n<p class=\"p0\">\u00a0 \u00a0 \u00a0 \u00a0 \u00a01000\u00b0C: 0.1 bis 0.3 mA<\/p>\n<p class=\"p0\">\u00a0 \u00a0 \u00a0 \u00a0 \u00a0(self heating has to be considered)<\/p>\n<\/td>\n<\/tr>\n<tr>\n<td>\n<p class=\"p0\">\u00a0 \u00a0 \u00a0 \u00a0 \u00a0Note<\/p>\n<\/td>\n<td>\n<p class=\"p0\">\u00a0 \u00a0 \u00a0 \u00a0 \u00a0Other tolerances,\u00a0values of resistance and wire lengths are<\/p>\n<p class=\"p0\">\u00a0 \u00a0 \u00a0 \u00a0 \u00a0available on request.<\/p>\n<\/td>\n<\/tr>\n<\/tbody>\n<\/table>\n<\/div>\n<\/div>\n<p>&nbsp;<\/p>\n","protected":false},"excerpt":{"rendered":"<p>Todos los tama\u00f1os disponibles<br \/>\nMuestra Disponible<\/p>\n","protected":false},"featured_media":4547,"template":"","meta":[],"product_brand":[],"product_cat":[71],"product_tag":[],"class_list":{"0":"post-4552","1":"product","2":"type-product","3":"status-publish","4":"has-post-thumbnail","6":"product_cat-platino-rtd-sensores","8":"first","9":"instock","10":"shipping-taxable","11":"product-type-simple"},"_links":{"self":[{"href":"https:\/\/industemp.com\/es\/wp-json\/wp\/v2\/product\/4552","targetHints":{"allow":["GET"]}}],"collection":[{"href":"https:\/\/industemp.com\/es\/wp-json\/wp\/v2\/product"}],"about":[{"href":"https:\/\/industemp.com\/es\/wp-json\/wp\/v2\/types\/product"}],"wp:featuredmedia":[{"embeddable":true,"href":"https:\/\/industemp.com\/es\/wp-json\/wp\/v2\/media\/4547"}],"wp:attachment":[{"href":"https:\/\/industemp.com\/es\/wp-json\/wp\/v2\/media?parent=4552"}],"wp:term":[{"taxonomy":"product_brand","embeddable":true,"href":"https:\/\/industemp.com\/es\/wp-json\/wp\/v2\/product_brand?post=4552"},{"taxonomy":"product_cat","embeddable":true,"href":"https:\/\/industemp.com\/es\/wp-json\/wp\/v2\/product_cat?post=4552"},{"taxonomy":"product_tag","embeddable":true,"href":"https:\/\/industemp.com\/es\/wp-json\/wp\/v2\/product_tag?post=4552"}],"curies":[{"name":"wp","href":"https:\/\/api.w.org\/{rel}","templated":true}]}}