{"id":4558,"date":"2019-07-01T15:00:06","date_gmt":"2019-07-01T15:00:06","guid":{"rendered":"https:\/\/industemp.com\/?post_type=product&#038;p=4558"},"modified":"2021-03-20T23:03:44","modified_gmt":"2021-03-20T23:03:44","slug":"99-5-tubo-de-proteccion-de-termopar-de-alumina-2","status":"publish","type":"product","link":"https:\/\/industemp.com\/es\/producto\/99-5-tubo-de-proteccion-de-termopar-de-alumina-2\/","title":{"rendered":"99.5% Tubo de protecci\u00f3n de termopar de al\u00famina"},"content":{"rendered":"<p>Los tubos de protecci\u00f3n de termopar de al\u00famina est\u00e1n disponibles como un tubo de extremo cerrado con un reutilizable<br \/>\nDispositivo de acoplamiento de acero inoxidable. Este dispositivo tiene 2 formas de uso: el tubo de protecci\u00f3n de termopar.<br \/>\nse puede colgar por la brida o se puede colocar a trav\u00e9s del extremo roscado del dispositivo de acoplamiento.<\/p>\n<p>Caracter\u00edsticas:<br \/>\n1. Materiales: 95% de \u00f3xido de al\u00famina, 99,5% de \u00f3xido de al\u00famina<br \/>\n2. Color: blanco, rosa, amarillo claro.<br \/>\n3. Forma: un extremo cerrado<br \/>\n4. Aplicaci\u00f3n: se utiliza para todo tipo de equipos de calefacci\u00f3n el\u00e9ctrica y equipos el\u00e9ctricos, y maquinaria textil<br \/>\n5. Temperatura maxima 1700C\u00b0<\/p>\n<p>Ventaja:<br \/>\n1. Buena resistencia suave y alta<br \/>\n2. Una variedad de especificaciones disponibles<br \/>\n3. OEM, ODM y OBM son bienvenidos<\/p>\n<p>\u00abINFORMACION TECNICA\u00bb<\/p>\n<div class=\"sliderTable mt10 mb10 sliderTable-index0\">\n<div class=\"inner\">\n<table border=\"0\" cellspacing=\"1\" cellpadding=\"0\">\n<tbody>\n<tr>\n<td>\u00a0 \u00a0 \u00a0 \u00a0Tech-data<\/td>\n<td>\u00a0 \u00a0 \u00a0 \u00a0Test conditions<\/td>\n<td>\u00a0 \u00a0 \u00a0 \u00a0Unit<\/td>\n<td>\u00a0 \u00a0 \u00a0 \u00a095%AL2O3<\/td>\n<td>\u00a0 \u00a0 \u00a0 \u00a099.5%AL2O3<\/td>\n<\/tr>\n<tr>\n<td>\u00a0 \u00a0 \u00a0 \u00a0Density<\/td>\n<td><\/td>\n<td>\u00a0 \u00a0 \u00a0 \u00a0g\/cm3<\/td>\n<td>\u00a0 \u00a0 \u00a0 \u00a0&gt;3.60<\/td>\n<td>\u00a0 \u00a0 \u00a0 \u00a03.7<\/td>\n<\/tr>\n<tr>\n<td>\u00a0 \u00a0 \u00a0 \u00a0Bending Strength<\/td>\n<td><\/td>\n<td>\u00a0 \u00a0 \u00a0 \u00a0N\/m3<\/td>\n<td>\u00a0 \u00a0 \u00a0 \u00a02.24\u00d7108<\/td>\n<td>\u00a0 \u00a0 \u00a0 \u00a0&gt;2.74\u00d7108<\/td>\n<\/tr>\n<tr>\n<td rowspan=\"3\">\u00a0 \u00a0 \u00a0 \u00a0Linear Expansibility<\/td>\n<td>\u00a0 \u00a0 \u00a0 \u00a020\uff5e1000C<\/td>\n<td>\u00a0 \u00a0 \u00a0 \u00a0\u00d710-6\/0C<\/td>\n<td>\u00a0 \u00a0 \u00a0 \u00a0&#8211;<\/td>\n<td>\u00a0 \u00a0 \u00a0 \u00a0&#8211;<\/td>\n<\/tr>\n<tr>\n<td>\u00a0 \u00a0 \u00a0 \u00a020\uff5e5000C<\/td>\n<td>\u00a0 \u00a0 \u00a0 \u00a0\u00d710-6\/0C<\/td>\n<td>\u00a0 \u00a0 \u00a0 \u00a06.2\uff5e7.5<\/td>\n<td>\u00a0 \u00a0 \u00a0 \u00a06.2\uff5e7.5<\/td>\n<\/tr>\n<tr>\n<td>\u00a0 \u00a0 \u00a0 \u00a020\uff5e8000C<\/td>\n<td>\u00a0 \u00a0 \u00a0 \u00a0\u00d710-6\/0C<\/td>\n<td>\u00a0 \u00a0 \u00a0 \u00a06.5\uff5e8.0<\/td>\n<td>\u00a0 \u00a0 \u00a0 \u00a06.5\uff5e8.0<\/td>\n<\/tr>\n<tr>\n<td rowspan=\"2\">\u00a0 \u00a0 \u00a0 \u00a0Specific Inductive<br \/>\nCapacity<\/td>\n<td>\u00a0 \u00a0 \u00a0 \u00a01MH2<\/td>\n<td><\/td>\n<td>\u00a0 \u00a0 \u00a0 \u00a09\uff5e10<\/td>\n<td>\u00a0 \u00a0 \u00a0 \u00a09\uff5e10.5<\/td>\n<\/tr>\n<tr>\n<td>\u00a0 \u00a0 \u00a0 \u00a010GMH2<\/td>\n<td><\/td>\n<td>\u00a0 \u00a0 \u00a0 \u00a09\uff5e10<\/td>\n<td>\u00a0 \u00a0 \u00a0 \u00a0&#8211;<\/td>\n<\/tr>\n<tr>\n<td>\u00a0 \u00a0 \u00a0 \u00a0Dielectric Loss Value<\/td>\n<td>\u00a0 \u00a0 \u00a0 \u00a01MH2<\/td>\n<td>\u00a0 \u00a0 \u00a0 \u00a0\u00d710-6<\/td>\n<td>\u00a0 \u00a0 \u00a0 \u00a0\u22644<\/td>\n<td>\u00a0 \u00a0 \u00a0 \u00a0\u22641.5<\/td>\n<\/tr>\n<tr>\n<td>\u00a0 \u00a0 \u00a0 \u00a0Tangent<\/td>\n<td>\u00a0 \u00a0 \u00a0 \u00a010GMH2<\/td>\n<td>\u00a0 \u00a0 \u00a0 \u00a0\u00d710-6<\/td>\n<td>\u00a0 \u00a0 \u00a0 \u00a0\u226410<\/td>\n<td>\u00a0 \u00a0 \u00a0 \u00a0&#8211;<\/td>\n<\/tr>\n<tr>\n<td rowspan=\"3\">\u00a0 \u00a0 \u00a0 \u00a0Volume Resistance<\/td>\n<td>\u00a0 \u00a0 \u00a0 \u00a01000C<\/td>\n<td>\u00a0 \u00a0 \u00a0 \u00a0\u03a9\u00b7cm<\/td>\n<td>\u00a0 \u00a0 \u00a0 \u00a0&gt;1013<\/td>\n<td>\u00a0 \u00a0 \u00a0 \u00a0&gt;1014<\/td>\n<\/tr>\n<tr>\n<td>\u00a0 \u00a0 \u00a0 \u00a03000C<\/td>\n<td>\u00a0 \u00a0 \u00a0 \u00a0\u03a9\u00b7cm<\/td>\n<td>\u00a0 \u00a0 \u00a0 \u00a0&gt;1016<\/td>\n<td>\u00a0 \u00a0 \u00a0 \u00a0&gt;1012<\/td>\n<\/tr>\n<tr>\n<td>\u00a0 \u00a0 \u00a0 \u00a05000C<\/td>\n<td>\u00a0 \u00a0 \u00a0 \u00a0\u03a9\u00b7cm<\/td>\n<td>\u00a0 \u00a0 \u00a0 \u00a0108<\/td>\n<td>\u00a0 \u00a0 \u00a0 \u00a0&#8211;<\/td>\n<\/tr>\n<tr>\n<td>\u00a0 \u00a0 \u00a0 \u00a0Breakdown Strength<\/td>\n<td><\/td>\n<td>\u00a0 \u00a0 \u00a0 \u00a0KV\/mm<\/td>\n<td>\u00a0 \u00a0 \u00a0 \u00a015<\/td>\n<td>\u00a0 \u00a0 \u00a0 \u00a0&#8211;<\/td>\n<\/tr>\n<tr>\n<td>\u00a0 \u00a0 \u00a0 \u00a0Thermal Conductivity<\/td>\n<td>\u00a0 \u00a0 \u00a0 \u00a0200C<\/td>\n<td>\u00a0 \u00a0 \u00a0 \u00a0W\/m\u00b7K<\/td>\n<td>\u00a0 \u00a0 \u00a0 \u00a025.2<\/td>\n<td>\u00a0 \u00a0 \u00a0 \u00a029.2<\/td>\n<\/tr>\n<\/tbody>\n<\/table>\n<\/div>\n<\/div>\n<p>&nbsp;<\/p>\n<p>&nbsp;<\/p>\n<p>Sizes in stock<\/p>\n<div class=\"sliderTable mt10 mb10 sliderTable-index1\">\n<div class=\"inner\">\n<table border=\"0\" cellspacing=\"1\" cellpadding=\"0\">\n<tbody>\n<tr>\n<td>\u00a0 \u00a0 \u00a0 \u00a0CT95-4*6.5*0.7*700<\/td>\n<td>\u00a0 \u00a0 \u00a0 \u00a0CT95-13*9*1500<\/td>\n<\/tr>\n<tr>\n<td>\u00a0 \u00a0 \u00a0 \u00a0CT95-4*6.5*0.7*750<\/td>\n<td>\u00a0 \u00a0 \u00a0 \u00a0CT95-15 X 11 X 1000MM<\/td>\n<\/tr>\n<tr>\n<td>\u00a0 \u00a0 \u00a0 \u00a0CT95-5X 0,7 X 1000MM (4 FUROS)<\/td>\n<td>\u00a0 \u00a0 \u00a0 \u00a0CT95-15 X 11 X 500MM<\/td>\n<\/tr>\n<tr>\n<td>\u00a0 \u00a0 \u00a0 \u00a0CT95-5*0.7*700MM(4 FUROS)<\/td>\n<td>\u00a0 \u00a0 \u00a0 \u00a0CT95-15 X 11 X 700MM<\/td>\n<\/tr>\n<tr>\n<td>\u00a0 \u00a0 \u00a0 \u00a0CT95-6 X 4 X 700MM<\/td>\n<td>\u00a0 \u00a0 \u00a0 \u00a0CT95-15*10*1100<\/td>\n<\/tr>\n<tr>\n<td>\u00a0 \u00a0 \u00a0 \u00a0CT95-7*5*1000<\/td>\n<td>\u00a0 \u00a0 \u00a0 \u00a0CT95-15*10*1000<\/td>\n<\/tr>\n<tr>\n<td>\u00a0 \u00a0 \u00a0 \u00a0CT95-8*5*650<\/td>\n<td>\u00a0 \u00a0 \u00a0 \u00a0CT95-17*13*1125<\/td>\n<\/tr>\n<tr>\n<td>\u00a0 \u00a0 \u00a0 \u00a0CT95-8*5*800mm<\/td>\n<td>\u00a0 \u00a0 \u00a0 \u00a0CT95-18*12*1100<\/td>\n<\/tr>\n<tr>\n<td>\u00a0 \u00a0 \u00a0 \u00a0CT95-10*6*800<\/td>\n<td>\u00a0 \u00a0 \u00a0 \u00a0CT95-20*10*1200<\/td>\n<\/tr>\n<tr>\n<td>\u00a0 \u00a0 \u00a0 \u00a0CT95-10*6*1000<\/td>\n<td>\u00a0 \u00a0 \u00a0 \u00a0CT99-20*10*1200<\/td>\n<\/tr>\n<tr>\n<td>\u00a0 \u00a0 \u00a0 \u00a0CT95-10*6*1250<\/td>\n<td>\u00a0 \u00a0 \u00a0 \u00a0CT95-20 X 15 X 500MM<\/td>\n<\/tr>\n<tr>\n<td>\u00a0 \u00a0 \u00a0 \u00a0CT95-10*7*400<\/td>\n<td>\u00a0 \u00a0 \u00a0 \u00a0CT95-20 X 15 X 700MM<\/td>\n<\/tr>\n<tr>\n<td>\u00a0 \u00a0 \u00a0 \u00a0CT95-10*7*500MM<\/td>\n<td>\u00a0 \u00a0 \u00a0 \u00a0CT95-20*15*800<\/td>\n<\/tr>\n<tr>\n<td>\u00a0 \u00a0 \u00a0 \u00a0CT95-10*7*600<\/td>\n<td>\u00a0 \u00a0 \u00a0 \u00a0CT95-20*15*1000<\/td>\n<\/tr>\n<tr>\n<td>\u00a0 \u00a0 \u00a0 \u00a0CT95-10*7*650<\/td>\n<td>\u00a0 \u00a0 \u00a0 \u00a0CT95-20*15*1100<\/td>\n<\/tr>\n<tr>\n<td>\u00a0 \u00a0 \u00a0 \u00a0CT95-10 *7 *700<\/td>\n<td>\u00a0 \u00a0 \u00a0 \u00a0CT95-24*18*1100<\/td>\n<\/tr>\n<tr>\n<td>\u00a0 \u00a0 \u00a0 \u00a0CT95-10*7*1030<\/td>\n<td>\u00a0 \u00a0 \u00a0 \u00a0CT95-24*18*1500<\/td>\n<\/tr>\n<tr>\n<td>\u00a0 \u00a0 \u00a0 \u00a0CT95-12*8*1000<\/td>\n<td>\u00a0 \u00a0 \u00a0 \u00a0CT95-24 X 19 X 1000MM<\/td>\n<\/tr>\n<tr>\n<td>\u00a0 \u00a0 \u00a0 \u00a0CT95-12*8*800<\/td>\n<td>\u00a0 \u00a0 \u00a0 \u00a0CT95-24*19*500MM<\/td>\n<\/tr>\n<tr>\n<td>\u00a0 \u00a0 \u00a0 \u00a0CT95-13*9*1000<\/td>\n<td>\u00a0 \u00a0 \u00a0 \u00a0CT95-32*24*1100<\/td>\n<\/tr>\n<\/tbody>\n<\/table>\n<\/div>\n<p>&nbsp;<\/p>\n<\/div>\n<p>Any other size are available, please inquiry for the details.<\/p>\n","protected":false},"excerpt":{"rendered":"<p>MOQ: 10 unids<br \/>\nEmbalaje: caja de madera<br \/>\nMuestra disponible<\/p>\n","protected":false},"featured_media":4554,"template":"","meta":[],"product_brand":[],"product_cat":[144],"product_tag":[],"class_list":{"0":"post-4558","1":"product","2":"type-product","3":"status-publish","4":"has-post-thumbnail","6":"product_cat-tubo-de-proteccion-termocupla","8":"first","9":"instock","10":"shipping-taxable","11":"product-type-simple"},"_links":{"self":[{"href":"https:\/\/industemp.com\/es\/wp-json\/wp\/v2\/product\/4558","targetHints":{"allow":["GET"]}}],"collection":[{"href":"https:\/\/industemp.com\/es\/wp-json\/wp\/v2\/product"}],"about":[{"href":"https:\/\/industemp.com\/es\/wp-json\/wp\/v2\/types\/product"}],"wp:featuredmedia":[{"embeddable":true,"href":"https:\/\/industemp.com\/es\/wp-json\/wp\/v2\/media\/4554"}],"wp:attachment":[{"href":"https:\/\/industemp.com\/es\/wp-json\/wp\/v2\/media?parent=4558"}],"wp:term":[{"taxonomy":"product_brand","embeddable":true,"href":"https:\/\/industemp.com\/es\/wp-json\/wp\/v2\/product_brand?post=4558"},{"taxonomy":"product_cat","embeddable":true,"href":"https:\/\/industemp.com\/es\/wp-json\/wp\/v2\/product_cat?post=4558"},{"taxonomy":"product_tag","embeddable":true,"href":"https:\/\/industemp.com\/es\/wp-json\/wp\/v2\/product_tag?post=4558"}],"curies":[{"name":"wp","href":"https:\/\/api.w.org\/{rel}","templated":true}]}}