{"id":4567,"date":"2019-07-01T15:04:49","date_gmt":"2019-07-01T15:04:49","guid":{"rendered":"https:\/\/industemp.com\/?post_type=product&#038;p=4567"},"modified":"2019-07-01T15:14:06","modified_gmt":"2019-07-01T15:14:06","slug":"tubo-de-proteccion-de-acero-inoxidable","status":"publish","type":"product","link":"https:\/\/industemp.com\/es\/producto\/tubo-de-proteccion-de-acero-inoxidable\/","title":{"rendered":"Tubo de protecci\u00f3n de acero inoxidable"},"content":{"rendered":"<p>[vc_row][vc_column][vc_column_text text_larger=\u00bbno\u00bb]Los tubos de protecci\u00f3n de acero inoxidable est\u00e1n disponibles como un tubo final cerrado para la fabricaci\u00f3n de termopares ensamblados. Es para proteger la sonda de termopar.<br \/>\nSe puede conectar con cabezal de termopar por hilo.<\/p>\n<p>caracteristicas:<br \/>\n1. Materiales: SS321, SS304, SS316, SS310, SS446, INCL600, INCL801<br \/>\n2. Color: brillante<br \/>\n3. Forma: un extremo cerrado, con hilo en el otro extremo<br \/>\n4. Aplicaci\u00f3n: se utiliza para todo tipo de equipos de calefacci\u00f3n el\u00e9ctrica y equipos el\u00e9ctricos, y maquinaria textil<\/p>\n<p>Ventaja:<br \/>\n1. Buena resistencia suave y alta<br \/>\n2. Una variedad de especificaciones disponibles<br \/>\n3. OEM, ODM y OBM son bienvenidos[\/vc_column_text][\/vc_column][\/vc_row][vc_row][vc_column][vc_text_separator title=\u00bbInformacion Tecnica\u00bb][\/vc_column][\/vc_row][vc_row][vc_column][vc_column_text text_larger=\u00bbno\u00bb]<\/p>\n<div>Steel pipes &#8211; pipe schedule chart<\/div>\n<div><\/div>\n<div><\/div>\n<div class=\"sliderTable mt10 mb10 sliderTable-index0\">\n<div class=\"inner\">\n<table border=\"1\" cellspacing=\"1\" cellpadding=\"1\">\n<tbody>\n<tr>\n<td>NPS<br \/>\ninches<\/td>\n<td>N.D.<\/td>\n<td>O.D.<br \/>\nmm<\/td>\n<td>10<\/td>\n<td>20<\/td>\n<td>30<\/td>\n<td>STD<\/td>\n<td>40<\/td>\n<td>60<\/td>\n<td>XS<\/td>\n<td>80<\/td>\n<\/tr>\n<tr>\n<td>1\/8<\/td>\n<td>&#8211;<\/td>\n<td>10.3<\/td>\n<td>1.24<\/td>\n<td>&#8211;<\/td>\n<td>1.45<\/td>\n<td>1.73<\/td>\n<td>1.73<\/td>\n<td>&#8211;<\/td>\n<td>2.41<\/td>\n<td>2.41<\/td>\n<\/tr>\n<tr>\n<td>1\/4<\/td>\n<td>6<\/td>\n<td>13.7<\/td>\n<td>1.65<\/td>\n<td>&#8211;<\/td>\n<td>1.85<\/td>\n<td>2.24<\/td>\n<td>2.24<\/td>\n<td>&#8211;<\/td>\n<td>3.02<\/td>\n<td>3.02<\/td>\n<\/tr>\n<tr>\n<td>3\/8<\/td>\n<td>10<\/td>\n<td>17.1<\/td>\n<td>1.65<\/td>\n<td>&#8211;<\/td>\n<td>1.85<\/td>\n<td>2.31<\/td>\n<td>2.31<\/td>\n<td>&#8211;<\/td>\n<td>3.20<\/td>\n<td>3.2<\/td>\n<\/tr>\n<tr>\n<td>1\/2<\/td>\n<td>15<\/td>\n<td>21.34<\/td>\n<td>2.11<\/td>\n<td>&#8211;<\/td>\n<td>2.41<\/td>\n<td>2.77<\/td>\n<td>2.77<\/td>\n<td>&#8211;<\/td>\n<td>3.73<\/td>\n<td>3.73<\/td>\n<\/tr>\n<tr>\n<td>3\/4<\/td>\n<td>20<\/td>\n<td>26.67<\/td>\n<td>2.11<\/td>\n<td>&#8211;<\/td>\n<td>2.41<\/td>\n<td>2.87<\/td>\n<td>2.87<\/td>\n<td>&#8211;<\/td>\n<td>3.91<\/td>\n<td>3.91<\/td>\n<\/tr>\n<tr>\n<td>1<\/td>\n<td>25<\/td>\n<td>33.4<\/td>\n<td>2.77<\/td>\n<td>&#8211;<\/td>\n<td>2.90<\/td>\n<td>3.38<\/td>\n<td>3.38<\/td>\n<td>&#8211;<\/td>\n<td>4.55<\/td>\n<td>4.55<\/td>\n<\/tr>\n<tr>\n<td>1.1\/4<\/td>\n<td>32<\/td>\n<td>42.16<\/td>\n<td>2.77<\/td>\n<td>&#8211;<\/td>\n<td>2.97<\/td>\n<td>3.56<\/td>\n<td>3.56<\/td>\n<td>&#8211;<\/td>\n<td>4.85<\/td>\n<td>4.85<\/td>\n<\/tr>\n<tr>\n<td>1.1\/2<\/td>\n<td>40<\/td>\n<td>48.26<\/td>\n<td>2.77<\/td>\n<td>&#8211;<\/td>\n<td>3.18<\/td>\n<td>3.68<\/td>\n<td>3.68<\/td>\n<td>&#8211;<\/td>\n<td>5.08<\/td>\n<td>5.08<\/td>\n<\/tr>\n<tr>\n<td>2<\/td>\n<td>50<\/td>\n<td>60.32<\/td>\n<td>2.77<\/td>\n<td>&#8211;<\/td>\n<td>3.18<\/td>\n<td>3.91<\/td>\n<td>3.91<\/td>\n<td>&#8211;<\/td>\n<td>5.54<\/td>\n<td>5.54<\/td>\n<\/tr>\n<\/tbody>\n<\/table>\n<\/div>\n<\/div>\n<p>[\/vc_column_text][\/vc_column][\/vc_row]<\/p>\n","protected":false},"excerpt":{"rendered":"<p>SS321, SS304,<br \/>\nSS316, SS310,<br \/>\nSS446, INCL600<br \/>\nMOQ: 10 unids<br \/>\nTodos los tama\u00f1os disponibles<br \/>\nMuestra disponible<\/p>\n","protected":false},"featured_media":4568,"template":"","meta":[],"product_brand":[],"product_cat":[144],"product_tag":[],"class_list":{"0":"post-4567","1":"product","2":"type-product","3":"status-publish","4":"has-post-thumbnail","6":"product_cat-tubo-de-proteccion-termocupla","8":"first","9":"instock","10":"shipping-taxable","11":"product-type-simple"},"_links":{"self":[{"href":"https:\/\/industemp.com\/es\/wp-json\/wp\/v2\/product\/4567","targetHints":{"allow":["GET"]}}],"collection":[{"href":"https:\/\/industemp.com\/es\/wp-json\/wp\/v2\/product"}],"about":[{"href":"https:\/\/industemp.com\/es\/wp-json\/wp\/v2\/types\/product"}],"wp:featuredmedia":[{"embeddable":true,"href":"https:\/\/industemp.com\/es\/wp-json\/wp\/v2\/media\/4568"}],"wp:attachment":[{"href":"https:\/\/industemp.com\/es\/wp-json\/wp\/v2\/media?parent=4567"}],"wp:term":[{"taxonomy":"product_brand","embeddable":true,"href":"https:\/\/industemp.com\/es\/wp-json\/wp\/v2\/product_brand?post=4567"},{"taxonomy":"product_cat","embeddable":true,"href":"https:\/\/industemp.com\/es\/wp-json\/wp\/v2\/product_cat?post=4567"},{"taxonomy":"product_tag","embeddable":true,"href":"https:\/\/industemp.com\/es\/wp-json\/wp\/v2\/product_tag?post=4567"}],"curies":[{"name":"wp","href":"https:\/\/api.w.org\/{rel}","templated":true}]}}