{"id":4570,"date":"2019-07-01T15:06:40","date_gmt":"2019-07-01T15:06:40","guid":{"rendered":"https:\/\/industemp.com\/?post_type=product&#038;p=4570"},"modified":"2021-10-06T18:07:50","modified_gmt":"2021-10-06T18:07:50","slug":"tubo-de-proteccion-termopar-de-hierro-fundido","status":"publish","type":"product","link":"https:\/\/industemp.com\/es\/producto\/tubo-de-proteccion-termopar-de-hierro-fundido\/","title":{"rendered":"Tubo de protecci\u00f3n termopar de hierro fundido"},"content":{"rendered":"<p><strong>Tubos de protecci\u00f3n de termopar de hierro fundido<\/strong><\/p>\n<p>Los tubos de hierro fundido est\u00e1n dise\u00f1ados para proporcionar una excelente resistencia f\u00edsica para entornos exigentes, incluidos hornos de fusi\u00f3n de aluminio y zinc.<br \/>\nLa carga de chatarra y lingotes, as\u00ed como otras aplicaciones que requieren resistencia f\u00edsica. Su dise\u00f1o crea una opci\u00f3n robusta y duradera para medici\u00f3n de la temperatura.<\/p>\n<p>Ventajas<br \/>\n* El recubrimiento de esmalte proporciona una buena resistencia a la oxidaci\u00f3n.<br \/>\n* Excelente durabilidad.<br \/>\n* Mayor vida \u00fatil de mayor grosor.<\/p>\n<p><img loading=\"lazy\" decoding=\"async\" class=\"alignnone size-full wp-image-7029\" src=\"https:\/\/industemp.com\/wp-content\/uploads\/tubo-proteccion-hierro-fundido_2.png\" alt=\"tubo protecci\u00f3n hierro fundido\" width=\"960\" height=\"540\" srcset=\"https:\/\/industemp.com\/wp-content\/uploads\/tubo-proteccion-hierro-fundido_2.png 960w, https:\/\/industemp.com\/wp-content\/uploads\/tubo-proteccion-hierro-fundido_2-300x169.png 300w, https:\/\/industemp.com\/wp-content\/uploads\/tubo-proteccion-hierro-fundido_2-768x432.png 768w, https:\/\/industemp.com\/wp-content\/uploads\/tubo-proteccion-hierro-fundido_2-416x234.png 416w\" sizes=\"auto, (max-width: 960px) 100vw, 960px\" \/><\/p>\n","protected":false},"excerpt":{"rendered":"<p>MOQ: 10 unids<br \/>\nLiso y esmalte<br \/>\nTodos los tama\u00f1os disponibles<br \/>\nMuestra disponible<\/p>\n","protected":false},"featured_media":4572,"template":"","meta":[],"product_brand":[],"product_cat":[144],"product_tag":[],"class_list":{"0":"post-4570","1":"product","2":"type-product","3":"status-publish","4":"has-post-thumbnail","6":"product_cat-tubo-de-proteccion-termocupla","8":"first","9":"instock","10":"shipping-taxable","11":"product-type-simple"},"_links":{"self":[{"href":"https:\/\/industemp.com\/es\/wp-json\/wp\/v2\/product\/4570","targetHints":{"allow":["GET"]}}],"collection":[{"href":"https:\/\/industemp.com\/es\/wp-json\/wp\/v2\/product"}],"about":[{"href":"https:\/\/industemp.com\/es\/wp-json\/wp\/v2\/types\/product"}],"wp:featuredmedia":[{"embeddable":true,"href":"https:\/\/industemp.com\/es\/wp-json\/wp\/v2\/media\/4572"}],"wp:attachment":[{"href":"https:\/\/industemp.com\/es\/wp-json\/wp\/v2\/media?parent=4570"}],"wp:term":[{"taxonomy":"product_brand","embeddable":true,"href":"https:\/\/industemp.com\/es\/wp-json\/wp\/v2\/product_brand?post=4570"},{"taxonomy":"product_cat","embeddable":true,"href":"https:\/\/industemp.com\/es\/wp-json\/wp\/v2\/product_cat?post=4570"},{"taxonomy":"product_tag","embeddable":true,"href":"https:\/\/industemp.com\/es\/wp-json\/wp\/v2\/product_tag?post=4570"}],"curies":[{"name":"wp","href":"https:\/\/api.w.org\/{rel}","templated":true}]}}