{"id":4576,"date":"2019-07-01T15:10:25","date_gmt":"2019-07-01T15:10:25","guid":{"rendered":"https:\/\/industemp.com\/?post_type=product&#038;p=4576"},"modified":"2021-07-13T04:31:35","modified_gmt":"2021-07-13T04:31:35","slug":"tubo-de-proteccion-de-termopar-de-carburo-de-silicio-unido-por-reaccion","status":"publish","type":"product","link":"https:\/\/industemp.com\/es\/producto\/tubo-de-proteccion-de-termopar-de-carburo-de-silicio-unido-por-reaccion\/","title":{"rendered":"Tubo de protecci\u00f3n de termopar de carburo de silicio unido por reacci\u00f3n"},"content":{"rendered":"<p>El material SiSiC est\u00e1 hecho de polvo de carburo de silicio de alta pureza y polvo de Si, formado por fundici\u00f3n por deslizamiento, reaccionado y sinterizado por horno de vac\u00edo. Este mueble de horno tiene alta resistencia a la temperatura y baja masa.<\/p>\n<p>Propiedad<\/p>\n<p>&nbsp;<\/p>\n<div>\n<div class=\"sliderTable mt10 mb10 sliderTable-index0\">\n<div class=\"inner\">\n<table border=\"1\" cellspacing=\"1\" cellpadding=\"0\">\n<tbody>\n<tr>\n<td colspan=\"2\">\u00a0 \u00a0 \u00a0 \u00a0 \u00a0Item<\/td>\n<td>\u00a0 \u00a0 \u00a0 \u00a0 \u00a0Technical index<\/td>\n<\/tr>\n<tr>\n<td rowspan=\"2\">\u00a0 \u00a0 \u00a0 \u00a0 \u00a0Chemical composition<\/td>\n<td>\u00a0 \u00a0 \u00a0 \u00a0 \u00a0SiC<\/td>\n<td>\u00a0 \u00a0 \u00a0 \u00a0 \u00a0\u226570<\/td>\n<\/tr>\n<tr>\n<td>\u00a0 \u00a0 \u00a0 \u00a0 \u00a0Si3N4<\/td>\n<td>\u00a0 \u00a0 \u00a0 \u00a0 \u00a0\u226523<\/td>\n<\/tr>\n<tr>\n<td>\u00a0 \u00a0 \u00a0 \u00a0 \u00a0Volume density<\/td>\n<td><\/td>\n<td>\u00a0 \u00a0 \u00a0 \u00a0 \u00a0\u22652.46<\/td>\n<\/tr>\n<tr>\n<td>\u00a0 \u00a0 \u00a0 \u00a0 \u00a0Apparent porosity<\/td>\n<td><\/td>\n<td>\u00a0 \u00a0 \u00a0 \u00a0 \u00a0\u226416<\/td>\n<\/tr>\n<tr>\n<td>\u00a0 \u00a0 \u00a0 \u00a0 \u00a0Crushing strength<\/td>\n<td><\/td>\n<td>\u00a0 \u00a0 \u00a0 \u00a0 \u00a0\u2265150<\/td>\n<\/tr>\n<tr>\n<td rowspan=\"2\">\u00a0 \u00a0 \u00a0 \u00a0 \u00a0Bending strength<\/td>\n<td>\u00a0 \u00a0 \u00a0 \u00a0 \u00a0Crashing strength<\/td>\n<td>\u00a0 \u00a0 \u00a0 \u00a0 \u00a0\u226540<\/td>\n<\/tr>\n<tr>\n<td>\u00a0 \u00a0 \u00a0 \u00a0 \u00a01400\u2103<\/td>\n<td>\u00a0 \u00a0 \u00a0 \u00a0 \u00a0\u226545<\/td>\n<\/tr>\n<tr>\n<td>\u00a0 \u00a0 \u00a0 \u00a0 \u00a0Highest using temperature<\/td>\n<td><\/td>\n<td>\u00a0 \u00a0 \u00a0 \u00a0 \u00a01600<\/td>\n<\/tr>\n<tr>\n<td>\u00a0 \u00a0 \u00a0 \u00a0 \u00a0Modulus of elasticity<\/td>\n<td><\/td>\n<td>\u00a0 \u00a0 \u00a0 \u00a0 \u00a0150<\/td>\n<\/tr>\n<tr>\n<td>\u00a0 \u00a0 \u00a0 \u00a0 \u00a0Thermal conductivity coefficient<\/td>\n<td><\/td>\n<td>\u00a0 \u00a0 \u00a0 \u00a0 \u00a04.4(20-1000\u2103)<\/td>\n<\/tr>\n<tr>\n<td>\u00a0 \u00a0 \u00a0 \u00a0 \u00a0Thermal \u00a0conductivity<\/td>\n<td><\/td>\n<td>\u00a0 \u00a0 \u00a0 \u00a0 \u00a015(1300\u2103)<\/td>\n<\/tr>\n<\/tbody>\n<\/table>\n<\/div>\n<\/div>\n<\/div>\n<p>&nbsp;<\/p>\n<p>&nbsp;<\/p>\n<div>\n<p>Tama\u00f1os Disponibles<\/p>\n<div class=\"sliderTable mt10 mb10 sliderTable-index1\">\n<div class=\"inner\">\n<table border=\"1\" cellspacing=\"1\" cellpadding=\"1\">\n<tbody>\n<tr>\n<td>\u00a0 \u00a0 \u00a0 \u00a0 \u00a0OD(mm)<\/td>\n<td>\u00a0 \u00a0 \u00a0 \u00a0 \u00a0ID(mm)<\/td>\n<td>\u00a0 \u00a0 \u00a0 \u00a0 \u00a0Max length(mm)<\/td>\n<\/tr>\n<tr>\n<td>\u00a0 \u00a0 \u00a0 \u00a0 \u00a015<\/td>\n<td>\u00a0 \u00a0 \u00a0 \u00a0 \u00a09<\/td>\n<td>\u00a0 \u00a0 \u00a0 \u00a0 \u00a0800<\/td>\n<\/tr>\n<tr>\n<td>\u00a0 \u00a0 \u00a0 \u00a0 \u00a020<\/td>\n<td>\u00a0 \u00a0 \u00a0 \u00a0 \u00a013<\/td>\n<td>\u00a0 \u00a0 \u00a0 \u00a0 \u00a01000<\/td>\n<\/tr>\n<tr>\n<td>\u00a0 \u00a0 \u00a0 \u00a0 \u00a025<\/td>\n<td>\u00a0 \u00a0 \u00a0 \u00a0 \u00a017<\/td>\n<td>\u00a0 \u00a0 \u00a0 \u00a0 \u00a01250<\/td>\n<\/tr>\n<tr>\n<td>\u00a0 \u00a0 \u00a0 \u00a0 \u00a030<\/td>\n<td>\u00a0 \u00a0 \u00a0 \u00a0 \u00a022<\/td>\n<td>\u00a0 \u00a0 \u00a0 \u00a0 \u00a01300<\/td>\n<\/tr>\n<tr>\n<td>\u00a0 \u00a0 \u00a0 \u00a0 \u00a032<\/td>\n<td>\u00a0 \u00a0 \u00a0 \u00a0 \u00a024<\/td>\n<td>\u00a0 \u00a0 \u00a0 \u00a0 \u00a01300<\/td>\n<\/tr>\n<tr>\n<td>\u00a0 \u00a0 \u00a0 \u00a0 \u00a035<\/td>\n<td>\u00a0 \u00a0 \u00a0 \u00a0 \u00a027<\/td>\n<td>\u00a0 \u00a0 \u00a0 \u00a0 \u00a01400<\/td>\n<\/tr>\n<tr>\n<td>\u00a0 \u00a0 \u00a0 \u00a0 \u00a038<\/td>\n<td>\u00a0 \u00a0 \u00a0 \u00a0 \u00a030<\/td>\n<td>\u00a0 \u00a0 \u00a0 \u00a0 \u00a01400<\/td>\n<\/tr>\n<tr>\n<td>\u00a0 \u00a0 \u00a0 \u00a0 \u00a040<\/td>\n<td>\u00a0 \u00a0 \u00a0 \u00a0 \u00a030<\/td>\n<td>\u00a0 \u00a0 \u00a0 \u00a0 \u00a01500<\/td>\n<\/tr>\n<tr>\n<td>\u00a0 \u00a0 \u00a0 \u00a0 \u00a042<\/td>\n<td>\u00a0 \u00a0 \u00a0 \u00a0 \u00a032<\/td>\n<td>\u00a0 \u00a0 \u00a0 \u00a0 \u00a01500<\/td>\n<\/tr>\n<tr>\n<td>\u00a0 \u00a0 \u00a0 \u00a0 \u00a045<\/td>\n<td>\u00a0 \u00a0 \u00a0 \u00a0 \u00a035<\/td>\n<td>\u00a0 \u00a0 \u00a0 \u00a0 \u00a01600<\/td>\n<\/tr>\n<tr>\n<td>\u00a0 \u00a0 \u00a0 \u00a0 \u00a048<\/td>\n<td>\u00a0 \u00a0 \u00a0 \u00a0 \u00a036<\/td>\n<td>\u00a0 \u00a0 \u00a0 \u00a0 \u00a01700<\/td>\n<\/tr>\n<tr>\n<td>\u00a0 \u00a0 \u00a0 \u00a0 \u00a050<\/td>\n<td>\u00a0 \u00a0 \u00a0 \u00a0 \u00a038<\/td>\n<td>\u00a0 \u00a0 \u00a0 \u00a0 \u00a01800<\/td>\n<\/tr>\n<\/tbody>\n<\/table>\n<\/div>\n<\/div>\n<\/div>\n<div><\/div>\n<div><\/div>\n<div>Cualquier otro tama\u00f1o est\u00e1 disponible, consulta de pls para los detalles.<\/div>\n","protected":false},"excerpt":{"rendered":"<p><iframe loading=\"lazy\" title=\"YouTube video player\" src=\"https:\/\/www.youtube.com\/embed\/E9XLuUDyRxM\" width=\"560\" height=\"315\" frameborder=\"0\" allowfullscreen=\"allowfullscreen\"><\/iframe><\/p>\n<p><b>Ensayo extremo y procedimiento de precalentado antes de su inmersi\u00f3n<\/b><\/p>\n<p>MOQ: 10 unids<br \/>\nTodos los tama\u00f1os disponibles<br \/>\nMuestra disponible<\/p>\n","protected":false},"featured_media":4580,"template":"","meta":[],"product_brand":[],"product_cat":[144],"product_tag":[],"class_list":{"0":"post-4576","1":"product","2":"type-product","3":"status-publish","4":"has-post-thumbnail","6":"product_cat-tubo-de-proteccion-termocupla","8":"first","9":"instock","10":"shipping-taxable","11":"product-type-simple"},"_links":{"self":[{"href":"https:\/\/industemp.com\/es\/wp-json\/wp\/v2\/product\/4576","targetHints":{"allow":["GET"]}}],"collection":[{"href":"https:\/\/industemp.com\/es\/wp-json\/wp\/v2\/product"}],"about":[{"href":"https:\/\/industemp.com\/es\/wp-json\/wp\/v2\/types\/product"}],"wp:featuredmedia":[{"embeddable":true,"href":"https:\/\/industemp.com\/es\/wp-json\/wp\/v2\/media\/4580"}],"wp:attachment":[{"href":"https:\/\/industemp.com\/es\/wp-json\/wp\/v2\/media?parent=4576"}],"wp:term":[{"taxonomy":"product_brand","embeddable":true,"href":"https:\/\/industemp.com\/es\/wp-json\/wp\/v2\/product_brand?post=4576"},{"taxonomy":"product_cat","embeddable":true,"href":"https:\/\/industemp.com\/es\/wp-json\/wp\/v2\/product_cat?post=4576"},{"taxonomy":"product_tag","embeddable":true,"href":"https:\/\/industemp.com\/es\/wp-json\/wp\/v2\/product_tag?post=4576"}],"curies":[{"name":"wp","href":"https:\/\/api.w.org\/{rel}","templated":true}]}}