{"id":4591,"date":"2019-07-01T15:18:50","date_gmt":"2019-07-01T15:18:50","guid":{"rendered":"https:\/\/industemp.com\/?post_type=product&#038;p=4591"},"modified":"2021-07-13T04:41:09","modified_gmt":"2021-07-13T04:41:09","slug":"tubo-de-proteccion-de-termopar-de-nitruro-de-silicio","status":"publish","type":"product","link":"https:\/\/industemp.com\/es\/producto\/tubo-de-proteccion-de-termopar-de-nitruro-de-silicio\/","title":{"rendered":"Tubo de protecci\u00f3n de termopar de nitruro de silicio"},"content":{"rendered":"<p>Los tubos de protecci\u00f3n de termopar de nitruro de silicio son ampliamente para temperatura continua<br \/>\nMedici\u00f3n en metales no ferrosos.<\/p>\n<p>Propiedad<\/p>\n<p>&nbsp;<\/p>\n<div>\n<div class=\"sliderTable mt10 mb10 sliderTable-index0\">\n<div class=\"inner\">\n<table border=\"1\" cellspacing=\"1\" cellpadding=\"1\">\n<tbody>\n<tr>\n<td>\u00a0 \u00a0 \u00a0 \u00a0 \u00a0Material<\/td>\n<td>\u00a0 \u00a0 \u00a0 \u00a0 \u00a0Unit<\/td>\n<td>\u00a0 \u00a0 \u00a0 \u00a0 \u00a0Si3N4<\/td>\n<\/tr>\n<tr>\n<td>\u00a0 \u00a0 \u00a0 \u00a0 \u00a0Volume density<\/td>\n<td>\u00a0 \u00a0 \u00a0 \u00a0 \u00a0g\/cm3<\/td>\n<td>\u00a0 \u00a0 \u00a0 \u00a0 \u00a02.77<\/td>\n<\/tr>\n<tr>\n<td>\u00a0 \u00a0 \u00a0 \u00a0 \u00a0Young&#8217;s modulus Gpa<\/td>\n<td>\u00a0 \u00a0 \u00a0 \u00a0 \u00a0Gpa<\/td>\n<td>\u00a0 \u00a0 \u00a0 \u00a0 \u00a0240<\/td>\n<\/tr>\n<tr>\n<td>\u00a0 \u00a0 \u00a0 \u00a0 \u00a0Flexural strength<\/td>\n<td>\u00a0 \u00a0 \u00a0 \u00a0 \u00a0MPa<\/td>\n<td>\u00a0 \u00a0 \u00a0 \u00a0 \u00a0186.4<\/td>\n<\/tr>\n<tr>\n<td>\u00a0 \u00a0 \u00a0 \u00a0 \u00a0Porosity<\/td>\n<td>\u00a0 \u00a0 \u00a0 \u00a0 \u00a0%<\/td>\n<td>\u00a0 \u00a0 \u00a0 \u00a0 \u00a012<\/td>\n<\/tr>\n<tr>\n<td>\u00a0 \u00a0 \u00a0 \u00a0 \u00a0Thermal expansion coefficient<\/td>\n<td>\u00a0 \u00a0 \u00a0 \u00a0 \u00a01\u00d710-6\/K<\/td>\n<td>\u00a0 \u00a0 \u00a0 \u00a0 \u00a02.51<\/td>\n<\/tr>\n<tr>\n<td>\u00a0 \u00a0 \u00a0 \u00a0 \u00a0Fracture toughness<\/td>\n<td>\u00a0 \u00a0 \u00a0 \u00a0 \u00a0(Mpa*m-1)<\/td>\n<td>\u00a0 \u00a0 \u00a0 \u00a0 \u00a02.8<\/td>\n<\/tr>\n<tr>\n<td>\u00a0 \u00a0 \u00a0 \u00a0 \u00a0Thermal Conductivity<\/td>\n<td>\u00a0 \u00a0 \u00a0 \u00a0 \u00a0W\/mk<\/td>\n<td>\u00a0 \u00a0 \u00a0 \u00a0 \u00a015<\/td>\n<\/tr>\n<\/tbody>\n<\/table>\n<\/div>\n<\/div>\n<p>&nbsp;<\/p>\n<\/div>\n<p>Tama\u00f1os disponibles<\/p>\n<p>&nbsp;<\/p>\n<div class=\"sliderTable mt10 mb10 sliderTable-index1\">\n<div class=\"inner\">\n<table border=\"1\" cellspacing=\"1\" cellpadding=\"1\">\n<tbody>\n<tr>\n<td>\u00a0 \u00a0 \u00a0 \u00a0OD*ID(mm)<\/td>\n<td>\u00a0 \u00a0 \u00a0 \u00a0Length(mm)<\/td>\n<\/tr>\n<tr>\n<td>\u00a0 \u00a0 \u00a0 \u00a016*8<\/td>\n<td>\u00a0 \u00a0 \u00a0 \u00a0300~600<\/td>\n<\/tr>\n<tr>\n<td>\u00a0 \u00a0 \u00a0 \u00a022*12<\/td>\n<td>\u00a0 \u00a0 \u00a0 \u00a0300~800<\/td>\n<\/tr>\n<tr>\n<td>\u00a0 \u00a0 \u00a0 \u00a028*16<\/td>\n<td>\u00a0 \u00a0 \u00a0 \u00a0300~900<\/td>\n<\/tr>\n<tr>\n<td>\u00a0 \u00a0 \u00a0 \u00a030*18<\/td>\n<td>\u00a0 \u00a0 \u00a0 \u00a0300~900<\/td>\n<\/tr>\n<tr>\n<td>\u00a0 \u00a0 \u00a0 \u00a045*25<\/td>\n<td>\u00a0 \u00a0 \u00a0 \u00a0300~900<\/td>\n<\/tr>\n<\/tbody>\n<\/table>\n<\/div>\n<\/div>\n<p>&nbsp;<\/p>\n<p>Tambi\u00e9n podemos personalizar otros tama\u00f1os seg\u00fan la demanda de los clientes.<\/p>\n","protected":false},"excerpt":{"rendered":"<p><iframe loading=\"lazy\" title=\"YouTube video player\" src=\"https:\/\/www.youtube.com\/embed\/QNBd0MFPsN4\" width=\"560\" height=\"315\" frameborder=\"0\" allowfullscreen=\"allowfullscreen\"><\/iframe><\/p>\n<p><strong>Ensayo extremo y procedimiento de precalentado antes de su inmersi\u00f3n<\/strong><\/p>\n<p>MOQ: 10 unids<br \/>\nMuestra disponible<\/p>\n","protected":false},"featured_media":4592,"template":"","meta":[],"product_brand":[],"product_cat":[144],"product_tag":[],"class_list":{"0":"post-4591","1":"product","2":"type-product","3":"status-publish","4":"has-post-thumbnail","6":"product_cat-tubo-de-proteccion-termocupla","8":"first","9":"instock","10":"shipping-taxable","11":"product-type-simple"},"_links":{"self":[{"href":"https:\/\/industemp.com\/es\/wp-json\/wp\/v2\/product\/4591","targetHints":{"allow":["GET"]}}],"collection":[{"href":"https:\/\/industemp.com\/es\/wp-json\/wp\/v2\/product"}],"about":[{"href":"https:\/\/industemp.com\/es\/wp-json\/wp\/v2\/types\/product"}],"wp:featuredmedia":[{"embeddable":true,"href":"https:\/\/industemp.com\/es\/wp-json\/wp\/v2\/media\/4592"}],"wp:attachment":[{"href":"https:\/\/industemp.com\/es\/wp-json\/wp\/v2\/media?parent=4591"}],"wp:term":[{"taxonomy":"product_brand","embeddable":true,"href":"https:\/\/industemp.com\/es\/wp-json\/wp\/v2\/product_brand?post=4591"},{"taxonomy":"product_cat","embeddable":true,"href":"https:\/\/industemp.com\/es\/wp-json\/wp\/v2\/product_cat?post=4591"},{"taxonomy":"product_tag","embeddable":true,"href":"https:\/\/industemp.com\/es\/wp-json\/wp\/v2\/product_tag?post=4591"}],"curies":[{"name":"wp","href":"https:\/\/api.w.org\/{rel}","templated":true}]}}