{"id":4597,"date":"2019-07-01T15:20:58","date_gmt":"2019-07-01T15:20:58","guid":{"rendered":"https:\/\/industemp.com\/?post_type=product&#038;p=4597"},"modified":"2021-03-20T22:38:48","modified_gmt":"2021-03-20T22:38:48","slug":"armadura-flexible-tubo-ss","status":"publish","type":"product","link":"https:\/\/industemp.com\/es\/producto\/armadura-flexible-tubo-ss\/","title":{"rendered":"Armadura flexible tubo SS"},"content":{"rendered":"<p>Armadura Flexible Tubos SS<br \/>\nLos conductos flexibles para tubos de instrumentaci\u00f3n de di\u00e1metro peque\u00f1o son utilizados por fabricantes de diversas industrias, tales como Instrumentaci\u00f3n de Control y Control, Dispositivos de Medici\u00f3n y Control, Instrumentos Anal\u00edticos, Instrumentos M\u00e9dicos y muchos otros con aplicaciones espec\u00edficas que incluyen medici\u00f3n de temperatura, conductos de cableado o cables de blindaje y cubierta protectora.<br \/>\ncaracteristicas:<br \/>\n1. Materiales: SS321, SS304<br \/>\n2. Color: brillante<br \/>\n3. Aplicaci\u00f3n: se utiliza para todo tipo de equipos de calefacci\u00f3n el\u00e9ctrica y equipos el\u00e9ctricos, y maquinaria textil<\/p>\n<p>Ventaja:<br \/>\n1. Buena resistencia suave y alta<br \/>\n2. Una variedad de especificaciones disponibles<br \/>\n3. OEM, ODM y OBM son bienvenidos<\/p>\n<p>\u00abInformacion Tecnica\u00bb<\/p>\n<p>Tuber\u00eda de acero<\/p>\n<p>&nbsp;<\/p>\n<p>&nbsp;<\/p>\n<div><\/div>\n<div class=\"sliderTable mt10 mb10 sliderTable-index0\">\n<div class=\"inner\">\n<table border=\"1\" cellspacing=\"1\" cellpadding=\"1\">\n<tbody>\n<tr>\n<td>NPS<br \/>\ninches<\/td>\n<td>N.D.<\/td>\n<td>O.D.<br \/>\nmm<\/td>\n<td>10<\/td>\n<td>20<\/td>\n<td>30<\/td>\n<td>STD<\/td>\n<td>40<\/td>\n<td>60<\/td>\n<td>XS<\/td>\n<td>80<\/td>\n<\/tr>\n<tr>\n<td>1\/8<\/td>\n<td>&#8211;<\/td>\n<td>10.3<\/td>\n<td>1.24<\/td>\n<td>&#8211;<\/td>\n<td>1.45<\/td>\n<td>1.73<\/td>\n<td>1.73<\/td>\n<td>&#8211;<\/td>\n<td>2.41<\/td>\n<td>2.41<\/td>\n<\/tr>\n<tr>\n<td>1\/4<\/td>\n<td>6<\/td>\n<td>13.7<\/td>\n<td>1.65<\/td>\n<td>&#8211;<\/td>\n<td>1.85<\/td>\n<td>2.24<\/td>\n<td>2.24<\/td>\n<td>&#8211;<\/td>\n<td>3.02<\/td>\n<td>3.02<\/td>\n<\/tr>\n<tr>\n<td>3\/8<\/td>\n<td>10<\/td>\n<td>17.1<\/td>\n<td>1.65<\/td>\n<td>&#8211;<\/td>\n<td>1.85<\/td>\n<td>2.31<\/td>\n<td>2.31<\/td>\n<td>&#8211;<\/td>\n<td>3.20<\/td>\n<td>3.2<\/td>\n<\/tr>\n<tr>\n<td>1\/2<\/td>\n<td>15<\/td>\n<td>21.34<\/td>\n<td>2.11<\/td>\n<td>&#8211;<\/td>\n<td>2.41<\/td>\n<td>2.77<\/td>\n<td>2.77<\/td>\n<td>&#8211;<\/td>\n<td>3.73<\/td>\n<td>3.73<\/td>\n<\/tr>\n<tr>\n<td>3\/4<\/td>\n<td>20<\/td>\n<td>26.67<\/td>\n<td>2.11<\/td>\n<td>&#8211;<\/td>\n<td>2.41<\/td>\n<td>2.87<\/td>\n<td>2.87<\/td>\n<td>&#8211;<\/td>\n<td>3.91<\/td>\n<td>3.91<\/td>\n<\/tr>\n<tr>\n<td>1<\/td>\n<td>25<\/td>\n<td>33.4<\/td>\n<td>2.77<\/td>\n<td>&#8211;<\/td>\n<td>2.90<\/td>\n<td>3.38<\/td>\n<td>3.38<\/td>\n<td>&#8211;<\/td>\n<td>4.55<\/td>\n<td>4.55<\/td>\n<\/tr>\n<tr>\n<td>1.1\/4<\/td>\n<td>32<\/td>\n<td>42.16<\/td>\n<td>2.77<\/td>\n<td>&#8211;<\/td>\n<td>2.97<\/td>\n<td>3.56<\/td>\n<td>3.56<\/td>\n<td>&#8211;<\/td>\n<td>4.85<\/td>\n<td>4.85<\/td>\n<\/tr>\n<tr>\n<td>1.1\/2<\/td>\n<td>40<\/td>\n<td>48.26<\/td>\n<td>2.77<\/td>\n<td>&#8211;<\/td>\n<td>3.18<\/td>\n<td>3.68<\/td>\n<td>3.68<\/td>\n<td>&#8211;<\/td>\n<td>5.08<\/td>\n<td>5.08<\/td>\n<\/tr>\n<tr>\n<td>2<\/td>\n<td>50<\/td>\n<td>60.32<\/td>\n<td>2.77<\/td>\n<td>&#8211;<\/td>\n<td>3.18<\/td>\n<td>3.91<\/td>\n<td>3.91<\/td>\n<td>&#8211;<\/td>\n<td>5.54<\/td>\n<td>5.54<\/td>\n<\/tr>\n<\/tbody>\n<\/table>\n<\/div>\n<\/div>\n<p>[\/vc_column_text][\/vc_column][\/vc_row]<\/p>\n","protected":false},"excerpt":{"rendered":"<p>SS201, SS304<br \/>\nMOQ: 100mts<br \/>\nTodos los tama\u00f1os disponibles<br \/>\nMuestra disponible<\/p>\n","protected":false},"featured_media":4598,"template":"","meta":[],"product_brand":[],"product_cat":[144],"product_tag":[],"class_list":{"0":"post-4597","1":"product","2":"type-product","3":"status-publish","4":"has-post-thumbnail","6":"product_cat-tubo-de-proteccion-termocupla","8":"first","9":"instock","10":"shipping-taxable","11":"product-type-simple"},"_links":{"self":[{"href":"https:\/\/industemp.com\/es\/wp-json\/wp\/v2\/product\/4597","targetHints":{"allow":["GET"]}}],"collection":[{"href":"https:\/\/industemp.com\/es\/wp-json\/wp\/v2\/product"}],"about":[{"href":"https:\/\/industemp.com\/es\/wp-json\/wp\/v2\/types\/product"}],"wp:featuredmedia":[{"embeddable":true,"href":"https:\/\/industemp.com\/es\/wp-json\/wp\/v2\/media\/4598"}],"wp:attachment":[{"href":"https:\/\/industemp.com\/es\/wp-json\/wp\/v2\/media?parent=4597"}],"wp:term":[{"taxonomy":"product_brand","embeddable":true,"href":"https:\/\/industemp.com\/es\/wp-json\/wp\/v2\/product_brand?post=4597"},{"taxonomy":"product_cat","embeddable":true,"href":"https:\/\/industemp.com\/es\/wp-json\/wp\/v2\/product_cat?post=4597"},{"taxonomy":"product_tag","embeddable":true,"href":"https:\/\/industemp.com\/es\/wp-json\/wp\/v2\/product_tag?post=4597"}],"curies":[{"name":"wp","href":"https:\/\/api.w.org\/{rel}","templated":true}]}}