{"id":4645,"date":"2020-07-10T20:54:40","date_gmt":"2020-07-10T20:54:40","guid":{"rendered":"https:\/\/industemp.com\/?post_type=product&#038;p=4645"},"modified":"2021-01-29T14:44:54","modified_gmt":"2021-01-29T14:44:54","slug":"conector-estandar-de-termopar-de-ceramica","status":"publish","type":"product","link":"https:\/\/industemp.com\/es\/producto\/conector-estandar-de-termopar-de-ceramica\/","title":{"rendered":"Conector est\u00e1ndar de termopar de cer\u00e1mica"},"content":{"rendered":"<p>Conector est\u00e1ndar de termopar de cer\u00e1mica<\/p>\n<p>Material de alta calidad resistente al impacto.<br \/>\nConector est\u00e1ndar y m\u00edn. Conector<br \/>\nF\u00e1cil de cablear<\/p>\n<p><img loading=\"lazy\" decoding=\"async\" class=\"alignnone size-full wp-image-4646\" src=\"https:\/\/industemp.com\/wp-content\/uploads\/2019\/07\/smartImg.jpg\" alt=\"\" width=\"506\" height=\"293\" srcset=\"https:\/\/industemp.com\/wp-content\/uploads\/2019\/07\/smartImg.jpg 506w, https:\/\/industemp.com\/wp-content\/uploads\/2019\/07\/smartImg-300x174.jpg 300w\" sizes=\"auto, (max-width: 506px) 100vw, 506px\" \/><\/p>\n","protected":false},"excerpt":{"rendered":"<p>MOQ: 10PCS<br \/>\nTodos los tipos disponibles<\/p>\n","protected":false},"featured_media":4648,"template":"","meta":[],"product_brand":[],"product_cat":[70],"product_tag":[],"class_list":{"0":"post-4645","1":"product","2":"type-product","3":"status-publish","4":"has-post-thumbnail","6":"product_cat-fichas-compensadas","8":"first","9":"instock","10":"shipping-taxable","11":"product-type-simple"},"_links":{"self":[{"href":"https:\/\/industemp.com\/es\/wp-json\/wp\/v2\/product\/4645","targetHints":{"allow":["GET"]}}],"collection":[{"href":"https:\/\/industemp.com\/es\/wp-json\/wp\/v2\/product"}],"about":[{"href":"https:\/\/industemp.com\/es\/wp-json\/wp\/v2\/types\/product"}],"wp:featuredmedia":[{"embeddable":true,"href":"https:\/\/industemp.com\/es\/wp-json\/wp\/v2\/media\/4648"}],"wp:attachment":[{"href":"https:\/\/industemp.com\/es\/wp-json\/wp\/v2\/media?parent=4645"}],"wp:term":[{"taxonomy":"product_brand","embeddable":true,"href":"https:\/\/industemp.com\/es\/wp-json\/wp\/v2\/product_brand?post=4645"},{"taxonomy":"product_cat","embeddable":true,"href":"https:\/\/industemp.com\/es\/wp-json\/wp\/v2\/product_cat?post=4645"},{"taxonomy":"product_tag","embeddable":true,"href":"https:\/\/industemp.com\/es\/wp-json\/wp\/v2\/product_tag?post=4645"}],"curies":[{"name":"wp","href":"https:\/\/api.w.org\/{rel}","templated":true}]}}