{"id":4701,"date":"2019-07-02T21:49:40","date_gmt":"2019-07-02T21:49:40","guid":{"rendered":"https:\/\/industemp.com\/?post_type=product&#038;p=4701"},"modified":"2025-06-05T18:09:18","modified_gmt":"2025-06-05T18:09:18","slug":"tubos-termocontraibles-de-goma-de-silicona-2","status":"publish","type":"product","link":"https:\/\/industemp.com\/es\/producto\/tubos-termocontraibles-de-goma-de-silicona-2\/","title":{"rendered":"Tubos termocontra\u00edbles de goma de silicona."},"content":{"rendered":"<p>El tubo termocontra\u00edble de caucho de silicona est\u00e1 dise\u00f1ado para el aislamiento y la protecci\u00f3n de componentes electr\u00f3nicos.<\/p>\n<p>Temperatura de trabajo: -50 \u2103 ~ 200<\/p>\n<p>Aplicaci\u00f3n: el producto es ampliamente utilizado en el aislamiento y protecci\u00f3n de electrodom\u00e9sticos, ahorro de energ\u00eda.<br \/>\nLuces, aparatos e instrumentos m\u00e9dicos, aeroespacial, transformador y motor, etc.<\/p>\n<p>Informacion T\u00e9cnica<\/p>\n<p><img loading=\"lazy\" decoding=\"async\" class=\"alignnone size-full wp-image-6825\" src=\"https:\/\/industemp.com\/wp-content\/uploads\/Tubos-termocontraibles-silicona-tabla_2.png\" alt=\"\" width=\"960\" height=\"540\" srcset=\"https:\/\/industemp.com\/wp-content\/uploads\/Tubos-termocontraibles-silicona-tabla_2.png 960w, https:\/\/industemp.com\/wp-content\/uploads\/Tubos-termocontraibles-silicona-tabla_2-300x169.png 300w, https:\/\/industemp.com\/wp-content\/uploads\/Tubos-termocontraibles-silicona-tabla_2-768x432.png 768w, https:\/\/industemp.com\/wp-content\/uploads\/Tubos-termocontraibles-silicona-tabla_2-416x234.png 416w\" sizes=\"auto, (max-width: 960px) 100vw, 960px\" \/> <img loading=\"lazy\" decoding=\"async\" class=\"alignnone size-full wp-image-6827\" src=\"https:\/\/industemp.com\/wp-content\/uploads\/Tubos-termocontraibles-silicona-tabla_1.png\" alt=\"\" width=\"960\" height=\"540\" srcset=\"https:\/\/industemp.com\/wp-content\/uploads\/Tubos-termocontraibles-silicona-tabla_1.png 960w, https:\/\/industemp.com\/wp-content\/uploads\/Tubos-termocontraibles-silicona-tabla_1-300x169.png 300w, https:\/\/industemp.com\/wp-content\/uploads\/Tubos-termocontraibles-silicona-tabla_1-768x432.png 768w, https:\/\/industemp.com\/wp-content\/uploads\/Tubos-termocontraibles-silicona-tabla_1-416x234.png 416w\" sizes=\"auto, (max-width: 960px) 100vw, 960px\" \/><\/p>\n","protected":false},"excerpt":{"rendered":"<p>Todos los tama\u00f1os disponibles<br \/>\nMuestra Disponible<\/p>\n","protected":false},"featured_media":4702,"template":"","meta":[],"product_brand":[],"product_cat":[99],"product_tag":[],"class_list":{"0":"post-4701","1":"product","2":"type-product","3":"status-publish","4":"has-post-thumbnail","6":"product_cat-tubos-termocontraibles","8":"first","9":"instock","10":"shipping-taxable","11":"product-type-simple"},"_links":{"self":[{"href":"https:\/\/industemp.com\/es\/wp-json\/wp\/v2\/product\/4701","targetHints":{"allow":["GET"]}}],"collection":[{"href":"https:\/\/industemp.com\/es\/wp-json\/wp\/v2\/product"}],"about":[{"href":"https:\/\/industemp.com\/es\/wp-json\/wp\/v2\/types\/product"}],"wp:featuredmedia":[{"embeddable":true,"href":"https:\/\/industemp.com\/es\/wp-json\/wp\/v2\/media\/4702"}],"wp:attachment":[{"href":"https:\/\/industemp.com\/es\/wp-json\/wp\/v2\/media?parent=4701"}],"wp:term":[{"taxonomy":"product_brand","embeddable":true,"href":"https:\/\/industemp.com\/es\/wp-json\/wp\/v2\/product_brand?post=4701"},{"taxonomy":"product_cat","embeddable":true,"href":"https:\/\/industemp.com\/es\/wp-json\/wp\/v2\/product_cat?post=4701"},{"taxonomy":"product_tag","embeddable":true,"href":"https:\/\/industemp.com\/es\/wp-json\/wp\/v2\/product_tag?post=4701"}],"curies":[{"name":"wp","href":"https:\/\/api.w.org\/{rel}","templated":true}]}}