{"id":6344,"date":"2019-08-22T23:23:44","date_gmt":"2019-08-22T23:23:44","guid":{"rendered":"https:\/\/industemp.com\/?post_type=product&#038;p=6344"},"modified":"2021-07-06T21:35:04","modified_gmt":"2021-07-06T21:35:04","slug":"8-cores-9-cores-mi-cable","status":"publish","type":"product","link":"https:\/\/industemp.com\/es\/producto\/8-cores-9-cores-mi-cable\/","title":{"rendered":"8 Cores\/9 Cores MI Cable"},"content":{"rendered":"<p>Detalle del cable de termopar MI:<\/p>\n<ol>\n<li>Material del conductor: NiCr-NiSi, NiCrSi-NiSi, NiCr-Konstantan, Fe-Konstantan, Cu-Konstantan<\/li>\n<li>N\u00famero de n\u00facleo: 2, 4 o 6 n\u00facleos<\/li>\n<li>Material de la cubierta: SS321 (SS304), SS316, SS310, INCL600<\/li>\n<li>Aislante: 99,6% de MgO de alta pureza<\/li>\n<li>Di\u00e1metro (mm): de 0.25 mm a 12.7 mm<\/li>\n<\/ol>\n","protected":false},"excerpt":{"rendered":"<p>Detalle del cable de termopar MI: Material del conductor: NiCr-NiSi, NiCrSi-NiSi, NiCr-Konstantan, Fe-Konstantan, Cu-Konstantan N\u00famero de n\u00facleo: 2, 4 o 6 n\u00facleos Material de la cubierta: SS321 (SS304), SS316, SS310, INCL600 Aislante: 99,6% de MgO de alta pureza Di\u00e1metro (mm): de 0.25 mm a 12.7 mm<\/p>\n","protected":false},"featured_media":7009,"template":"","meta":[],"product_brand":[],"product_cat":[90],"product_tag":[],"class_list":{"0":"post-6344","1":"product","2":"type-product","3":"status-publish","4":"has-post-thumbnail","6":"product_cat-cable-calefactor-compactado","8":"first","9":"instock","10":"shipping-taxable","11":"product-type-simple"},"_links":{"self":[{"href":"https:\/\/industemp.com\/es\/wp-json\/wp\/v2\/product\/6344","targetHints":{"allow":["GET"]}}],"collection":[{"href":"https:\/\/industemp.com\/es\/wp-json\/wp\/v2\/product"}],"about":[{"href":"https:\/\/industemp.com\/es\/wp-json\/wp\/v2\/types\/product"}],"wp:featuredmedia":[{"embeddable":true,"href":"https:\/\/industemp.com\/es\/wp-json\/wp\/v2\/media\/7009"}],"wp:attachment":[{"href":"https:\/\/industemp.com\/es\/wp-json\/wp\/v2\/media?parent=6344"}],"wp:term":[{"taxonomy":"product_brand","embeddable":true,"href":"https:\/\/industemp.com\/es\/wp-json\/wp\/v2\/product_brand?post=6344"},{"taxonomy":"product_cat","embeddable":true,"href":"https:\/\/industemp.com\/es\/wp-json\/wp\/v2\/product_cat?post=6344"},{"taxonomy":"product_tag","embeddable":true,"href":"https:\/\/industemp.com\/es\/wp-json\/wp\/v2\/product_tag?post=6344"}],"curies":[{"name":"wp","href":"https:\/\/api.w.org\/{rel}","templated":true}]}}