{"id":6389,"date":"2019-08-22T23:59:56","date_gmt":"2019-08-22T23:59:56","guid":{"rendered":"https:\/\/industemp.com\/?post_type=product&#038;p=6389"},"modified":"2021-03-20T22:50:19","modified_gmt":"2021-03-20T22:50:19","slug":"tubo-de-proteccion-de-disilicida-de-molibdeno-mosi2","status":"publish","type":"product","link":"https:\/\/industemp.com\/es\/producto\/tubo-de-proteccion-de-disilicida-de-molibdeno-mosi2\/","title":{"rendered":"Tubo de protecci\u00f3n de disilicida de molibdeno (MoSi2)"},"content":{"rendered":"<p>Solicitud<\/p>\n<p>1. Tubo disilicida de molibdeno: se utiliza como un tubo burbujeante para un horno tanque de vidrio. En este caso,<\/p>\n<p>2. Dos tubos de sellado de silicio y molibdeno: utilizados para tubos de protecci\u00f3n de termopares para oxidaci\u00f3n, reducci\u00f3n o atm\u00f3sfera corrosiva o fluctuaciones de temperatura en el medio ambiente, uno es para evitar da\u00f1os mec\u00e1nicos; el segundo es proteger el termopar del medio medido Corrosi\u00f3n qu\u00edmica, de la atm\u00f3sfera oxidante o reducir los efectos nocivos de la atm\u00f3sfera, de modo que el termopar est\u00e9 lo m\u00e1s cerca posible de su mejor atm\u00f3sfera. Por lo tanto, el termopar debe protegerse de la atm\u00f3sfera da\u00f1ina.<\/p>\n<p>3. Dos sondas de silicio-molibdeno: horno de vidrio para control de nivel de l\u00edquido, puede reemplazar el alambre de platino. En este caso,<\/p>\n<p>4. Electrodo disilicida de molibdeno: para vidrio fundido, sin enfriamiento por agua.<\/p>\n<p>Atributos<\/p>\n<p>F\u00f3rmula molecular: MoSi2<\/p>\n<p>Disilicida de molibdeno &#8211; Propiedades fisicoqu\u00edmicas<\/p>\n<p>Densidad: 5.5 a 5.6 g \/ cm3<\/p>\n<p>Resistencia a la flexi\u00f3n: 15MPa (20 \u2103)<\/p>\n<p>Dureza Vickers (HV): 570 kg \/ mm2<\/p>\n<p>Porosidad: 7.4%<\/p>\n<p>Absorci\u00f3n de agua: 1.2%<\/p>\n<p>Alargamiento t\u00e9rmico: 4%<\/p>\n<p>Coeficiente de emisi\u00f3n: 0.7 ~ 0.8 (800 ~ 2000 \u2103)<\/p>\n<p>Caracteristicas<\/p>\n<p>Tubo de disilicida de molibdeno con alta resistencia a la oxidaci\u00f3n, en atm\u00f3sfera de alta temperatura, la superficie original de una capa de capa protectora de cuarzo denso SIO2 para evitar que MOSI2 contin\u00fae oxidando. Cuando la temperatura del componente es superior a 1700 grados, el punto de fusi\u00f3n de la capa protectora SIO2 de 1710 grados se derrite, debido al papel de la tensi\u00f3n superficial, la fusi\u00f3n del SIO2 en gotas y la p\u00e9rdida de protecci\u00f3n. La capa protectora SIO2 se regenera cuando el elemento se usa en una atm\u00f3sfera oxidante.<\/p>\n","protected":false},"excerpt":{"rendered":"<p>Densidad: 5.5 a 5.6 g \/ cm3<br \/>\nResistencia a la flexi\u00f3n: 15MPa (20 \u2103)<br \/>\nDureza Vickers (HV): 570 kg \/ mm2<br \/>\nMOQ: 10pcs<\/p>\n","protected":false},"featured_media":6390,"template":"","meta":[],"product_brand":[],"product_cat":[144],"product_tag":[],"class_list":{"0":"post-6389","1":"product","2":"type-product","3":"status-publish","4":"has-post-thumbnail","6":"product_cat-tubo-de-proteccion-termocupla","8":"first","9":"instock","10":"shipping-taxable","11":"product-type-simple"},"_links":{"self":[{"href":"https:\/\/industemp.com\/es\/wp-json\/wp\/v2\/product\/6389","targetHints":{"allow":["GET"]}}],"collection":[{"href":"https:\/\/industemp.com\/es\/wp-json\/wp\/v2\/product"}],"about":[{"href":"https:\/\/industemp.com\/es\/wp-json\/wp\/v2\/types\/product"}],"wp:featuredmedia":[{"embeddable":true,"href":"https:\/\/industemp.com\/es\/wp-json\/wp\/v2\/media\/6390"}],"wp:attachment":[{"href":"https:\/\/industemp.com\/es\/wp-json\/wp\/v2\/media?parent=6389"}],"wp:term":[{"taxonomy":"product_brand","embeddable":true,"href":"https:\/\/industemp.com\/es\/wp-json\/wp\/v2\/product_brand?post=6389"},{"taxonomy":"product_cat","embeddable":true,"href":"https:\/\/industemp.com\/es\/wp-json\/wp\/v2\/product_cat?post=6389"},{"taxonomy":"product_tag","embeddable":true,"href":"https:\/\/industemp.com\/es\/wp-json\/wp\/v2\/product_tag?post=6389"}],"curies":[{"name":"wp","href":"https:\/\/api.w.org\/{rel}","templated":true}]}}