{"id":6399,"date":"2019-08-23T00:04:55","date_gmt":"2019-08-23T00:04:55","guid":{"rendered":"https:\/\/industemp.com\/?post_type=product&#038;p=6399"},"modified":"2020-09-30T23:02:04","modified_gmt":"2020-09-30T23:02:04","slug":"tubo-de-proteccion-de-termopar-de-circonio-zro2","status":"publish","type":"product","link":"https:\/\/industemp.com\/es\/producto\/tubo-de-proteccion-de-termopar-de-circonio-zro2\/","title":{"rendered":"Tubo de protecci\u00f3n de termopar de circonio (ZrO2)"},"content":{"rendered":"<p>Uso:<\/p>\n<p>1. Silicio monocristalino, horno de lingotes de silicio policristalino,<\/p>\n<p>horno de difusi\u00f3n de semiconductores, incinerador con un tubo de protecci\u00f3n de termopar.<\/p>\n<p>2. Una variedad de an\u00e1lisis qu\u00edmico del tubo de combusti\u00f3n.<\/p>\n<p>3. Tubo de inhalaci\u00f3n y soplado de gas especial.<\/p>\n<p>4. Manejo de alta temperatura y as\u00ed sucesivamente.<\/p>\n<p>Estructura cristalina: alta temperatura para el hexagonal, baja temperatura para el Cuarteto.<\/p>\n<p>Caracter\u00edsticas:<\/p>\n<p>Alta temperatura, rendimiento de choque t\u00e9rmico. Rendimiento de resistencia a la fluencia a alta temperatura, la forma cambia peque\u00f1a. La temperatura qu\u00edmica es fuerte, la alta temperatura tiene una resistencia a la corrosi\u00f3n superior. Tubo de protecci\u00f3n de termopar que admite el uso del tubo de cer\u00e1mica tradicional. Debido a que el tubo de cer\u00e1mica ordinario a alta temperatura y el gas inerte es f\u00e1cil de ablandar y la reacci\u00f3n qu\u00edmica, y el tubo de circonia y el gas inerte no reaccionar\u00e1n, evitando as\u00ed el contacto del tubo de cer\u00e1mica y el gas, mejoran efectivamente la vida \u00fatil del termopar<\/p>\n<p><img loading=\"lazy\" decoding=\"async\" class=\"alignnone wp-image-6400\" src=\"https:\/\/industemp.com\/wp-content\/uploads\/2019\/08\/Sin-t\u00edtulo3-6.png\" alt=\"\" width=\"785\" height=\"401\" srcset=\"https:\/\/industemp.com\/wp-content\/uploads\/2019\/08\/Sin-t\u00edtulo3-6.png 1223w, https:\/\/industemp.com\/wp-content\/uploads\/2019\/08\/Sin-t\u00edtulo3-6-416x213.png 416w, https:\/\/industemp.com\/wp-content\/uploads\/2019\/08\/Sin-t\u00edtulo3-6-300x153.png 300w, https:\/\/industemp.com\/wp-content\/uploads\/2019\/08\/Sin-t\u00edtulo3-6-768x392.png 768w, https:\/\/industemp.com\/wp-content\/uploads\/2019\/08\/Sin-t\u00edtulo3-6-1024x523.png 1024w\" sizes=\"auto, (max-width: 785px) 100vw, 785px\" \/> <img loading=\"lazy\" decoding=\"async\" class=\"alignnone wp-image-6402\" src=\"https:\/\/industemp.com\/wp-content\/uploads\/2019\/08\/Sin-t\u00edtulo4-3.png\" alt=\"\" width=\"778\" height=\"486\" srcset=\"https:\/\/industemp.com\/wp-content\/uploads\/2019\/08\/Sin-t\u00edtulo4-3.png 1069w, https:\/\/industemp.com\/wp-content\/uploads\/2019\/08\/Sin-t\u00edtulo4-3-416x260.png 416w, https:\/\/industemp.com\/wp-content\/uploads\/2019\/08\/Sin-t\u00edtulo4-3-300x187.png 300w, https:\/\/industemp.com\/wp-content\/uploads\/2019\/08\/Sin-t\u00edtulo4-3-768x480.png 768w, https:\/\/industemp.com\/wp-content\/uploads\/2019\/08\/Sin-t\u00edtulo4-3-1024x640.png 1024w\" sizes=\"auto, (max-width: 778px) 100vw, 778px\" \/><\/p>\n","protected":false},"excerpt":{"rendered":"<p>Material: 14.5% en peso de Y2O3 + 85.5% en peso de Zro2.<br \/>\nPunto de fusi\u00f3n: 2715C.<br \/>\nRango de temperatura: 0 ~ 2300 \u2103.<br \/>\nMOQ: 10pcs<\/p>\n","protected":false},"featured_media":6404,"template":"","meta":[],"product_brand":[],"product_cat":[144],"product_tag":[],"class_list":{"0":"post-6399","1":"product","2":"type-product","3":"status-publish","4":"has-post-thumbnail","6":"product_cat-tubo-de-proteccion-termocupla","8":"first","9":"instock","10":"shipping-taxable","11":"product-type-simple"},"_links":{"self":[{"href":"https:\/\/industemp.com\/es\/wp-json\/wp\/v2\/product\/6399","targetHints":{"allow":["GET"]}}],"collection":[{"href":"https:\/\/industemp.com\/es\/wp-json\/wp\/v2\/product"}],"about":[{"href":"https:\/\/industemp.com\/es\/wp-json\/wp\/v2\/types\/product"}],"wp:featuredmedia":[{"embeddable":true,"href":"https:\/\/industemp.com\/es\/wp-json\/wp\/v2\/media\/6404"}],"wp:attachment":[{"href":"https:\/\/industemp.com\/es\/wp-json\/wp\/v2\/media?parent=6399"}],"wp:term":[{"taxonomy":"product_brand","embeddable":true,"href":"https:\/\/industemp.com\/es\/wp-json\/wp\/v2\/product_brand?post=6399"},{"taxonomy":"product_cat","embeddable":true,"href":"https:\/\/industemp.com\/es\/wp-json\/wp\/v2\/product_cat?post=6399"},{"taxonomy":"product_tag","embeddable":true,"href":"https:\/\/industemp.com\/es\/wp-json\/wp\/v2\/product_tag?post=6399"}],"curies":[{"name":"wp","href":"https:\/\/api.w.org\/{rel}","templated":true}]}}