{"id":6944,"date":"2021-02-10T17:06:41","date_gmt":"2021-02-10T17:06:41","guid":{"rendered":"https:\/\/industemp.com\/product\/cable-de-extension-tipo-rtd-kpt-kpt-3y4-7-0-2mm\/"},"modified":"2021-02-10T17:06:41","modified_gmt":"2021-02-10T17:06:41","slug":"cable-de-extension-tipo-rtd-kpt-kpt-3y4-7-0-2mm","status":"publish","type":"product","link":"https:\/\/industemp.com\/es\/producto\/cable-de-extension-tipo-rtd-kpt-kpt-3y4-7-0-2mm\/","title":{"rendered":"Cable de extensi\u00f3n Tipo RTD-KPT \/ KPT-3 * 7 \/ 0.2mm y RTD-KPT \/ KPT-4 * 7 \/ 0.2mm"},"content":{"rendered":"<p>1. SUJETO<br \/>\nEsta especificaci\u00f3n cubre los requisitos para RTD con revestimiento KAPTON aislado y KAPTON<br \/>\ncable de extensi\u00f3n, cable trenzado de 3 * 7 \/ 0,2 mm y 4 * 7 \/ 0,2 mm.<\/p>\n<p>2. CARACTER\u00cdSTICAS T\u00c9CNICAS<\/p>\n<p>A. Conductores:<br \/>\nCable de extensi\u00f3n RTD trenzado<\/p>\n<table border=\"1\" cellspacing=\"1\" cellpadding=\"1\">\n<tbody>\n<tr>\n<td>\u00a0 \u00a0 \u00a0 Tama\u00f1o de los conductores (AWG)<\/td>\n<td>\u00a0 \u00a0 \u00a0 N. \u00b0 de hilos y calibre<\/td>\n<\/tr>\n<tr>\n<td>\u00a0 \u00a0 \u00a0 \u00a024<\/td>\n<td>\u00a0 \u00a0 \u00a0 \u00a07\/0.2mm<\/td>\n<\/tr>\n<\/tbody>\n<\/table>\n<p>&nbsp;<\/p>\n<p>B. Aislamiento:<br \/>\nKapton extruido (316 \u2103)<\/p>\n<div class=\"sliderTable mt10 mb10 sliderTable-index1 change-to-org\">\n<div class=\"inner\">\n<table border=\"1\" cellspacing=\"1\" cellpadding=\"1\">\n<tbody>\n<tr>\n<td>\u00a0 \u00a0 \u00a0 Espesor de aislamiento nominal<\/td>\n<td>\u00a0 \u00a0 \u00a0 \u00a00.16mm\u00b10.2<\/td>\n<\/tr>\n<\/tbody>\n<\/table>\n<\/div>\n<\/div>\n<p>C\u00f3digo de color:<br \/>\n2 rojos \/ 1 dorado \/ dorado (2 n\u00facleos rojos y 1 n\u00facleo blanco) y 2 rojos \/ 2 dorados \/ dorados (2 n\u00facleos rojos y 2 n\u00facleos dorados)<\/p>\n<p>C. Montaje:<br \/>\nConstrucci\u00f3n trenzada de cuatro conductores (n\u00facleos).<\/p>\n<p>D. Chaqueta general<br \/>\nKPT extruido (316 \u2103)<\/p>\n<p>&nbsp;<\/p>\n<div class=\"sliderTable mt10 mb10 sliderTable-index2 change-to-org\">\n<div class=\"inner\">\n<table border=\"1\" cellspacing=\"1\" cellpadding=\"1\">\n<tbody>\n<tr>\n<td>\u00a0 \u00a0 \u00a0 Espesor nominal de la vaina<\/td>\n<td>\u00a0 \u00a0 \u00a0 \u00a00.24mm\u00b10.2<\/td>\n<\/tr>\n<tr>\n<td>\u00a0 \u00a0 \u00a0 C\u00f3digo de color<\/td>\n<td>\u00a0 \u00a0 \u00a0 Dorado<\/td>\n<\/tr>\n<\/tbody>\n<\/table>\n<\/div>\n<\/div>\n<p>3. DIMENSIONES Y TOLERANCIAS<\/p>\n<div class=\"sliderTable mt10 mb10 sliderTable-index3 change-to-org\">\n<div class=\"inner\">\n<table border=\"1\" cellspacing=\"1\" cellpadding=\"1\">\n<tbody>\n<tr>\n<td>\u00a0 \u00a0 \u00a0 Dimensiones \/ tolerancias (mm)<\/td>\n<td>\u00a0 \u00a0 \u00a0 \u00a0\u00d82.42\u00b10.2<\/td>\n<\/tr>\n<\/tbody>\n<\/table>\n<\/div>\n<\/div>\n<p>&nbsp;<\/p>\n","protected":false},"excerpt":{"rendered":"<p>1. SUJETO Esta especificaci\u00f3n cubre los requisitos para RTD con revestimiento KAPTON aislado y KAPTON cable de extensi\u00f3n, cable trenzado de 3 * 7 \/ 0,2 mm y 4 * 7 \/ 0,2 mm. 2. CARACTER\u00cdSTICAS T\u00c9CNICAS A. Conductores: Cable de extensi\u00f3n RTD trenzado \u00a0 \u00a0 \u00a0 Tama\u00f1o de los conductores (AWG) \u00a0 \u00a0 \u00a0 [&hellip;]<\/p>\n","protected":false},"featured_media":6938,"template":"","meta":[],"product_brand":[],"product_cat":[92],"product_tag":[],"class_list":{"0":"post-6944","1":"product","2":"type-product","3":"status-publish","4":"has-post-thumbnail","6":"product_cat-cables-de-extension-para-rtd","8":"first","9":"instock","10":"shipping-taxable","11":"product-type-simple"},"_links":{"self":[{"href":"https:\/\/industemp.com\/es\/wp-json\/wp\/v2\/product\/6944","targetHints":{"allow":["GET"]}}],"collection":[{"href":"https:\/\/industemp.com\/es\/wp-json\/wp\/v2\/product"}],"about":[{"href":"https:\/\/industemp.com\/es\/wp-json\/wp\/v2\/types\/product"}],"wp:featuredmedia":[{"embeddable":true,"href":"https:\/\/industemp.com\/es\/wp-json\/wp\/v2\/media\/6938"}],"wp:attachment":[{"href":"https:\/\/industemp.com\/es\/wp-json\/wp\/v2\/media?parent=6944"}],"wp:term":[{"taxonomy":"product_brand","embeddable":true,"href":"https:\/\/industemp.com\/es\/wp-json\/wp\/v2\/product_brand?post=6944"},{"taxonomy":"product_cat","embeddable":true,"href":"https:\/\/industemp.com\/es\/wp-json\/wp\/v2\/product_cat?post=6944"},{"taxonomy":"product_tag","embeddable":true,"href":"https:\/\/industemp.com\/es\/wp-json\/wp\/v2\/product_tag?post=6944"}],"curies":[{"name":"wp","href":"https:\/\/api.w.org\/{rel}","templated":true}]}}