{"id":6950,"date":"2021-02-10T18:01:35","date_gmt":"2021-02-10T18:01:35","guid":{"rendered":"https:\/\/industemp.com\/product\/cable-de-extension-para-termocuplas-tipo-kx-kpt-kpt-2-050mm\/"},"modified":"2021-03-11T14:29:35","modified_gmt":"2021-03-11T14:29:35","slug":"cable-de-extension-para-termocuplas-tipo-kx-kpt-kpt-2-050mm","status":"publish","type":"product","link":"https:\/\/industemp.com\/es\/producto\/cable-de-extension-para-termocuplas-tipo-kx-kpt-kpt-2-050mm\/","title":{"rendered":"Cable de extensi\u00f3n para termocuplas Tipo KX \u2013 KPT \/ KPT 2 * 0,50mm"},"content":{"rendered":"<p>Descripci\u00f3n:<br \/>\n1. SUJETO<br \/>\nEsta especificaci\u00f3n cubre los requisitos para termopar con revestimiento KAPTON aislado y KAPTON<br \/>\ncable de extensi\u00f3n, tipo K, hilo s\u00f3lido, tolerancia est\u00e1ndar y c\u00f3digo de color seg\u00fan ANSI.<\/p>\n<p>2. CARACTER\u00cdSTICAS T\u00c9CNICAS<\/p>\n<p>C\u00f3digo de color<\/p>\n<div class=\"sliderTable mt10 mb10 sliderTable-index0 change-to-org\">\n<p>&nbsp;<\/p>\n<div class=\"inner\">\n<table width=\"500\">\n<tbody>\n<tr class=\"firstRow\">\n<td>\u00a0 \u00a0 \u00a0 \u00a0Positivo<\/td>\n<td>\u00a0 \u00a0 \u00a0 \u00a0Color<\/td>\n<td>\u00a0 \u00a0 \u00a0 \u00a0Negativo<\/td>\n<td>\u00a0 \u00a0 \u00a0 \u00a0Color<\/td>\n<\/tr>\n<tr>\n<td>\u00a0 \u00a0 \u00a0 \u00a0Cromo<\/td>\n<td>\u00a0 \u00a0 \u00a0 \u00a0Amarillo<\/td>\n<td>\u00a0 \u00a0 \u00a0 \u00a0Alumel<\/td>\n<td>\u00a0 \u00a0 \u00a0 \u00a0Rojo<\/td>\n<\/tr>\n<\/tbody>\n<\/table>\n<\/div>\n<\/div>\n<p>Montaje:<br \/>\nConstrucci\u00f3n en paralelo de dos conductores (positivo y negativo).<\/p>\n<p>Chaqueta general<br \/>\nKPT extruido (316 \u2103)<\/p>\n<p>3.DIMENSIONES Y TOLERANCIAS<\/p>\n<table width=\"500\">\n<tbody>\n<tr class=\"firstRow\">\n<td>\u00a0 \u00a0 \u00a0 \u00a0Dimensiones\/tolerancias(mm)<\/td>\n<td>\u00a0 \u00a0 \u00a0 \u00a0&amp;Oslash;0.4&amp;plusmn;0.2<\/td>\n<\/tr>\n<\/tbody>\n<\/table>\n<p>4. TOLERANCIA DE CALIBRACI\u00d3N<\/p>\n<div class=\"sliderTable mt10 mb10 sliderTable-index5 change-to-org\">\n<p>&nbsp;<\/p>\n<div class=\"inner\">\n<table border=\"1\" cellspacing=\"1\" cellpadding=\"1\">\n<tbody>\n<tr>\n<td>\u00a0 \u00a0 \u00a0 Rango de temperatura<\/td>\n<td>\u00a0 \u00a0 Tolerancia est\u00e1ndar<\/td>\n<td>\u00a0 \u00a0 \u00a0 Tolerancia especial<\/td>\n<\/tr>\n<tr>\n<td>\u00a0 \u00a0 \u00a0 \u00a00\u00ba to 300\u00baC<\/td>\n<td>\u00a0 \u00a0 \u00a0 \u00a0\u00b12.2\u2103 or 0.75%<\/td>\n<td>\u00a0 \u00a0 \u00a0 \u00a0\u00b11.1\u2103 or 0.4%<\/td>\n<\/tr>\n<\/tbody>\n<\/table>\n<\/div>\n<\/div>\n<p>Tipo de cable de extensi\u00f3n de termopar disponible: KX, JX, TX, EX, NX, RX, SX y otros cables de compensaci\u00f3n como KCA, KCB y as\u00ed sucesivamente.<\/p>\n<p>Adem\u00e1s de esos cables, tambi\u00e9n podemos producir seg\u00fan su demanda.<\/p>\n","protected":false},"excerpt":{"rendered":"<p>Descripci\u00f3n: 1. SUJETO Esta especificaci\u00f3n cubre los requisitos para termopar con revestimiento KAPTON aislado y KAPTON cable de extensi\u00f3n, tipo K, hilo s\u00f3lido, tolerancia est\u00e1ndar y c\u00f3digo de color seg\u00fan ANSI. 2. CARACTER\u00cdSTICAS T\u00c9CNICAS C\u00f3digo de color &nbsp; \u00a0 \u00a0 \u00a0 \u00a0Positivo \u00a0 \u00a0 \u00a0 \u00a0Color \u00a0 \u00a0 \u00a0 \u00a0Negativo \u00a0 \u00a0 \u00a0 \u00a0Color \u00a0 [&hellip;]<\/p>\n","protected":false},"featured_media":6947,"template":"","meta":[],"product_brand":[],"product_cat":[91],"product_tag":[],"class_list":{"0":"post-6950","1":"product","2":"type-product","3":"status-publish","4":"has-post-thumbnail","6":"product_cat-cables-de-extension-para-termocuplas","8":"first","9":"instock","10":"shipping-taxable","11":"product-type-simple"},"_links":{"self":[{"href":"https:\/\/industemp.com\/es\/wp-json\/wp\/v2\/product\/6950","targetHints":{"allow":["GET"]}}],"collection":[{"href":"https:\/\/industemp.com\/es\/wp-json\/wp\/v2\/product"}],"about":[{"href":"https:\/\/industemp.com\/es\/wp-json\/wp\/v2\/types\/product"}],"wp:featuredmedia":[{"embeddable":true,"href":"https:\/\/industemp.com\/es\/wp-json\/wp\/v2\/media\/6947"}],"wp:attachment":[{"href":"https:\/\/industemp.com\/es\/wp-json\/wp\/v2\/media?parent=6950"}],"wp:term":[{"taxonomy":"product_brand","embeddable":true,"href":"https:\/\/industemp.com\/es\/wp-json\/wp\/v2\/product_brand?post=6950"},{"taxonomy":"product_cat","embeddable":true,"href":"https:\/\/industemp.com\/es\/wp-json\/wp\/v2\/product_cat?post=6950"},{"taxonomy":"product_tag","embeddable":true,"href":"https:\/\/industemp.com\/es\/wp-json\/wp\/v2\/product_tag?post=6950"}],"curies":[{"name":"wp","href":"https:\/\/api.w.org\/{rel}","templated":true}]}}