{"id":7051,"date":"2021-10-25T17:02:27","date_gmt":"2021-10-25T17:02:27","guid":{"rendered":"https:\/\/industemp.com\/?post_type=product&#038;p=7051"},"modified":"2021-10-25T17:02:28","modified_gmt":"2021-10-25T17:02:28","slug":"zocalos-chapa-prensa-retractil-para-transmisor","status":"publish","type":"product","link":"https:\/\/industemp.com\/es\/producto\/zocalos-chapa-prensa-retractil-para-transmisor\/","title":{"rendered":"Z\u00d3CALOS CHAPA PRENSA RETR\u00c1CTIL PARA TRANSMISOR"},"content":{"rendered":"<div class=\"woocommerce-product-details__short-description\">\n<p>Z\u00d3CALOS DE CONEXI\u00d3N CHAPA PRENSA RETR\u00c1CTIL PARA TRANSMISOR para cabezales de termocupla KN- XDAD \u2013 KD \u2013 DAAD<\/p>\n<ul>\n<li>Di\u00e1metro 43mm.<\/li>\n<li>Tornillos entre centro: 33mm ( chapa resorte \u2013 para maquina)<\/li>\n<li>Espesor: 1,8 mm(2)<\/li>\n<\/ul>\n<\/div>\n<div class=\"yith-ywraq-add-to-quote add-to-quote-7437 near-add-to-cart\"><\/div>\n","protected":false},"excerpt":{"rendered":"<div class=\"woocommerce-product-details__short-description\">\n<p>Z\u00d3CALOS DE CONEXI\u00d3N CHAPA PRENSA RETR\u00c1CTIL PARA TRANSMISOR para cabezales de termocupla KN- XDAD \u2013 KD \u2013 DAAD. Di\u00e1metro 43mm. Tornillos entre centro: 33mm ( chapa resorte \u2013 para maquina). Espesor: 1,8 mm(2)<\/p>\n<\/div>\n<div class=\"yith-ywraq-add-to-quote add-to-quote-7437 near-add-to-cart\"><\/div>\n","protected":false},"featured_media":7052,"template":"","meta":[],"product_brand":[],"product_cat":[159],"product_tag":[],"class_list":{"0":"post-7051","1":"product","2":"type-product","3":"status-publish","4":"has-post-thumbnail","6":"product_cat-zocalos-de-conexion","8":"first","9":"instock","10":"shipping-taxable","11":"product-type-simple"},"_links":{"self":[{"href":"https:\/\/industemp.com\/es\/wp-json\/wp\/v2\/product\/7051","targetHints":{"allow":["GET"]}}],"collection":[{"href":"https:\/\/industemp.com\/es\/wp-json\/wp\/v2\/product"}],"about":[{"href":"https:\/\/industemp.com\/es\/wp-json\/wp\/v2\/types\/product"}],"wp:featuredmedia":[{"embeddable":true,"href":"https:\/\/industemp.com\/es\/wp-json\/wp\/v2\/media\/7052"}],"wp:attachment":[{"href":"https:\/\/industemp.com\/es\/wp-json\/wp\/v2\/media?parent=7051"}],"wp:term":[{"taxonomy":"product_brand","embeddable":true,"href":"https:\/\/industemp.com\/es\/wp-json\/wp\/v2\/product_brand?post=7051"},{"taxonomy":"product_cat","embeddable":true,"href":"https:\/\/industemp.com\/es\/wp-json\/wp\/v2\/product_cat?post=7051"},{"taxonomy":"product_tag","embeddable":true,"href":"https:\/\/industemp.com\/es\/wp-json\/wp\/v2\/product_tag?post=7051"}],"curies":[{"name":"wp","href":"https:\/\/api.w.org\/{rel}","templated":true}]}}