{"id":7082,"date":"2021-10-25T18:01:16","date_gmt":"2021-10-25T18:01:16","guid":{"rendered":"https:\/\/industemp.com\/?post_type=product&#038;p=7082"},"modified":"2021-10-29T02:06:01","modified_gmt":"2021-10-29T02:06:01","slug":"zocalos-de-conexion-para-cabezales-ks-4-pc-cuboid","status":"publish","type":"product","link":"https:\/\/industemp.com\/es\/producto\/zocalos-de-conexion-para-cabezales-ks-4-pc-cuboid\/","title":{"rendered":"Z\u00d3CALOS DE CONEXI\u00d3N PARA CABEZALES KS \u2013 4 PC \u2013 CUBOID"},"content":{"rendered":"<p>Z\u00f3calos de conexi\u00f3n 4 PC para cabezales de termocupla KS<\/p>\n<ul>\n<li>CUBOID<\/li>\n<li>4 PC<\/li>\n<li>Di\u00e1metro: 34 mm.<\/li>\n<li>Tornillos entre centro: 27 mm.<\/li>\n<li>Espesor: 10 mm.<\/li>\n<\/ul>\n","protected":false},"excerpt":{"rendered":"<div class=\"woocommerce-product-details__short-description\">\n<p>Z\u00f3calos de conexi\u00f3n 4 PC para cabezales de termocupla KS. CUBOID. Di\u00e1metro: 34 mm. Tornillos entre centro: 27 mm. Espesor: 10 mm.<\/p>\n<\/div>\n","protected":false},"featured_media":7141,"template":"","meta":[],"product_brand":[],"product_cat":[159],"product_tag":[],"class_list":{"0":"post-7082","1":"product","2":"type-product","3":"status-publish","4":"has-post-thumbnail","6":"product_cat-zocalos-de-conexion","8":"first","9":"instock","10":"shipping-taxable","11":"product-type-simple"},"_links":{"self":[{"href":"https:\/\/industemp.com\/es\/wp-json\/wp\/v2\/product\/7082","targetHints":{"allow":["GET"]}}],"collection":[{"href":"https:\/\/industemp.com\/es\/wp-json\/wp\/v2\/product"}],"about":[{"href":"https:\/\/industemp.com\/es\/wp-json\/wp\/v2\/types\/product"}],"wp:featuredmedia":[{"embeddable":true,"href":"https:\/\/industemp.com\/es\/wp-json\/wp\/v2\/media\/7141"}],"wp:attachment":[{"href":"https:\/\/industemp.com\/es\/wp-json\/wp\/v2\/media?parent=7082"}],"wp:term":[{"taxonomy":"product_brand","embeddable":true,"href":"https:\/\/industemp.com\/es\/wp-json\/wp\/v2\/product_brand?post=7082"},{"taxonomy":"product_cat","embeddable":true,"href":"https:\/\/industemp.com\/es\/wp-json\/wp\/v2\/product_cat?post=7082"},{"taxonomy":"product_tag","embeddable":true,"href":"https:\/\/industemp.com\/es\/wp-json\/wp\/v2\/product_tag?post=7082"}],"curies":[{"name":"wp","href":"https:\/\/api.w.org\/{rel}","templated":true}]}}