{"id":7090,"date":"2021-10-25T21:38:12","date_gmt":"2021-10-25T21:38:12","guid":{"rendered":"https:\/\/industemp.com\/?post_type=product&#038;p=7090"},"modified":"2021-10-25T21:38:13","modified_gmt":"2021-10-25T21:38:13","slug":"zocalos-para-cabezales-kn-xdad-xins-kd-3pc","status":"publish","type":"product","link":"https:\/\/industemp.com\/es\/producto\/zocalos-para-cabezales-kn-xdad-xins-kd-3pc\/","title":{"rendered":"Z\u00d3CALOS PARA CABEZALES KN-XDAD-XINS -KD- 3PC"},"content":{"rendered":"<p>Z\u00f3calos de conexi\u00f3n para cabezales de termocupla KN-XDAD-XINS -KD.<\/p>\n<ul>\n<li>3PC<\/li>\n<li>Di\u00e1metro: 41mm<\/li>\n<li>Tornillos entre centro:\u00a0 31mm hasta 38mm<\/li>\n<\/ul>\n","protected":false},"excerpt":{"rendered":"<div class=\"woocommerce-product-details__short-description\">\n<p>Z\u00f3calos de conexi\u00f3n para cabezales de termocupla KN-XDAD-XINS -KD. 3PC. Di\u00e1metro: 41mm. Tornillos entre centro:\u00a0 31mm hasta 38mm.<\/p>\n<\/div>\n","protected":false},"featured_media":7091,"template":"","meta":[],"product_brand":[],"product_cat":[159],"product_tag":[],"class_list":{"0":"post-7090","1":"product","2":"type-product","3":"status-publish","4":"has-post-thumbnail","6":"product_cat-zocalos-de-conexion","8":"first","9":"instock","10":"shipping-taxable","11":"product-type-simple"},"_links":{"self":[{"href":"https:\/\/industemp.com\/es\/wp-json\/wp\/v2\/product\/7090","targetHints":{"allow":["GET"]}}],"collection":[{"href":"https:\/\/industemp.com\/es\/wp-json\/wp\/v2\/product"}],"about":[{"href":"https:\/\/industemp.com\/es\/wp-json\/wp\/v2\/types\/product"}],"wp:featuredmedia":[{"embeddable":true,"href":"https:\/\/industemp.com\/es\/wp-json\/wp\/v2\/media\/7091"}],"wp:attachment":[{"href":"https:\/\/industemp.com\/es\/wp-json\/wp\/v2\/media?parent=7090"}],"wp:term":[{"taxonomy":"product_brand","embeddable":true,"href":"https:\/\/industemp.com\/es\/wp-json\/wp\/v2\/product_brand?post=7090"},{"taxonomy":"product_cat","embeddable":true,"href":"https:\/\/industemp.com\/es\/wp-json\/wp\/v2\/product_cat?post=7090"},{"taxonomy":"product_tag","embeddable":true,"href":"https:\/\/industemp.com\/es\/wp-json\/wp\/v2\/product_tag?post=7090"}],"curies":[{"name":"wp","href":"https:\/\/api.w.org\/{rel}","templated":true}]}}