{"id":7112,"date":"2021-10-28T22:24:42","date_gmt":"2021-10-28T22:24:42","guid":{"rendered":"https:\/\/industemp.com\/?post_type=product&#038;p=7112"},"modified":"2021-10-29T16:18:55","modified_gmt":"2021-10-29T16:18:55","slug":"zocalos-para-cabezales-kn-dana-2-pc-cuboid","status":"publish","type":"product","link":"https:\/\/industemp.com\/es\/producto\/zocalos-para-cabezales-kn-dana-2-pc-cuboid\/","title":{"rendered":"Z\u00d3CALOS PARA CABEZALES KN \u2013 DANA \u2013 2 PC \u2013 CUBOID"},"content":{"rendered":"<p>Z\u00f3calos de conexi\u00f3n para cabezales de termocupla KN- DANA<\/p>\n<ul>\n<li>2 pc<\/li>\n<li>Di\u00e1metro: 48 mm<\/li>\n<li>Tornillos entre centro: 40mm<\/li>\n<li>Espesor: 10 mm.<\/li>\n<\/ul>\n","protected":false},"excerpt":{"rendered":"<div class=\"woocommerce-product-details__short-description\">\n<p>Z\u00f3calos de conexi\u00f3n para cabezales de termocupla KN- DANA-2 pc. Di\u00e1metro: 48 mm. Tornillos entre centro: 40mm. Espesor: 10 mm.<\/p>\n<\/div>\n","protected":false},"featured_media":7113,"template":"","meta":[],"product_brand":[],"product_cat":[159],"product_tag":[],"class_list":{"0":"post-7112","1":"product","2":"type-product","3":"status-publish","4":"has-post-thumbnail","6":"product_cat-zocalos-de-conexion","8":"first","9":"instock","10":"shipping-taxable","11":"product-type-simple"},"_links":{"self":[{"href":"https:\/\/industemp.com\/es\/wp-json\/wp\/v2\/product\/7112","targetHints":{"allow":["GET"]}}],"collection":[{"href":"https:\/\/industemp.com\/es\/wp-json\/wp\/v2\/product"}],"about":[{"href":"https:\/\/industemp.com\/es\/wp-json\/wp\/v2\/types\/product"}],"wp:featuredmedia":[{"embeddable":true,"href":"https:\/\/industemp.com\/es\/wp-json\/wp\/v2\/media\/7113"}],"wp:attachment":[{"href":"https:\/\/industemp.com\/es\/wp-json\/wp\/v2\/media?parent=7112"}],"wp:term":[{"taxonomy":"product_brand","embeddable":true,"href":"https:\/\/industemp.com\/es\/wp-json\/wp\/v2\/product_brand?post=7112"},{"taxonomy":"product_cat","embeddable":true,"href":"https:\/\/industemp.com\/es\/wp-json\/wp\/v2\/product_cat?post=7112"},{"taxonomy":"product_tag","embeddable":true,"href":"https:\/\/industemp.com\/es\/wp-json\/wp\/v2\/product_tag?post=7112"}],"curies":[{"name":"wp","href":"https:\/\/api.w.org\/{rel}","templated":true}]}}