{"id":7197,"date":"2021-01-01T21:28:35","date_gmt":"2021-01-01T21:28:35","guid":{"rendered":"https:\/\/industemp.com\/product\/termocupla-con-vaina-recta-metalica\/"},"modified":"2025-05-05T22:41:52","modified_gmt":"2025-05-05T22:41:52","slug":"termocupla-con-vaina-recta-metalica","status":"publish","type":"product","link":"https:\/\/industemp.com\/es\/producto\/termocupla-con-vaina-recta-metalica\/","title":{"rendered":"TERMOCUPLA CON VAINA RECTA MET\u00c1LICA"},"content":{"rendered":"<p>Termocuplas con vainas de protecci\u00f3n met\u00e1licas desde tubos con o sin costura que encontramos en la categor\u00eda \u00abTUBOS DE PROTECCI\u00d3N DE ACERO INOXIDABLE\u00bb.<\/p>\n<p>AISI 304-316-310-446 INCONEL 600\/601.<\/p>\n<p>Fabricaci\u00f3n totalmente a pedido y medida personalizada.<\/p>\n","protected":false},"excerpt":{"rendered":"<p>Fabricaci\u00f3n totalmente a pedido y medida personalizada.<\/p>\n","protected":false},"featured_media":6918,"template":"","meta":[],"product_brand":[],"product_cat":[73],"product_tag":[],"class_list":{"0":"post-7197","1":"product","2":"type-product","3":"status-publish","4":"has-post-thumbnail","6":"product_cat-termocuplas-industriales","8":"first","9":"instock","10":"shipping-taxable","11":"product-type-simple"},"_links":{"self":[{"href":"https:\/\/industemp.com\/es\/wp-json\/wp\/v2\/product\/7197","targetHints":{"allow":["GET"]}}],"collection":[{"href":"https:\/\/industemp.com\/es\/wp-json\/wp\/v2\/product"}],"about":[{"href":"https:\/\/industemp.com\/es\/wp-json\/wp\/v2\/types\/product"}],"wp:featuredmedia":[{"embeddable":true,"href":"https:\/\/industemp.com\/es\/wp-json\/wp\/v2\/media\/6918"}],"wp:attachment":[{"href":"https:\/\/industemp.com\/es\/wp-json\/wp\/v2\/media?parent=7197"}],"wp:term":[{"taxonomy":"product_brand","embeddable":true,"href":"https:\/\/industemp.com\/es\/wp-json\/wp\/v2\/product_brand?post=7197"},{"taxonomy":"product_cat","embeddable":true,"href":"https:\/\/industemp.com\/es\/wp-json\/wp\/v2\/product_cat?post=7197"},{"taxonomy":"product_tag","embeddable":true,"href":"https:\/\/industemp.com\/es\/wp-json\/wp\/v2\/product_tag?post=7197"}],"curies":[{"name":"wp","href":"https:\/\/api.w.org\/{rel}","templated":true}]}}