{"id":7249,"date":"2022-07-21T23:25:15","date_gmt":"2022-07-21T23:25:15","guid":{"rendered":"https:\/\/industemp.com\/?post_type=product&#038;p=7249"},"modified":"2022-07-22T00:54:21","modified_gmt":"2022-07-22T00:54:21","slug":"steel-tooth-tricone-bit","status":"publish","type":"product","link":"https:\/\/industemp.com\/es\/producto\/steel-tooth-tricone-bit\/","title":{"rendered":"BROCA TRICONO DE DIENTE DE ACERO"},"content":{"rendered":"<p><span style=\"font-family: inherit, serif;\"><span style=\"font-size: small;\">C\u00f3digo IADC seg\u00fan el tipo de uso que se le dar\u00e1<\/span><\/span><\/p>\n<table width=\"612\" cellspacing=\"0\" cellpadding=\"0\">\n<tbody>\n<tr valign=\"top\">\n<td bgcolor=\"#f7f8fa\" width=\"65\" height=\"19\">\n<p align=\"center\"><span style=\"font-family: inherit, serif;\"><span style=\"font-size: small;\"><b>IADC<\/b><\/span><\/span><\/p>\n<\/td>\n<td bgcolor=\"#f7f8fa\" width=\"397\">\n<p align=\"center\"><span style=\"font-family: inherit, serif;\"><span style=\"font-size: small;\"><b>Formaci\u00f3n de roca<\/b><\/span><\/span><\/p>\n<\/td>\n<td bgcolor=\"#f7f8fa\" width=\"75\">\n<p align=\"center\"><span style=\"font-family: inherit, serif;\"><span style=\"font-size: small;\"><b>WOB (KN\/mm)<\/b><\/span><\/span><\/p>\n<\/td>\n<td bgcolor=\"#f7f8fa\" width=\"74\">\n<p align=\"center\"><span style=\"font-family: inherit, serif;\"><span style=\"font-size: small;\"><b>WOB (KN\/mm)<\/b><\/span><\/span><\/p>\n<\/td>\n<\/tr>\n<tr valign=\"top\">\n<td width=\"65\" height=\"20\">\n<p align=\"center\"><span style=\"font-size: small;\"><b><span style=\"font-family: Arial, serif;\">116\/117<\/span><\/b><\/span><\/p>\n<\/td>\n<td width=\"397\"><span style=\"font-family: inherit, serif;\"><span style=\"font-size: small;\">Baja resistencia a la compresi\u00f3n, alta capacidad de perforaci\u00f3n y formaci\u00f3n extremadamente suave, como pizarra blanda, arcilla, conglomerado, etc.<\/span><\/span><\/td>\n<td width=\"75\">\n<p align=\"center\"><span style=\"font-family: inherit, serif;\"><span style=\"font-size: small;\">0,35 ~ 0,90<\/span><\/span><\/p>\n<\/td>\n<td width=\"74\">\n<p align=\"center\"><span style=\"font-family: inherit, serif;\"><span style=\"font-size: small;\">180 ~ 80<\/span><\/span><\/p>\n<\/td>\n<\/tr>\n<tr valign=\"top\">\n<td width=\"65\" height=\"20\">\n<p align=\"center\"><span style=\"font-size: small;\"><b><span style=\"font-family: Arial, serif;\">126\/127<\/span><\/b><\/span><\/p>\n<\/td>\n<td width=\"397\"><span style=\"font-family: inherit, serif;\"><span style=\"font-size: small;\">Baja resistencia a la compresi\u00f3n, alta capacidad de perforaci\u00f3n y formaci\u00f3n suave, como pizarra, arcilla, piedra caliza blanda, Roca salina, etc.<\/span><\/span><\/td>\n<td width=\"75\">\n<p align=\"center\"><span style=\"font-family: inherit, serif;\"><span style=\"font-size: small;\">0,35 ~ 1,00<\/span><\/span><\/p>\n<\/td>\n<td width=\"74\">\n<p align=\"center\"><span style=\"font-family: inherit, serif;\"><span style=\"font-size: small;\">180 ~ 80<\/span><\/span><\/p>\n<\/td>\n<\/tr>\n<tr valign=\"top\">\n<td width=\"65\" height=\"20\">\n<p align=\"center\"><span style=\"font-family: Arial, serif;\"><span style=\"font-size: small;\"><b>136\/137<\/b><\/span><\/span><\/p>\n<\/td>\n<td width=\"397\"><span style=\"font-family: inherit, serif;\"><span style=\"font-size: small;\">Suave a medio suave con baja resistencia a la compresi\u00f3n o suave con capa intercalada dura, como anhidrita, piedra caliza blanda, arenisca, etc.<\/span><\/span><\/td>\n<td width=\"75\">\n<p align=\"center\"><span style=\"font-family: inherit, serif;\"><span style=\"font-size: small;\">0,37 ~ 1,05<\/span><\/span><\/p>\n<\/td>\n<td width=\"74\">\n<p align=\"center\"><span style=\"font-family: inherit, serif;\"><span style=\"font-size: small;\">130 ~ 60<\/span><\/span><\/p>\n<\/td>\n<\/tr>\n<tr valign=\"top\">\n<td width=\"65\" height=\"19\">\n<p align=\"center\"><span style=\"font-family: Arial, serif;\"><span style=\"font-size: small;\"><b>216\/217<\/b><\/span><\/span><\/p>\n<\/td>\n<td width=\"397\"><span style=\"font-family: inherit, serif;\"><span style=\"font-size: small;\">Formaci\u00f3n dura media con resistencia a la compresi\u00f3n relativamente alta y capa intercalada dura, como pizarra dura, arenisca, piedra caliza, etc.<\/span><\/span><\/td>\n<td width=\"75\">\n<p align=\"center\"><span style=\"font-family: inherit, serif;\"><span style=\"font-size: small;\">0,5 ~ 1,20<\/span><\/span><\/p>\n<\/td>\n<td width=\"74\">\n<p align=\"center\"><span style=\"font-family: inherit, serif;\"><span style=\"font-size: small;\">100 ~ 50<\/span><\/span><\/p>\n<\/td>\n<\/tr>\n<\/tbody>\n<\/table>\n<p>&nbsp;<\/p>\n","protected":false},"excerpt":{"rendered":"<p>Consulte por medidas, precios y plazos de entrega.<\/p>\n","protected":false},"featured_media":7254,"template":"","meta":[],"product_brand":[],"product_cat":[161],"product_tag":[],"class_list":{"0":"post-7249","1":"product","2":"type-product","3":"status-publish","4":"has-post-thumbnail","6":"product_cat-trepanos-de-perforacion","8":"first","9":"instock","10":"shipping-taxable","11":"product-type-simple"},"_links":{"self":[{"href":"https:\/\/industemp.com\/es\/wp-json\/wp\/v2\/product\/7249","targetHints":{"allow":["GET"]}}],"collection":[{"href":"https:\/\/industemp.com\/es\/wp-json\/wp\/v2\/product"}],"about":[{"href":"https:\/\/industemp.com\/es\/wp-json\/wp\/v2\/types\/product"}],"wp:featuredmedia":[{"embeddable":true,"href":"https:\/\/industemp.com\/es\/wp-json\/wp\/v2\/media\/7254"}],"wp:attachment":[{"href":"https:\/\/industemp.com\/es\/wp-json\/wp\/v2\/media?parent=7249"}],"wp:term":[{"taxonomy":"product_brand","embeddable":true,"href":"https:\/\/industemp.com\/es\/wp-json\/wp\/v2\/product_brand?post=7249"},{"taxonomy":"product_cat","embeddable":true,"href":"https:\/\/industemp.com\/es\/wp-json\/wp\/v2\/product_cat?post=7249"},{"taxonomy":"product_tag","embeddable":true,"href":"https:\/\/industemp.com\/es\/wp-json\/wp\/v2\/product_tag?post=7249"}],"curies":[{"name":"wp","href":"https:\/\/api.w.org\/{rel}","templated":true}]}}