{"id":7260,"date":"2022-07-22T01:07:06","date_gmt":"2022-07-22T01:07:06","guid":{"rendered":"https:\/\/industemp.com\/product\/brocas-de-pdc\/"},"modified":"2022-07-22T01:07:06","modified_gmt":"2022-07-22T01:07:06","slug":"brocas-de-pdc","status":"publish","type":"product","link":"https:\/\/industemp.com\/es\/producto\/brocas-de-pdc\/","title":{"rendered":"BROCAS DE PDC"},"content":{"rendered":"<p>La\u00a0<strong>broca<\/strong>\u00a0de cruce se especializa en la producci\u00f3n de brocas de n\u00facleo PDC, brocas de diamante, brocas tric\u00f3nicas,\u00a0<strong>brocas de PDC<\/strong>, abridor de agujeros HDD, etc.<br \/>\nAplicaci\u00f3n de broca para miner\u00eda de carb\u00f3n PDC, broca sin n\u00facleo para miner\u00eda de carb\u00f3n.<br \/>\nEste grupo de productos se utiliza para penetrar el orificio de desgasificaci\u00f3n, el orificio de drenaje y el orificio de la mina de carb\u00f3n, la conservaci\u00f3n de agua y la energ\u00eda hidroel\u00e9ctrica, la construcci\u00f3n de carreteras, puentes y edificios.<\/p>\n","protected":false},"excerpt":{"rendered":"<div class=\"woocommerce-product-details__short-description\">\n<p>La\u00a0<strong>broca<\/strong> de cruce se especializa en la producci\u00f3n de brocas de n\u00facleo PDC<\/p>\n<\/div>\n","protected":false},"featured_media":7259,"template":"","meta":[],"product_brand":[],"product_cat":[161],"product_tag":[],"class_list":{"0":"post-7260","1":"product","2":"type-product","3":"status-publish","4":"has-post-thumbnail","6":"product_cat-trepanos-de-perforacion","8":"first","9":"instock","10":"shipping-taxable","11":"product-type-simple"},"_links":{"self":[{"href":"https:\/\/industemp.com\/es\/wp-json\/wp\/v2\/product\/7260","targetHints":{"allow":["GET"]}}],"collection":[{"href":"https:\/\/industemp.com\/es\/wp-json\/wp\/v2\/product"}],"about":[{"href":"https:\/\/industemp.com\/es\/wp-json\/wp\/v2\/types\/product"}],"wp:featuredmedia":[{"embeddable":true,"href":"https:\/\/industemp.com\/es\/wp-json\/wp\/v2\/media\/7259"}],"wp:attachment":[{"href":"https:\/\/industemp.com\/es\/wp-json\/wp\/v2\/media?parent=7260"}],"wp:term":[{"taxonomy":"product_brand","embeddable":true,"href":"https:\/\/industemp.com\/es\/wp-json\/wp\/v2\/product_brand?post=7260"},{"taxonomy":"product_cat","embeddable":true,"href":"https:\/\/industemp.com\/es\/wp-json\/wp\/v2\/product_cat?post=7260"},{"taxonomy":"product_tag","embeddable":true,"href":"https:\/\/industemp.com\/es\/wp-json\/wp\/v2\/product_tag?post=7260"}],"curies":[{"name":"wp","href":"https:\/\/api.w.org\/{rel}","templated":true}]}}