{"id":7265,"date":"2022-08-01T14:50:04","date_gmt":"2022-08-01T14:50:04","guid":{"rendered":"https:\/\/industemp.com\/product\/broca-de-arrastre-pdc\/"},"modified":"2022-08-01T14:50:04","modified_gmt":"2022-08-01T14:50:04","slug":"broca-de-arrastre-pdc","status":"publish","type":"product","link":"https:\/\/industemp.com\/es\/producto\/broca-de-arrastre-pdc\/","title":{"rendered":"BROCA DE ARRASTRE PDC"},"content":{"rendered":"<p>Tama\u00f1o: 56 mm hasta 311 mm<\/p>\n<p>3 alas, 4 alas, 5 alas, 6 alas (cuchillas)<\/p>\n","protected":false},"excerpt":{"rendered":"<p>Broca de arrastre PDC para miner\u00eda, agua, construcci\u00f3n, geolog\u00eda.<\/p>\n","protected":false},"featured_media":7281,"template":"","meta":[],"product_brand":[],"product_cat":[161],"product_tag":[],"class_list":{"0":"post-7265","1":"product","2":"type-product","3":"status-publish","4":"has-post-thumbnail","6":"product_cat-trepanos-de-perforacion","8":"first","9":"instock","10":"shipping-taxable","11":"product-type-simple"},"_links":{"self":[{"href":"https:\/\/industemp.com\/es\/wp-json\/wp\/v2\/product\/7265","targetHints":{"allow":["GET"]}}],"collection":[{"href":"https:\/\/industemp.com\/es\/wp-json\/wp\/v2\/product"}],"about":[{"href":"https:\/\/industemp.com\/es\/wp-json\/wp\/v2\/types\/product"}],"wp:featuredmedia":[{"embeddable":true,"href":"https:\/\/industemp.com\/es\/wp-json\/wp\/v2\/media\/7281"}],"wp:attachment":[{"href":"https:\/\/industemp.com\/es\/wp-json\/wp\/v2\/media?parent=7265"}],"wp:term":[{"taxonomy":"product_brand","embeddable":true,"href":"https:\/\/industemp.com\/es\/wp-json\/wp\/v2\/product_brand?post=7265"},{"taxonomy":"product_cat","embeddable":true,"href":"https:\/\/industemp.com\/es\/wp-json\/wp\/v2\/product_cat?post=7265"},{"taxonomy":"product_tag","embeddable":true,"href":"https:\/\/industemp.com\/es\/wp-json\/wp\/v2\/product_tag?post=7265"}],"curies":[{"name":"wp","href":"https:\/\/api.w.org\/{rel}","templated":true}]}}