{"id":7273,"date":"2022-08-01T15:19:01","date_gmt":"2022-08-01T15:19:01","guid":{"rendered":"https:\/\/industemp.com\/product\/escariador-de-roca-abridor-de-agujeros\/"},"modified":"2022-08-01T15:19:01","modified_gmt":"2022-08-01T15:19:01","slug":"escariador-de-roca-abridor-de-agujeros","status":"publish","type":"product","link":"https:\/\/industemp.com\/es\/producto\/escariador-de-roca-abridor-de-agujeros\/","title":{"rendered":"ESCARIADOR DE ROCA \/ ABRIDOR DE AGUJEROS"},"content":{"rendered":"<p>Cono fijo o conos reemplazables<\/p>\n<p>Tama\u00f1o 8 pulgadas (200 mm)<\/p>\n<p>Cortadores: 3 piezas<\/p>\n<p>Tama\u00f1o del cortador: 5 1\/2 pulgadas<\/p>\n<p>Aplicaci\u00f3n: proyecto de perforaci\u00f3n direccional horizontal, sin zanja, sin excavaci\u00f3n<\/p>\n","protected":false},"excerpt":{"rendered":"<p>Abridor de agujeros HDD<\/p>\n<p>Escariador de rocas<\/p>\n","protected":false},"featured_media":7272,"template":"","meta":[],"product_brand":[],"product_cat":[161],"product_tag":[],"class_list":{"0":"post-7273","1":"product","2":"type-product","3":"status-publish","4":"has-post-thumbnail","6":"product_cat-trepanos-de-perforacion","8":"first","9":"instock","10":"shipping-taxable","11":"product-type-simple"},"_links":{"self":[{"href":"https:\/\/industemp.com\/es\/wp-json\/wp\/v2\/product\/7273","targetHints":{"allow":["GET"]}}],"collection":[{"href":"https:\/\/industemp.com\/es\/wp-json\/wp\/v2\/product"}],"about":[{"href":"https:\/\/industemp.com\/es\/wp-json\/wp\/v2\/types\/product"}],"wp:featuredmedia":[{"embeddable":true,"href":"https:\/\/industemp.com\/es\/wp-json\/wp\/v2\/media\/7272"}],"wp:attachment":[{"href":"https:\/\/industemp.com\/es\/wp-json\/wp\/v2\/media?parent=7273"}],"wp:term":[{"taxonomy":"product_brand","embeddable":true,"href":"https:\/\/industemp.com\/es\/wp-json\/wp\/v2\/product_brand?post=7273"},{"taxonomy":"product_cat","embeddable":true,"href":"https:\/\/industemp.com\/es\/wp-json\/wp\/v2\/product_cat?post=7273"},{"taxonomy":"product_tag","embeddable":true,"href":"https:\/\/industemp.com\/es\/wp-json\/wp\/v2\/product_tag?post=7273"}],"curies":[{"name":"wp","href":"https:\/\/api.w.org\/{rel}","templated":true}]}}