{"id":7400,"date":"2024-05-14T00:56:10","date_gmt":"2024-05-14T00:56:10","guid":{"rendered":"https:\/\/industemp.com\/product\/7400\/"},"modified":"2025-05-05T17:20:05","modified_gmt":"2025-05-05T17:20:05","slug":"racores-roscas-tapones","status":"publish","type":"product","link":"https:\/\/industemp.com\/es\/producto\/racores-roscas-tapones\/","title":{"rendered":"FITTINGS, ENTREROSCAS Y TAPONES"},"content":{"rendered":"<p>El fitting es un accesorio de compresi\u00f3n recto, est\u00e1 hecho de acero inoxidable AISI 316, sirve para conectar el tubo a una pieza roscada, este acoplamiento es para una conexi\u00f3n fija entre tuber\u00eda y tuber\u00eda de acero inoxidable. Un fitting de doble casquillo se conecta a la tuber\u00eda en un extremo para lograr un sello resistente a fugas en aplicaciones de alta presi\u00f3n, alto vac\u00edo y alta vibraci\u00f3n, y un conector macho NPT\/BSP en el otro extremo se conecta a una tuber\u00eda roscada.<\/p>\n<p>Estos accesorios de compresi\u00f3n no requieren herramientas ni selladores y son \u00fatiles en instalaciones, utilizan un sistema de tuerca y f\u00e9rula para unir el tubo a una pieza roscada.<\/p>\n<ul>\n<li>Roscas macho NPT\/BSP en un extremo y conexi\u00f3n de tubo en el otro.<\/li>\n<li>Acero inoxidable 316 para mayor resistencia y mayor resistencia a la corrosi\u00f3n.<\/li>\n<li>Construcci\u00f3n de doble virola para mayor resistencia a fugas.<\/li>\n<li>Como tiene una conexi\u00f3n de anillo de compresi\u00f3n, solo puede utilizarse una vez.<\/li>\n<\/ul>\n<p>&nbsp;<\/p>\n<p><img loading=\"lazy\" decoding=\"async\" class=\"alignnone wp-image-7605 size-full\" src=\"https:\/\/industemp.com\/wp-content\/uploads\/Fittings-TablaES2.jpg\" alt=\"\" width=\"650\" height=\"385\" srcset=\"https:\/\/industemp.com\/wp-content\/uploads\/Fittings-TablaES2.jpg 650w, https:\/\/industemp.com\/wp-content\/uploads\/Fittings-TablaES2-300x178.jpg 300w, https:\/\/industemp.com\/wp-content\/uploads\/Fittings-TablaES2-416x246.jpg 416w\" sizes=\"auto, (max-width: 650px) 100vw, 650px\" \/><\/p>\n<p><img loading=\"lazy\" decoding=\"async\" class=\"alignnone wp-image-7603 size-full\" src=\"https:\/\/industemp.com\/wp-content\/uploads\/Fittings-TablaES3.jpg\" alt=\"\" width=\"642\" height=\"929\" srcset=\"https:\/\/industemp.com\/wp-content\/uploads\/Fittings-TablaES3.jpg 642w, https:\/\/industemp.com\/wp-content\/uploads\/Fittings-TablaES3-207x300.jpg 207w, https:\/\/industemp.com\/wp-content\/uploads\/Fittings-TablaES3-416x602.jpg 416w\" sizes=\"auto, (max-width: 642px) 100vw, 642px\" \/><img loading=\"lazy\" decoding=\"async\" class=\"alignnone wp-image-7601 size-full\" src=\"https:\/\/industemp.com\/wp-content\/uploads\/Fittings-02-1024x675-1.jpg\" alt=\"\" width=\"1024\" height=\"675\" srcset=\"https:\/\/industemp.com\/wp-content\/uploads\/Fittings-02-1024x675-1.jpg 1024w, https:\/\/industemp.com\/wp-content\/uploads\/Fittings-02-1024x675-1-300x198.jpg 300w, https:\/\/industemp.com\/wp-content\/uploads\/Fittings-02-1024x675-1-768x506.jpg 768w, https:\/\/industemp.com\/wp-content\/uploads\/Fittings-02-1024x675-1-416x274.jpg 416w\" sizes=\"auto, (max-width: 1024px) 100vw, 1024px\" \/><\/p>\n<p><img loading=\"lazy\" decoding=\"async\" class=\"alignnone wp-image-7599 size-full\" src=\"https:\/\/industemp.com\/wp-content\/uploads\/Fittings-Double-BSP-1024x576-1.jpg\" alt=\"\" width=\"1024\" height=\"576\" srcset=\"https:\/\/industemp.com\/wp-content\/uploads\/Fittings-Double-BSP-1024x576-1.jpg 1024w, https:\/\/industemp.com\/wp-content\/uploads\/Fittings-Double-BSP-1024x576-1-300x169.jpg 300w, https:\/\/industemp.com\/wp-content\/uploads\/Fittings-Double-BSP-1024x576-1-768x432.jpg 768w, https:\/\/industemp.com\/wp-content\/uploads\/Fittings-Double-BSP-1024x576-1-416x234.jpg 416w\" sizes=\"auto, (max-width: 1024px) 100vw, 1024px\" \/><\/p>\n<p>&nbsp;<\/p>\n<p><img loading=\"lazy\" decoding=\"async\" class=\"alignnone wp-image-7597 size-full\" src=\"https:\/\/industemp.com\/wp-content\/uploads\/Fittings-NPT-1024x576-1.jpg\" alt=\"\" width=\"1024\" height=\"576\" srcset=\"https:\/\/industemp.com\/wp-content\/uploads\/Fittings-NPT-1024x576-1.jpg 1024w, https:\/\/industemp.com\/wp-content\/uploads\/Fittings-NPT-1024x576-1-300x169.jpg 300w, https:\/\/industemp.com\/wp-content\/uploads\/Fittings-NPT-1024x576-1-768x432.jpg 768w, https:\/\/industemp.com\/wp-content\/uploads\/Fittings-NPT-1024x576-1-416x234.jpg 416w\" sizes=\"auto, (max-width: 1024px) 100vw, 1024px\" \/><\/p>\n<p><img loading=\"lazy\" decoding=\"async\" class=\"alignnone wp-image-7595 size-full\" src=\"https:\/\/industemp.com\/wp-content\/uploads\/Fittings-Single-thread-1024x576-1.jpg\" alt=\"\" width=\"1024\" height=\"576\" srcset=\"https:\/\/industemp.com\/wp-content\/uploads\/Fittings-Single-thread-1024x576-1.jpg 1024w, https:\/\/industemp.com\/wp-content\/uploads\/Fittings-Single-thread-1024x576-1-300x169.jpg 300w, https:\/\/industemp.com\/wp-content\/uploads\/Fittings-Single-thread-1024x576-1-768x432.jpg 768w, https:\/\/industemp.com\/wp-content\/uploads\/Fittings-Single-thread-1024x576-1-416x234.jpg 416w\" sizes=\"auto, (max-width: 1024px) 100vw, 1024px\" \/><\/p>\n<ul>\n<li>Accesorios pasantes<\/li>\n<li>Todas las roscas NPT se cortan en centros de torneado CNC; las roscas laminadas son opcionales con un peque\u00f1o aumento de precio<\/li>\n<li>Los orificios de los cuerpos de los accesorios de compresi\u00f3n se perforan y luego se escaria para dar un acabado interno suave y dimensiones precisas.<\/li>\n<li>Los asientos de la f\u00e9rula est\u00e1n pulidos para garantizar un asentamiento preciso.<\/li>\n<li>Casquillos y tuercas SS316 de repuesto disponibles<\/li>\n<li>Otros tama\u00f1os, incluido el m\u00e9trico, est\u00e1n disponibles a pedido.<\/li>\n<li>Accesorios de casquillo simple: comparar con Parker<\/li>\n<li>Accesorios de doble f\u00e9rula: comparar con Swagelok<\/li>\n<\/ul>\n<p>&nbsp;<\/p>\n<p>&nbsp;<\/p>\n<p>&nbsp;<\/p>\n<p>&nbsp;<\/p>\n","protected":false},"excerpt":{"rendered":"<p>SS304, SS316, Acero<br \/>\nFittings , entreroscas y tapones<br \/>\nTodos los tama\u00f1os disponibles<br \/>\nMuestra disponible<br \/>\nPersonalizaci\u00f3n disponible<\/p>\n","protected":false},"featured_media":7587,"template":"","meta":[],"product_brand":[],"product_cat":[171],"product_tag":[],"class_list":{"0":"post-7400","1":"product","2":"type-product","3":"status-publish","4":"has-post-thumbnail","6":"product_cat-fittings-entreroscas-y-tapones","8":"first","9":"instock","10":"shipping-taxable","11":"product-type-simple"},"_links":{"self":[{"href":"https:\/\/industemp.com\/es\/wp-json\/wp\/v2\/product\/7400","targetHints":{"allow":["GET"]}}],"collection":[{"href":"https:\/\/industemp.com\/es\/wp-json\/wp\/v2\/product"}],"about":[{"href":"https:\/\/industemp.com\/es\/wp-json\/wp\/v2\/types\/product"}],"wp:featuredmedia":[{"embeddable":true,"href":"https:\/\/industemp.com\/es\/wp-json\/wp\/v2\/media\/7587"}],"wp:attachment":[{"href":"https:\/\/industemp.com\/es\/wp-json\/wp\/v2\/media?parent=7400"}],"wp:term":[{"taxonomy":"product_brand","embeddable":true,"href":"https:\/\/industemp.com\/es\/wp-json\/wp\/v2\/product_brand?post=7400"},{"taxonomy":"product_cat","embeddable":true,"href":"https:\/\/industemp.com\/es\/wp-json\/wp\/v2\/product_cat?post=7400"},{"taxonomy":"product_tag","embeddable":true,"href":"https:\/\/industemp.com\/es\/wp-json\/wp\/v2\/product_tag?post=7400"}],"curies":[{"name":"wp","href":"https:\/\/api.w.org\/{rel}","templated":true}]}}