{"id":7402,"date":"2024-05-13T23:55:44","date_gmt":"2024-05-13T23:55:44","guid":{"rendered":"https:\/\/industemp.com\/product\/7402\/"},"modified":"2024-05-16T13:46:41","modified_gmt":"2024-05-16T13:46:41","slug":"7402","status":"publish","type":"product","link":"https:\/\/industemp.com\/es\/producto\/7402\/","title":{"rendered":"Calentador cer\u00e1mico por infrarrojos"},"content":{"rendered":"<p>El calentador cer\u00e1mico IR est\u00e1 hecho de esmalte de alta radiaci\u00f3n, buena cer\u00e1mica de agitaci\u00f3n en caliente y resistencia de alta calidad.<br \/>\nSon calentadores eficientes y robustos que proporcionan radiaci\u00f3n infrarroja de onda larga.<br \/>\nEl calentador de cer\u00e1mica por infrarrojos tiene muchos tipos de formas, como plana, de arco, cuadrada y tipo bombilla.<\/p>\n<p>Caracter\u00edsticas:<\/p>\n<p>1. Densidad de potencia: 3w\/cm2 (Tolerancia: \u00b12%).<br \/>\n3. Temperatura m\u00e1xima de salida: 1292 \u2109 (700 \u2103).<br \/>\n4. Color: Blanco\/Negro\/Amarillo.<br \/>\n5. Voltaje est\u00e1ndar: 120V\/ 220V\/ 230V\/ 240V\/ 480V.<br \/>\n6. Vida laboral m\u00e1s de 10000 horas.<br \/>\n7. Con o Sin Termopar.<br \/>\n8. Alta tecnolog\u00eda\/Excelente capacidad\/F\u00e1cil instalaci\u00f3n\/Uso seguro\/Larga vida \u00fatil.<\/p>\n","protected":false},"excerpt":{"rendered":"<p>El calentador cer\u00e1mico IR est\u00e1 hecho de esmalte de alta radiaci\u00f3n, buena cer\u00e1mica de agitaci\u00f3n en caliente y resistencia de alta calidad. Son calentadores eficientes y robustos que proporcionan radiaci\u00f3n infrarroja de onda larga. El calentador de cer\u00e1mica por infrarrojos tiene muchos tipos de formas, como plana, de arco, cuadrada y tipo bombilla. Caracter\u00edsticas: 1. [&hellip;]<\/p>\n","protected":false},"featured_media":7378,"template":"","meta":[],"product_brand":[],"product_cat":[68],"product_tag":[],"class_list":{"0":"post-7402","1":"product","2":"type-product","3":"status-publish","4":"has-post-thumbnail","6":"product_cat-calefactores","8":"first","9":"instock","10":"shipping-taxable","11":"product-type-simple"},"_links":{"self":[{"href":"https:\/\/industemp.com\/es\/wp-json\/wp\/v2\/product\/7402","targetHints":{"allow":["GET"]}}],"collection":[{"href":"https:\/\/industemp.com\/es\/wp-json\/wp\/v2\/product"}],"about":[{"href":"https:\/\/industemp.com\/es\/wp-json\/wp\/v2\/types\/product"}],"wp:featuredmedia":[{"embeddable":true,"href":"https:\/\/industemp.com\/es\/wp-json\/wp\/v2\/media\/7378"}],"wp:attachment":[{"href":"https:\/\/industemp.com\/es\/wp-json\/wp\/v2\/media?parent=7402"}],"wp:term":[{"taxonomy":"product_brand","embeddable":true,"href":"https:\/\/industemp.com\/es\/wp-json\/wp\/v2\/product_brand?post=7402"},{"taxonomy":"product_cat","embeddable":true,"href":"https:\/\/industemp.com\/es\/wp-json\/wp\/v2\/product_cat?post=7402"},{"taxonomy":"product_tag","embeddable":true,"href":"https:\/\/industemp.com\/es\/wp-json\/wp\/v2\/product_tag?post=7402"}],"curies":[{"name":"wp","href":"https:\/\/api.w.org\/{rel}","templated":true}]}}