{"id":7405,"date":"2024-05-13T23:50:31","date_gmt":"2024-05-13T23:50:31","guid":{"rendered":"https:\/\/industemp.com\/product\/7405\/"},"modified":"2024-05-16T13:47:52","modified_gmt":"2024-05-16T13:47:52","slug":"7405","status":"publish","type":"product","link":"https:\/\/industemp.com\/es\/producto\/7405\/","title":{"rendered":"Calentador Tubular"},"content":{"rendered":"<p>Los calentadores tubulares pueden tener cualquier forma que se personalice seg\u00fan los requisitos del cliente para la inmersi\u00f3n directa en l\u00edquidos como<br \/>\nagua\/aceites\/disolventes\/soluciones y materiales fundidos\/aire. Los calentadores tubulares se pueden utilizar en cualquier aplicaci\u00f3n. El tubular recto puede ser<br \/>\ninsertado en ranuras mecanizadas para transferencia de calor conductivo y tubular formado proporciona calor constante en cualquier tipo de especial<br \/>\nsolicitud. \u00c1reas de aplicaci\u00f3n: Maquinaria de procesamiento de pl\u00e1stico; Industria de la ingenieria; Maquinaria de paqueteria; fabricaci\u00f3n de zapatos<br \/>\nmaquinarias; Equipos de Fundici\u00f3n; Calefacci\u00f3n superficial radiante; Sistemas de moldes de canal caliente, etc.<\/p>\n<p>Caracter\u00edsticas:<\/p>\n<p>1. Hay disponibles modelos est\u00e1ndar y personalizados, como calentador de brida de inmersi\u00f3n\/calentador de tornillo\/calentador a prueba de explosiones.<br \/>\n2. Hay varias formas y tama\u00f1os disponibles. Est\u00e1ndares O.D: 6 mm, 8 mm, 11 mm, 12,5 mm, 16 mm, 18 mm.<br \/>\n3. Materiales de la funda: SS304\/SS321\/SS316\/Cobre\/Titanio\/Inc600\/Incl800.<br \/>\n4. Se encuentran disponibles todo tipo de formas de conexi\u00f3n.<br \/>\n5. Duradero y de larga duraci\u00f3n<\/p>\n","protected":false},"excerpt":{"rendered":"<p>Los calentadores tubulares pueden tener cualquier forma que se personalice seg\u00fan los requisitos del cliente para la inmersi\u00f3n directa en l\u00edquidos como agua\/aceites\/disolventes\/soluciones y materiales fundidos\/aire. Los calentadores tubulares se pueden utilizar en cualquier aplicaci\u00f3n. El tubular recto puede ser insertado en ranuras mecanizadas para transferencia de calor conductivo y tubular formado proporciona calor constante [&hellip;]<\/p>\n","protected":false},"featured_media":7354,"template":"","meta":[],"product_brand":[],"product_cat":[68],"product_tag":[],"class_list":{"0":"post-7405","1":"product","2":"type-product","3":"status-publish","4":"has-post-thumbnail","6":"product_cat-calefactores","8":"first","9":"instock","10":"shipping-taxable","11":"product-type-simple"},"_links":{"self":[{"href":"https:\/\/industemp.com\/es\/wp-json\/wp\/v2\/product\/7405","targetHints":{"allow":["GET"]}}],"collection":[{"href":"https:\/\/industemp.com\/es\/wp-json\/wp\/v2\/product"}],"about":[{"href":"https:\/\/industemp.com\/es\/wp-json\/wp\/v2\/types\/product"}],"wp:featuredmedia":[{"embeddable":true,"href":"https:\/\/industemp.com\/es\/wp-json\/wp\/v2\/media\/7354"}],"wp:attachment":[{"href":"https:\/\/industemp.com\/es\/wp-json\/wp\/v2\/media?parent=7405"}],"wp:term":[{"taxonomy":"product_brand","embeddable":true,"href":"https:\/\/industemp.com\/es\/wp-json\/wp\/v2\/product_brand?post=7405"},{"taxonomy":"product_cat","embeddable":true,"href":"https:\/\/industemp.com\/es\/wp-json\/wp\/v2\/product_cat?post=7405"},{"taxonomy":"product_tag","embeddable":true,"href":"https:\/\/industemp.com\/es\/wp-json\/wp\/v2\/product_tag?post=7405"}],"curies":[{"name":"wp","href":"https:\/\/api.w.org\/{rel}","templated":true}]}}