{"id":7407,"date":"2024-05-13T23:47:21","date_gmt":"2024-05-13T23:47:21","guid":{"rendered":"https:\/\/industemp.com\/product\/7407\/"},"modified":"2024-05-16T13:48:15","modified_gmt":"2024-05-16T13:48:15","slug":"7407","status":"publish","type":"product","link":"https:\/\/industemp.com\/es\/producto\/7407\/","title":{"rendered":"Calentador de silicona"},"content":{"rendered":"<p>Calentador de silicona (l\u00e1mina calefactora de silicona, caucho de silicona, placa calefactora de pel\u00edcula electrot\u00e9rmica de caucho de silicona, etc.), capa aislante de caucho de silicona<br \/>\nEst\u00e1 hecho de caucho de silicona y tela de fibra de vidrio, es una l\u00e1mina compuesta (el espesor est\u00e1ndar es de 1,5 mm), tiene buena flexibilidad y puede ser<br \/>\nasociado con un objeto a calentar hay un contacto cercano; Los elementos calefactores de la forma de procesamiento de l\u00e1minas de aleaci\u00f3n de n\u00edquel, la potencia de calentamiento puede<br \/>\nalcanza los 2,1 W\/CM2, calentamiento m\u00e1s uniforme. De esta forma podemos realizar el traslado de la calefacci\u00f3n a cualquier lugar.<\/p>\n<p>Caracter\u00edsticas:<\/p>\n<p>1. Temperatura m\u00e1xima resistente al aislamiento: 200 \u2103<br \/>\n2.La mejor temperatura de trabajo continuo es de 150 \u2103, la temperatura m\u00e1xima es de 230 \u2103 moment\u00e1neamente<br \/>\n3.Desviaci\u00f3n de potencia: 8% Resistencia de aislamiento: \u22655 M\u03a9<br \/>\n4.Resistencia a la compresi\u00f3n: 1500V\/5S<br \/>\n5.Dimensi\u00f3n est\u00e1ndar: Ancho: 20 mm ~ 1000 mm; Longitud: 25 mm ~ 1000 mm; longitud del cable: 200 mm<br \/>\n6. Difusi\u00f3n r\u00e1pida del calor, transferencia de calor uniforme, calentar directamente los objetos; alta eficiencia t\u00e9rmica, alta resistencia, larga vida \u00fatil, trabajo seguro<\/p>\n","protected":false},"excerpt":{"rendered":"<p>Calentador de silicona (l\u00e1mina calefactora de silicona, caucho de silicona, placa calefactora de pel\u00edcula electrot\u00e9rmica de caucho de silicona, etc.), capa aislante de caucho de silicona Est\u00e1 hecho de caucho de silicona y tela de fibra de vidrio, es una l\u00e1mina compuesta (el espesor est\u00e1ndar es de 1,5 mm), tiene buena flexibilidad y puede ser [&hellip;]<\/p>\n","protected":false},"featured_media":7351,"template":"","meta":[],"product_brand":[],"product_cat":[68],"product_tag":[],"class_list":{"0":"post-7407","1":"product","2":"type-product","3":"status-publish","4":"has-post-thumbnail","6":"product_cat-calefactores","8":"first","9":"instock","10":"shipping-taxable","11":"product-type-simple"},"_links":{"self":[{"href":"https:\/\/industemp.com\/es\/wp-json\/wp\/v2\/product\/7407","targetHints":{"allow":["GET"]}}],"collection":[{"href":"https:\/\/industemp.com\/es\/wp-json\/wp\/v2\/product"}],"about":[{"href":"https:\/\/industemp.com\/es\/wp-json\/wp\/v2\/types\/product"}],"wp:featuredmedia":[{"embeddable":true,"href":"https:\/\/industemp.com\/es\/wp-json\/wp\/v2\/media\/7351"}],"wp:attachment":[{"href":"https:\/\/industemp.com\/es\/wp-json\/wp\/v2\/media?parent=7407"}],"wp:term":[{"taxonomy":"product_brand","embeddable":true,"href":"https:\/\/industemp.com\/es\/wp-json\/wp\/v2\/product_brand?post=7407"},{"taxonomy":"product_cat","embeddable":true,"href":"https:\/\/industemp.com\/es\/wp-json\/wp\/v2\/product_cat?post=7407"},{"taxonomy":"product_tag","embeddable":true,"href":"https:\/\/industemp.com\/es\/wp-json\/wp\/v2\/product_tag?post=7407"}],"curies":[{"name":"wp","href":"https:\/\/api.w.org\/{rel}","templated":true}]}}