{"id":7409,"date":"2024-05-13T23:46:20","date_gmt":"2024-05-13T23:46:20","guid":{"rendered":"https:\/\/industemp.com\/product\/7409\/"},"modified":"2024-05-16T13:48:39","modified_gmt":"2024-05-16T13:48:39","slug":"7409","status":"publish","type":"product","link":"https:\/\/industemp.com\/es\/producto\/7409\/","title":{"rendered":"Calentador de bobina"},"content":{"rendered":"<p>Los calentadores de bobina de canal caliente est\u00e1n hechos de alambre de resistencia de n\u00edquel-cromo colocado dentro de un tubo de acero de cromo-n\u00edquel lleno de polvo de MgO y<br \/>\ncompactado para una transferencia de calor m\u00e1s r\u00e1pida y eficiente. Los calentadores de canal caliente est\u00e1n recocidos para adquirir maleabilidad y poder doblarlos en cualquier forma. I<br \/>\nTambi\u00e9n se encuentran disponibles calentadores de bobina de moldeo por inyecci\u00f3n con termopar.<br \/>\nPuede usarse en sistemas de canal caliente, industria del pl\u00e1stico, maquinaria de embalaje, equipos m\u00e9dicos, procesos de fundici\u00f3n y otras industrias de calefacci\u00f3n el\u00e9ctrica.<\/p>\n","protected":false},"excerpt":{"rendered":"<p>Los calentadores de bobina de canal caliente est\u00e1n hechos de alambre de resistencia de n\u00edquel-cromo colocado dentro de un tubo de acero de cromo-n\u00edquel lleno de polvo de MgO y compactado para una transferencia de calor m\u00e1s r\u00e1pida y eficiente. Los calentadores de canal caliente est\u00e1n recocidos para adquirir maleabilidad y poder doblarlos en cualquier [&hellip;]<\/p>\n","protected":false},"featured_media":7338,"template":"","meta":[],"product_brand":[],"product_cat":[68],"product_tag":[],"class_list":{"0":"post-7409","1":"product","2":"type-product","3":"status-publish","4":"has-post-thumbnail","6":"product_cat-calefactores","8":"first","9":"instock","10":"shipping-taxable","11":"product-type-simple"},"_links":{"self":[{"href":"https:\/\/industemp.com\/es\/wp-json\/wp\/v2\/product\/7409","targetHints":{"allow":["GET"]}}],"collection":[{"href":"https:\/\/industemp.com\/es\/wp-json\/wp\/v2\/product"}],"about":[{"href":"https:\/\/industemp.com\/es\/wp-json\/wp\/v2\/types\/product"}],"wp:featuredmedia":[{"embeddable":true,"href":"https:\/\/industemp.com\/es\/wp-json\/wp\/v2\/media\/7338"}],"wp:attachment":[{"href":"https:\/\/industemp.com\/es\/wp-json\/wp\/v2\/media?parent=7409"}],"wp:term":[{"taxonomy":"product_brand","embeddable":true,"href":"https:\/\/industemp.com\/es\/wp-json\/wp\/v2\/product_brand?post=7409"},{"taxonomy":"product_cat","embeddable":true,"href":"https:\/\/industemp.com\/es\/wp-json\/wp\/v2\/product_cat?post=7409"},{"taxonomy":"product_tag","embeddable":true,"href":"https:\/\/industemp.com\/es\/wp-json\/wp\/v2\/product_tag?post=7409"}],"curies":[{"name":"wp","href":"https:\/\/api.w.org\/{rel}","templated":true}]}}