{"id":7410,"date":"2024-05-13T23:44:24","date_gmt":"2024-05-13T23:44:24","guid":{"rendered":"https:\/\/industemp.com\/product\/7410\/"},"modified":"2024-05-16T13:49:02","modified_gmt":"2024-05-16T13:49:02","slug":"7410","status":"publish","type":"product","link":"https:\/\/industemp.com\/es\/producto\/7410\/","title":{"rendered":"Calentador de cuarzo"},"content":{"rendered":"<p>El tubo calentador de cuarzo de rayos infrarrojos tiene diferentes tipos, como el tubo calentador de cuarzo com\u00fan, el tubo calentador hal\u00f3geno y el tubo calentador de cuarzo de fibra de cart\u00f3n.<br \/>\nEl tubo calentador de cuarzo com\u00fan est\u00e1 hecho de un tubo de vidrio de cuarzo transparente o lechoso de tecnolog\u00eda especial y alambre de aleaci\u00f3n de resistencia como unidad de calentamiento.<br \/>\nDebido al tubo de pared de alta temperatura, s\u00f3lo es adecuado para calentamiento a distancias cortas.<br \/>\nTubo calefactor de cuarzo hal\u00f3geno, es un soplo de alambre de tungsteno en un tubo de cuarzo, a trav\u00e9s del cable de la l\u00e1mpara y la carcasa se enciende, el rango de luz es de 2400 ~ 3500 km.<br \/>\npertenece al tubo de calentamiento al vac\u00edo.<br \/>\nEl tubo calentador de cuarzo de fibra de carbono est\u00e1 hecho de resistencia al calentamiento de fibra de carbono.<\/p>\n","protected":false},"excerpt":{"rendered":"<p>El tubo calentador de cuarzo de rayos infrarrojos tiene diferentes tipos, como el tubo calentador de cuarzo com\u00fan, el tubo calentador hal\u00f3geno y el tubo calentador de cuarzo de fibra de cart\u00f3n. El tubo calentador de cuarzo com\u00fan est\u00e1 hecho de un tubo de vidrio de cuarzo transparente o lechoso de tecnolog\u00eda especial y alambre [&hellip;]<\/p>\n","protected":false},"featured_media":7325,"template":"","meta":[],"product_brand":[],"product_cat":[68],"product_tag":[],"class_list":{"0":"post-7410","1":"product","2":"type-product","3":"status-publish","4":"has-post-thumbnail","6":"product_cat-calefactores","8":"first","9":"instock","10":"shipping-taxable","11":"product-type-simple"},"_links":{"self":[{"href":"https:\/\/industemp.com\/es\/wp-json\/wp\/v2\/product\/7410","targetHints":{"allow":["GET"]}}],"collection":[{"href":"https:\/\/industemp.com\/es\/wp-json\/wp\/v2\/product"}],"about":[{"href":"https:\/\/industemp.com\/es\/wp-json\/wp\/v2\/types\/product"}],"wp:featuredmedia":[{"embeddable":true,"href":"https:\/\/industemp.com\/es\/wp-json\/wp\/v2\/media\/7325"}],"wp:attachment":[{"href":"https:\/\/industemp.com\/es\/wp-json\/wp\/v2\/media?parent=7410"}],"wp:term":[{"taxonomy":"product_brand","embeddable":true,"href":"https:\/\/industemp.com\/es\/wp-json\/wp\/v2\/product_brand?post=7410"},{"taxonomy":"product_cat","embeddable":true,"href":"https:\/\/industemp.com\/es\/wp-json\/wp\/v2\/product_cat?post=7410"},{"taxonomy":"product_tag","embeddable":true,"href":"https:\/\/industemp.com\/es\/wp-json\/wp\/v2\/product_tag?post=7410"}],"curies":[{"name":"wp","href":"https:\/\/api.w.org\/{rel}","templated":true}]}}