{"id":7412,"date":"2024-05-13T23:36:38","date_gmt":"2024-05-13T23:36:38","guid":{"rendered":"https:\/\/industemp.com\/product\/7412\/"},"modified":"2024-05-16T13:49:28","modified_gmt":"2024-05-16T13:49:28","slug":"7412","status":"publish","type":"product","link":"https:\/\/industemp.com\/es\/producto\/7412\/","title":{"rendered":"Calentador de cartucho para coche"},"content":{"rendered":"<p>El calentador de cartucho es un elemento calefactor el\u00e9ctrico. Normalmente lo usamos para calentar s\u00f3lidos como prensas de inyecci\u00f3n, placas calefactoras o tipos de herramientas,<br \/>\nTambi\u00e9n se pueden utilizar para calentar agua o gases bajo ciertas condiciones. Ampliamente utilizados para la fabricaci\u00f3n de piezas de pl\u00e1stico y caucho en la industria automovil\u00edstica o en la industria de procesamiento de alimentos, etc., tambi\u00e9n se encuentran com\u00fanmente en las industrias qu\u00edmica, electr\u00f3nica, de equipos m\u00e9dicos, de embalaje y nuclear.<\/p>\n<p>Caracter\u00edsticas:<\/p>\n<p>1. Di\u00e1metro del tubo: &amp;Phi;3mm- &amp;Phi;30mm<br \/>\n2. Material del tubo: SS304\/SS316\/SS321\/NICOLOY800, etc.<br \/>\n3. Material de aislamiento: MgO de alta pureza<\/p>\n<p>4. Elemento de alambre de resistencia: Ni-Cr o FeCr<\/p>\n<p>5. Forma de conexi\u00f3n del cable conductor: externa o interna<br \/>\n6. Longitud del cable conductor: est\u00e1ndar de fibra de vidrio de 10\u00bb (material del cable: tefl\u00f3n\/silicona\/FG)<\/p>\n","protected":false},"excerpt":{"rendered":"<p>El calentador de cartucho es un elemento calefactor el\u00e9ctrico. Normalmente lo usamos para calentar s\u00f3lidos como prensas de inyecci\u00f3n, placas calefactoras o tipos de herramientas, Tambi\u00e9n se pueden utilizar para calentar agua o gases bajo ciertas condiciones. Ampliamente utilizados para la fabricaci\u00f3n de piezas de pl\u00e1stico y caucho en la industria automovil\u00edstica o en la [&hellip;]<\/p>\n","protected":false},"featured_media":7316,"template":"","meta":[],"product_brand":[],"product_cat":[68],"product_tag":[],"class_list":{"0":"post-7412","1":"product","2":"type-product","3":"status-publish","4":"has-post-thumbnail","6":"product_cat-calefactores","8":"first","9":"instock","10":"shipping-taxable","11":"product-type-simple"},"_links":{"self":[{"href":"https:\/\/industemp.com\/es\/wp-json\/wp\/v2\/product\/7412","targetHints":{"allow":["GET"]}}],"collection":[{"href":"https:\/\/industemp.com\/es\/wp-json\/wp\/v2\/product"}],"about":[{"href":"https:\/\/industemp.com\/es\/wp-json\/wp\/v2\/types\/product"}],"wp:featuredmedia":[{"embeddable":true,"href":"https:\/\/industemp.com\/es\/wp-json\/wp\/v2\/media\/7316"}],"wp:attachment":[{"href":"https:\/\/industemp.com\/es\/wp-json\/wp\/v2\/media?parent=7412"}],"wp:term":[{"taxonomy":"product_brand","embeddable":true,"href":"https:\/\/industemp.com\/es\/wp-json\/wp\/v2\/product_brand?post=7412"},{"taxonomy":"product_cat","embeddable":true,"href":"https:\/\/industemp.com\/es\/wp-json\/wp\/v2\/product_cat?post=7412"},{"taxonomy":"product_tag","embeddable":true,"href":"https:\/\/industemp.com\/es\/wp-json\/wp\/v2\/product_tag?post=7412"}],"curies":[{"name":"wp","href":"https:\/\/api.w.org\/{rel}","templated":true}]}}