{"id":7414,"date":"2024-05-13T23:30:46","date_gmt":"2024-05-13T23:30:46","guid":{"rendered":"https:\/\/industemp.com\/product\/7414\/"},"modified":"2024-05-16T13:49:55","modified_gmt":"2024-05-16T13:49:55","slug":"7414","status":"publish","type":"product","link":"https:\/\/industemp.com\/es\/producto\/7414\/","title":{"rendered":"Calentador de cartucho"},"content":{"rendered":"<p>El calentador de cartucho es un elemento calefactor el\u00e9ctrico. Normalmente lo usamos para calentar s\u00f3lidos como prensas de inyecci\u00f3n, placas calefactoras o tipos de herramientas,<br \/>\nTambi\u00e9n se pueden utilizar para calentar agua o gases bajo ciertas condiciones. Ampliamente utilizado para la fabricaci\u00f3n de piezas de pl\u00e1stico y caucho en el autom\u00f3vil.<br \/>\nTambi\u00e9n se encuentran com\u00fanmente en las industrias qu\u00edmica, electr\u00f3nica, de equipos m\u00e9dicos, de embalaje y nuclear.<\/p>\n<p>Caracter\u00edsticas:<\/p>\n<p>1. Di\u00e1metro del tubo: \u03a63mm- \u03a630mm<br \/>\n2. Material del tubo: SS304\/SS316\/SS321\/NICOLOY800, etc.<br \/>\n3. Material de aislamiento: MgO de alta pureza 4. Elemento de alambre de resistencia: Ni-Cr o FeCr<br \/>\n5. Forma de conexi\u00f3n del cable conductor: externa o interna<br \/>\n6. Longitud del cable conductor: est\u00e1ndar de fibra de vidrio de 10\u00bb (material del cable: tefl\u00f3n\/silicona\/FG)<\/p>\n","protected":false},"excerpt":{"rendered":"<p>El calentador de cartucho es un elemento calefactor el\u00e9ctrico. Normalmente lo usamos para calentar s\u00f3lidos como prensas de inyecci\u00f3n, placas calefactoras o tipos de herramientas, Tambi\u00e9n se pueden utilizar para calentar agua o gases bajo ciertas condiciones. Ampliamente utilizado para la fabricaci\u00f3n de piezas de pl\u00e1stico y caucho en el autom\u00f3vil. Tambi\u00e9n se encuentran com\u00fanmente [&hellip;]<\/p>\n","protected":false},"featured_media":7303,"template":"","meta":[],"product_brand":[],"product_cat":[68],"product_tag":[],"class_list":{"0":"post-7414","1":"product","2":"type-product","3":"status-publish","4":"has-post-thumbnail","6":"product_cat-calefactores","8":"first","9":"instock","10":"shipping-taxable","11":"product-type-simple"},"_links":{"self":[{"href":"https:\/\/industemp.com\/es\/wp-json\/wp\/v2\/product\/7414","targetHints":{"allow":["GET"]}}],"collection":[{"href":"https:\/\/industemp.com\/es\/wp-json\/wp\/v2\/product"}],"about":[{"href":"https:\/\/industemp.com\/es\/wp-json\/wp\/v2\/types\/product"}],"wp:featuredmedia":[{"embeddable":true,"href":"https:\/\/industemp.com\/es\/wp-json\/wp\/v2\/media\/7303"}],"wp:attachment":[{"href":"https:\/\/industemp.com\/es\/wp-json\/wp\/v2\/media?parent=7414"}],"wp:term":[{"taxonomy":"product_brand","embeddable":true,"href":"https:\/\/industemp.com\/es\/wp-json\/wp\/v2\/product_brand?post=7414"},{"taxonomy":"product_cat","embeddable":true,"href":"https:\/\/industemp.com\/es\/wp-json\/wp\/v2\/product_cat?post=7414"},{"taxonomy":"product_tag","embeddable":true,"href":"https:\/\/industemp.com\/es\/wp-json\/wp\/v2\/product_tag?post=7414"}],"curies":[{"name":"wp","href":"https:\/\/api.w.org\/{rel}","templated":true}]}}